{"id":4465,"date":"2022-11-14T23:22:27","date_gmt":"2022-11-14T22:22:27","guid":{"rendered":"https:\/\/blendtec.si\/izdelek\/total-blender-crne-barve\/"},"modified":"2023-06-13T11:04:46","modified_gmt":"2023-06-13T09:04:46","slug":"frullatore-total-nero","status":"publish","type":"product","link":"https:\/\/blendtec.si\/it\/articolo\/frullatore-total-nero\/","title":{"rendered":"Frullatore Total &#8211; nero"},"content":{"rendered":"<div class=\"fusion-fullwidth fullwidth-box fusion-builder-row-1 fusion-flex-container nonhundred-percent-fullwidth non-hundred-percent-height-scrolling\" style=\"--awb-border-radius-top-left:0px;--awb-border-radius-top-right:0px;--awb-border-radius-bottom-right:0px;--awb-border-radius-bottom-left:0px;--awb-padding-bottom:0%;--awb-margin-bottom:0px;--awb-flex-wrap:wrap;\" ><div class=\"fusion-builder-row fusion-row fusion-flex-align-items-flex-start fusion-flex-content-wrap\" style=\"max-width:1305.6px;margin-left: calc(-2% \/ 2 );margin-right: calc(-2% \/ 2 );\"><div class=\"fusion-layout-column fusion_builder_column fusion-builder-column-0 fusion_builder_column_1_1 1_1 fusion-flex-column\" style=\"--awb-bg-blend:overlay;--awb-bg-size:cover;--awb-width-large:100%;--awb-margin-top-large:20px;--awb-spacing-right-large:0.98%;--awb-margin-bottom-large:0%;--awb-spacing-left-large:0.98%;--awb-width-medium:100%;--awb-spacing-right-medium:0.98%;--awb-spacing-left-medium:0.98%;--awb-width-small:100%;--awb-spacing-right-small:0.98%;--awb-spacing-left-small:0.98%;\"><div class=\"fusion-column-wrapper fusion-column-has-shadow fusion-flex-justify-content-flex-start fusion-content-layout-column\"><div class=\"fusion-text fusion-text-1\"><p>BLENDTEC TOTAL BLENDER \u00e8 un mixer da cucina professionale riconosciuto a livello mondiale, il pi\u00f9 potente e il migliore, con una potenza di 1560 W, che ti consente di preparare bevande biologiche e fresche, succhi verdi densi, frullati, succhi di frutta e verdura, gelati fatti in casa, cappuccino, salse, condimenti, impasti per il pane, frutta secca macinata, burro di frutta secca e molto altro. \u00c8 uno strumento indispensabile per la creazione di piatti freschi, crudisti e vegani. Il frullatore pu\u00f2 essere utilizzato per preparare zuppe, dessert e piatti decadenti. Grazie al suo design elegante, si adatta perfettamente alle cucine moderne. A causa delle sue dimensioni ridotte e del design elegante, pu\u00f2 essere posizionato sul piano della cucina sotto l&#8217;armadio.<\/p>\n<p>Il frullatore Blendtec \u00e8 caratterizzato da una potenza unica &#8211; 1560W (il frullatore pi\u00f9 potente sul mercato!) &#8211; con macchina in corrente continua (DC motor), 37 000 giri\/min<\/p>\n<\/div><div class=\"fusion-title title fusion-title-1 fusion-sep-none fusion-title-text fusion-title-size-four\" style=\"--awb-text-color:var(--awb-custom_color_2);--awb-margin-top:0px;--awb-margin-bottom:0px;\"><h4 class=\"fusion-title-heading title-heading-left fusion-responsive-typography-calculated\" style=\"margin:0;text-transform:none;--fontSize:20;--minFontSize:20;line-height:1.5;\"><span data-sheets-value=\"{&quot;1&quot;:2,&quot;2&quot;:&quot;Caratteristiche:&quot;}\" data-sheets-userformat=\"{&quot;2&quot;:897,&quot;3&quot;:{&quot;1&quot;:0},&quot;10&quot;:0,&quot;11&quot;:4,&quot;12&quot;:0}\">Caratteristiche:<\/span><\/h4><\/div><div class=\"fusion-text fusion-text-2\"><ul>\n<li>Il volume della caraffa: la caraffa WildSide+ di Blendtec ha una capacit\u00e0 di 2,7 litri (privo di BPA, senza bisfenolo-A) WILDSIDE+<\/li>\n<li>Lama: coltello di 7,60 cm in acciaio inossidabile<\/li>\n<li>Peso: 3,3 chilogrammi<\/li>\n<li>Dimensioni (LxPxA): 18 x 20 x 38 cm<\/li>\n<li>Potenza: 1560 watt, 230 volt, cavo di alimentazione sloveno.<\/li>\n<li>Garanzia: 2 anni (per motore e contenitore).<\/li>\n<li>GLI APPARECCHI BLENDTEC SONO progettati e fabbricati negli Stati Uniti.<\/li>\n<li>Motore da 3,0 HP con potenza massima.<\/li>\n<li>10 velocit\u00e0 progressive + impulso.<\/li>\n<li>Plastica di design.<\/li>\n<li>Colori: nero, rosso, bianco.<\/li>\n<li>Pulsante di controllo completamente sigillato: interfaccia touch per una facile pulizia.<\/li>\n<li>Cicli di programmazione preimpostati: frullato, impasto, zuppa calda, succo intero, gelato, tritare ghiaccio.<\/li>\n<li>Display LCD con timer illuminato che mostra il tempo rimanente di miscelazione.<\/li>\n<\/ul>\n<\/div><div class=\"fusion-title title fusion-title-2 fusion-sep-none fusion-title-text fusion-title-size-four\" style=\"--awb-margin-bottom:0px;\"><h4 class=\"fusion-title-heading title-heading-left fusion-responsive-typography-calculated\" style=\"margin:0;text-transform:none;--fontSize:20;--minFontSize:20;line-height:1.5;\">I PRINCIPALI VANTAGGI E LE CARATTERISTICHE DEL APPARECCHIO BLENDTEC E LA NOSTRA OPINIONE<\/h4><\/div><div class=\"fusion-text fusion-text-3 fusion-text-no-margin\" style=\"--awb-margin-bottom:0px;\"><ul>\n<li>Con la potenza invidiosa 1560W, Blendtec \u00e8 considerato uno dei frullatori pi\u00f9 potenti. Con la sua potenza impressionante possibilita la preparazioine delle bevande in tempo record; in media tra 25 e 45 secondi prepara bibite sane e fresche di frutta gelata oppure di verdura pi\u00f9 dura. (Altri frullatori sul mercato hanno potenza minore (1200W) e precisano di pi\u00f9 tempo per preparare bibite di consistenza simile a quala che consegue Blendtec e con tempo cominciano a calentare il suo contenuto. In nessuno caso possiamo comparare un frullatore con potenza minore (1000W) con potenza 1560W. Prova di questo \u00e8 soppratutto il fatto, che frullatori con minore potenza non possono frullare bevande in cosi poco tempo e conseguire consistenza cosi liscia, come lo fa Blendtec.<\/li>\n<li>Gli apparecchi Blendtec sono progettati e prodotti negli Stati Uniti e sono realizzati con materiali di alta qualit\u00e0. Tutte le caraffe sono prive di Bisfenolo-A (BPA), ed \u00e8 estremamente importante che quando si miscelano smoothie ad alta potenza, il Bisfenolo-A non venga rilasciato nelle bevande salutari. Infatti, dalle confezioni di plastica il Bisfenolo-A pu\u00f2 migrare negli alimenti, specialmente a temperature elevate, il che accade spesso negli apparecchi che non sono abbastanza potenti e richiedono molto tempo per ottenere una consistenza liscia. Pi\u00f9 a lungo dura il processo di miscelazione, pi\u00f9 si riscalda la bevanda. Pertanto, \u00e8 fondamentale che le caraffe utilizzate per preparare le bevande siano prive di BPA (BPA free).<\/li>\n<li>Blendtec ha un brevetto per la sua ampia caraffa quadrata a quattro lati (FourSide 1,9 litri) o a cinque lati (WildSide+ 2,1 litri), con lame ampie e spuntate che non funzionano con la nitidezza, ma con la potenza per frantumare gli ingredienti. Ci\u00f2 significa che le lame non si rompono e non \u00e8 necessario sostituirle. Inoltre, la caraffa \u00e8 progettata in modo tale che non si accumulino residui di cibo, bevande o creme sotto le lame. Dopo vari test comparativi con altri blender concorrenti, abbiamo valutato che dalla caraffa Blendtec \u00e8 pi\u00f9 facile ottenere tutti gli ingredienti, soprattutto salse pi\u00f9 dense e burro di noci, che di solito si accumulano sotto le lame negli altri frullatori e sono estremamente difficili da rimuovere a causa dell&#8217;altezza e della forma pi\u00f9 stretta della caraffa.<\/li>\n<\/ul>\n<\/div><\/div><\/div><\/div><\/div>\n","protected":false},"excerpt":{"rendered":"<p>BLENDTEC TOTAL BLENDER con una capacit\u00e0 di 2,7 litri nel colore NERO, \u00e8 un frullatore da cucina professionale di fama mondiale, considerato il migliore e il pi\u00f9 potente. Ha una potenza di 1560 W e ti consente di preparare bevande biologiche fresche, frullati verdi cremosi, smoothie, succhi di frutta e verdura, gelati fatti in casa, cappuccino, salse varie, condimenti, impasto per pancake, frutta secca tritata, burri di frutta secca e molte altre cose. Il TOTAL BLENDER \u00e8 potente, versatile e facile da pulire.<\/p>\n<p>Il frullatore Total ha accumulati la potenza e tutte le caratterictiche, per le quali i professionisti scelgono Blendtec come la opzione migliore. In tutto il mondo i professionisti nelle caffetterie e i juice bar usavano gli apparechi Blendtec gi\u00e0 da molti anni per la preparazione di vari piatti e bevande e per mescolare. Con il frullatore Total potete ottenere i stessi risultati eccellenti nella sua casa.<\/p>\n<p>Il Total Blender ha sei cicli preimpostati per: Triturare il ghiaccio, frullati, zuppe calde, gelato, frutta intera e preparazione dell&#8217;impasto. Questa tecnologia esclusiva di cicli di miscelazione crea miscele perfette premendo semplicemente un pulsante.<\/p>\n","protected":false},"featured_media":3846,"template":"","meta":[],"product_brand":[],"product_cat":[96,97],"product_tag":[],"class_list":{"0":"post-4465","1":"product","2":"type-product","3":"status-publish","4":"has-post-thumbnail","6":"product_cat-frullatori","7":"product_cat-uso-domestico","9":"first","10":"instock","11":"taxable","12":"shipping-taxable","13":"purchasable","14":"product-type-simple"},"yoast_head":"<!-- This site is optimized with the Yoast SEO plugin v26.7 - https:\/\/yoast.com\/wordpress\/plugins\/seo\/ -->\n<title>Frullatore Total - nero - Blendtec<\/title>\n<meta name=\"robots\" content=\"index, follow, max-snippet:-1, max-image-preview:large, max-video-preview:-1\" \/>\n<link rel=\"canonical\" href=\"https:\/\/blendtec.si\/it\/articolo\/frullatore-total-nero\/\" \/>\n<meta property=\"og:locale\" content=\"it_IT\" \/>\n<meta property=\"og:type\" content=\"article\" \/>\n<meta property=\"og:title\" content=\"Frullatore Total - nero - Blendtec\" \/>\n<meta property=\"og:description\" content=\"BLENDTEC TOTAL BLENDER con una capacit\u00e0 di 2,7 litri nel colore NERO, \u00e8 un frullatore da cucina professionale di fama mondiale, considerato il migliore e il pi\u00f9 potente. Ha una potenza di 1560 W e ti consente di preparare bevande biologiche fresche, frullati verdi cremosi, smoothie, succhi di frutta e verdura, gelati fatti in casa, cappuccino, salse varie, condimenti, impasto per pancake, frutta secca tritata, burri di frutta secca e molte altre cose. Il TOTAL BLENDER \u00e8 potente, versatile e facile da pulire.  Il frullatore Total ha accumulati la potenza e tutte le caratterictiche, per le quali i professionisti scelgono Blendtec come la opzione migliore. In tutto il mondo i professionisti nelle caffetterie e i juice bar usavano gli apparechi Blendtec gi\u00e0 da molti anni per la preparazione di vari piatti e bevande e per mescolare. Con il frullatore Total potete ottenere i stessi risultati eccellenti nella sua casa.  Il Total Blender ha sei cicli preimpostati per: Triturare il ghiaccio, frullati, zuppe calde, gelato, frutta intera e preparazione dell&#039;impasto. Questa tecnologia esclusiva di cicli di miscelazione crea miscele perfette premendo semplicemente un pulsante.\" \/>\n<meta property=\"og:url\" content=\"https:\/\/blendtec.si\/it\/articolo\/frullatore-total-nero\/\" \/>\n<meta property=\"og:site_name\" content=\"Blendtec\" \/>\n<meta property=\"article:modified_time\" content=\"2023-06-13T09:04:46+00:00\" \/>\n<meta property=\"og:image\" content=\"https:\/\/blendtec.si\/wp-content\/uploads\/2022\/11\/00101a.jpg\" \/>\n\t<meta property=\"og:image:width\" content=\"1240\" \/>\n\t<meta property=\"og:image:height\" content=\"1374\" \/>\n\t<meta property=\"og:image:type\" content=\"image\/jpeg\" \/>\n<meta name=\"twitter:card\" content=\"summary_large_image\" \/>\n<meta name=\"twitter:label1\" content=\"Tempo di lettura stimato\" \/>\n\t<meta name=\"twitter:data1\" content=\"7 minuti\" \/>\n<script type=\"application\/ld+json\" class=\"yoast-schema-graph\">{\"@context\":\"https:\/\/schema.org\",\"@graph\":[{\"@type\":\"WebPage\",\"@id\":\"https:\/\/blendtec.si\/it\/articolo\/frullatore-total-nero\/\",\"url\":\"https:\/\/blendtec.si\/it\/articolo\/frullatore-total-nero\/\",\"name\":\"Frullatore Total - nero - Blendtec\",\"isPartOf\":{\"@id\":\"https:\/\/blendtec.si\/#website\"},\"primaryImageOfPage\":{\"@id\":\"https:\/\/blendtec.si\/it\/articolo\/frullatore-total-nero\/#primaryimage\"},\"image\":{\"@id\":\"https:\/\/blendtec.si\/it\/articolo\/frullatore-total-nero\/#primaryimage\"},\"thumbnailUrl\":\"https:\/\/blendtec.si\/wp-content\/uploads\/2022\/11\/00101a.jpg\",\"datePublished\":\"2022-11-14T22:22:27+00:00\",\"dateModified\":\"2023-06-13T09:04:46+00:00\",\"breadcrumb\":{\"@id\":\"https:\/\/blendtec.si\/it\/articolo\/frullatore-total-nero\/#breadcrumb\"},\"inLanguage\":\"it-IT\",\"potentialAction\":[{\"@type\":\"ReadAction\",\"target\":[\"https:\/\/blendtec.si\/it\/articolo\/frullatore-total-nero\/\"]}]},{\"@type\":\"ImageObject\",\"inLanguage\":\"it-IT\",\"@id\":\"https:\/\/blendtec.si\/it\/articolo\/frullatore-total-nero\/#primaryimage\",\"url\":\"https:\/\/blendtec.si\/wp-content\/uploads\/2022\/11\/00101a.jpg\",\"contentUrl\":\"https:\/\/blendtec.si\/wp-content\/uploads\/2022\/11\/00101a.jpg\",\"width\":1240,\"height\":1374},{\"@type\":\"BreadcrumbList\",\"@id\":\"https:\/\/blendtec.si\/it\/articolo\/frullatore-total-nero\/#breadcrumb\",\"itemListElement\":[{\"@type\":\"ListItem\",\"position\":1,\"name\":\"Home\",\"item\":\"https:\/\/blendtec.si\/it\/\"},{\"@type\":\"ListItem\",\"position\":2,\"name\":\"Negozio\",\"item\":\"https:\/\/blendtec.si\/it\/negozio-online\/\"},{\"@type\":\"ListItem\",\"position\":3,\"name\":\"Frullatore Total &#8211; nero\"}]},{\"@type\":\"WebSite\",\"@id\":\"https:\/\/blendtec.si\/#website\",\"url\":\"https:\/\/blendtec.si\/\",\"name\":\"Blendtec\",\"description\":\"Made in USA\",\"potentialAction\":[{\"@type\":\"SearchAction\",\"target\":{\"@type\":\"EntryPoint\",\"urlTemplate\":\"https:\/\/blendtec.si\/?s={search_term_string}\"},\"query-input\":{\"@type\":\"PropertyValueSpecification\",\"valueRequired\":true,\"valueName\":\"search_term_string\"}}],\"inLanguage\":\"it-IT\"}]}<\/script>\n<!-- \/ Yoast SEO plugin. -->","yoast_head_json":{"title":"Frullatore Total - nero - Blendtec","robots":{"index":"index","follow":"follow","max-snippet":"max-snippet:-1","max-image-preview":"max-image-preview:large","max-video-preview":"max-video-preview:-1"},"canonical":"https:\/\/blendtec.si\/it\/articolo\/frullatore-total-nero\/","og_locale":"it_IT","og_type":"article","og_title":"Frullatore Total - nero - Blendtec","og_description":"BLENDTEC TOTAL BLENDER con una capacit\u00e0 di 2,7 litri nel colore NERO, \u00e8 un frullatore da cucina professionale di fama mondiale, considerato il migliore e il pi\u00f9 potente. Ha una potenza di 1560 W e ti consente di preparare bevande biologiche fresche, frullati verdi cremosi, smoothie, succhi di frutta e verdura, gelati fatti in casa, cappuccino, salse varie, condimenti, impasto per pancake, frutta secca tritata, burri di frutta secca e molte altre cose. Il TOTAL BLENDER \u00e8 potente, versatile e facile da pulire.  Il frullatore Total ha accumulati la potenza e tutte le caratterictiche, per le quali i professionisti scelgono Blendtec come la opzione migliore. In tutto il mondo i professionisti nelle caffetterie e i juice bar usavano gli apparechi Blendtec gi\u00e0 da molti anni per la preparazione di vari piatti e bevande e per mescolare. Con il frullatore Total potete ottenere i stessi risultati eccellenti nella sua casa.  Il Total Blender ha sei cicli preimpostati per: Triturare il ghiaccio, frullati, zuppe calde, gelato, frutta intera e preparazione dell'impasto. Questa tecnologia esclusiva di cicli di miscelazione crea miscele perfette premendo semplicemente un pulsante.","og_url":"https:\/\/blendtec.si\/it\/articolo\/frullatore-total-nero\/","og_site_name":"Blendtec","article_modified_time":"2023-06-13T09:04:46+00:00","og_image":[{"width":1240,"height":1374,"url":"https:\/\/blendtec.si\/wp-content\/uploads\/2022\/11\/00101a.jpg","type":"image\/jpeg"}],"twitter_card":"summary_large_image","twitter_misc":{"Tempo di lettura stimato":"7 minuti"},"schema":{"@context":"https:\/\/schema.org","@graph":[{"@type":"WebPage","@id":"https:\/\/blendtec.si\/it\/articolo\/frullatore-total-nero\/","url":"https:\/\/blendtec.si\/it\/articolo\/frullatore-total-nero\/","name":"Frullatore Total - nero - Blendtec","isPartOf":{"@id":"https:\/\/blendtec.si\/#website"},"primaryImageOfPage":{"@id":"https:\/\/blendtec.si\/it\/articolo\/frullatore-total-nero\/#primaryimage"},"image":{"@id":"https:\/\/blendtec.si\/it\/articolo\/frullatore-total-nero\/#primaryimage"},"thumbnailUrl":"https:\/\/blendtec.si\/wp-content\/uploads\/2022\/11\/00101a.jpg","datePublished":"2022-11-14T22:22:27+00:00","dateModified":"2023-06-13T09:04:46+00:00","breadcrumb":{"@id":"https:\/\/blendtec.si\/it\/articolo\/frullatore-total-nero\/#breadcrumb"},"inLanguage":"it-IT","potentialAction":[{"@type":"ReadAction","target":["https:\/\/blendtec.si\/it\/articolo\/frullatore-total-nero\/"]}]},{"@type":"ImageObject","inLanguage":"it-IT","@id":"https:\/\/blendtec.si\/it\/articolo\/frullatore-total-nero\/#primaryimage","url":"https:\/\/blendtec.si\/wp-content\/uploads\/2022\/11\/00101a.jpg","contentUrl":"https:\/\/blendtec.si\/wp-content\/uploads\/2022\/11\/00101a.jpg","width":1240,"height":1374},{"@type":"BreadcrumbList","@id":"https:\/\/blendtec.si\/it\/articolo\/frullatore-total-nero\/#breadcrumb","itemListElement":[{"@type":"ListItem","position":1,"name":"Home","item":"https:\/\/blendtec.si\/it\/"},{"@type":"ListItem","position":2,"name":"Negozio","item":"https:\/\/blendtec.si\/it\/negozio-online\/"},{"@type":"ListItem","position":3,"name":"Frullatore Total &#8211; nero"}]},{"@type":"WebSite","@id":"https:\/\/blendtec.si\/#website","url":"https:\/\/blendtec.si\/","name":"Blendtec","description":"Made in USA","potentialAction":[{"@type":"SearchAction","target":{"@type":"EntryPoint","urlTemplate":"https:\/\/blendtec.si\/?s={search_term_string}"},"query-input":{"@type":"PropertyValueSpecification","valueRequired":true,"valueName":"search_term_string"}}],"inLanguage":"it-IT"}]}},"_links":{"self":[{"href":"https:\/\/blendtec.si\/it\/wp-json\/wp\/v2\/product\/4465","targetHints":{"allow":["GET"]}}],"collection":[{"href":"https:\/\/blendtec.si\/it\/wp-json\/wp\/v2\/product"}],"about":[{"href":"https:\/\/blendtec.si\/it\/wp-json\/wp\/v2\/types\/product"}],"wp:featuredmedia":[{"embeddable":true,"href":"https:\/\/blendtec.si\/it\/wp-json\/wp\/v2\/media\/3846"}],"wp:attachment":[{"href":"https:\/\/blendtec.si\/it\/wp-json\/wp\/v2\/media?parent=4465"}],"wp:term":[{"taxonomy":"product_brand","embeddable":true,"href":"https:\/\/blendtec.si\/it\/wp-json\/wp\/v2\/product_brand?post=4465"},{"taxonomy":"product_cat","embeddable":true,"href":"https:\/\/blendtec.si\/it\/wp-json\/wp\/v2\/product_cat?post=4465"},{"taxonomy":"product_tag","embeddable":true,"href":"https:\/\/blendtec.si\/it\/wp-json\/wp\/v2\/product_tag?post=4465"}],"curies":[{"name":"wp","href":"https:\/\/api.w.org\/{rel}","templated":true}]}}