{"id":4460,"date":"2022-11-14T23:48:33","date_gmt":"2022-11-14T22:48:33","guid":{"rendered":"https:\/\/blendtec.si\/izdelek\/desinger-725-inox\/"},"modified":"2024-09-05T08:35:01","modified_gmt":"2024-09-05T06:35:01","slug":"designer-725-inox","status":"publish","type":"product","link":"https:\/\/blendtec.si\/it\/articolo\/designer-725-inox\/","title":{"rendered":"Designer 725 INOX"},"content":{"rendered":"<p><div class=\"fusion-fullwidth fullwidth-box fusion-builder-row-1 fusion-flex-container nonhundred-percent-fullwidth non-hundred-percent-height-scrolling\" style=\"--awb-border-radius-top-left:0px;--awb-border-radius-top-right:0px;--awb-border-radius-bottom-right:0px;--awb-border-radius-bottom-left:0px;--awb-padding-bottom:0%;--awb-margin-bottom:0px;--awb-flex-wrap:wrap;\" ><div class=\"fusion-builder-row fusion-row fusion-flex-align-items-flex-start fusion-flex-content-wrap\" style=\"max-width:1305.6px;margin-left: calc(-2% \/ 2 );margin-right: calc(-2% \/ 2 );\"><div class=\"fusion-layout-column fusion_builder_column fusion-builder-column-0 fusion_builder_column_1_1 1_1 fusion-flex-column\" style=\"--awb-bg-blend:overlay;--awb-bg-size:cover;--awb-width-large:100%;--awb-margin-top-large:20px;--awb-spacing-right-large:0.98%;--awb-margin-bottom-large:0%;--awb-spacing-left-large:0.98%;--awb-width-medium:100%;--awb-spacing-right-medium:0.98%;--awb-spacing-left-medium:0.98%;--awb-width-small:100%;--awb-spacing-right-small:0.98%;--awb-spacing-left-small:0.98%;\"><div class=\"fusion-column-wrapper fusion-column-has-shadow fusion-flex-justify-content-flex-start fusion-content-layout-column\"><div class=\"fusion-text fusion-text-1\"><p>BLENDTEC DESIGNER 725 &#8211; INOX \u00e8 un mixer da cucina professionale di fama mondiale, il pi\u00f9 potente e il migliore nel suo campo. Con esso \u00e8 possibile preparare bevande organiche fresche, frullati verdi densi, frullati, succhi di frutta e verdura, gelati fatti in casa, cappuccino, salse, condimenti, impasto per il pane, noci tritate, burro di noci e molto altro. \u00c8 uno strumento indispensabile per creare piatti freschi, crudi e vegani. Il frullatore pu\u00f2 essere utilizzato per preparare zuppe, dessert e piatti decadenti. Con il suo elegante design, si inserisce perfettamente in molte cucine moderne. Inoltre, grazie alle sue dimensioni compatte e alla bassa altezza della caraffa, pu\u00f2 essere facilmente posizionato sul ripiano della cucina sotto l&#8217;armadietto.<\/p>\n<p>Blendtec Designer 725 vanta la tecnologia SmartBlend, un pulsante multi-speed pulse, uno slider di velocit\u00e0 a 100 livelli e un aspetto eccezionale che lo rende la stella della tua cucina. Il mixer si distingue anche per la sua potenza unica di 1800 W (il mixer pi\u00f9 potente sul mercato mondiale!), con un motore a trasmissione diretta che raggiunge le 37.000 rotazioni al minuto. Con tutte queste caratteristiche, \u00e8 davvero il frullatore pi\u00f9 avanzato al mondo.<\/p>\n<p>Il frullatore Blendtec Designer 725 svolge tutte le funzioni di cui hai bisogno nella tua cucina quotidiana, e con il suo design moderno, aggiunge un tocco di eleganza al tuo ambiente. La serie Designer 725 rappresenta la generazione avanzata di frullatori e offre un modo moderno di gestire diverse funzioni di miscelazione, oltre a una variet\u00e0 di colori affascinanti tra cui scegliere.<\/p>\n<\/div><div class=\"fusion-title title fusion-title-1 fusion-sep-none fusion-title-text fusion-title-size-four\" style=\"--awb-text-color:var(--awb-custom_color_2);--awb-margin-top:0px;--awb-margin-bottom:0px;\"><h4 class=\"fusion-title-heading title-heading-left fusion-responsive-typography-calculated\" style=\"margin:0;text-transform:none;--fontSize:20;--minFontSize:20;line-height:1.5;\"><span data-sheets-value=\"{&quot;1&quot;:2,&quot;2&quot;:&quot;Il pacchetto include:&quot;}\" data-sheets-userformat=\"{&quot;2&quot;:897,&quot;3&quot;:{&quot;1&quot;:0},&quot;10&quot;:0,&quot;11&quot;:4,&quot;12&quot;:0}\">Il pacchetto include:<\/span><\/h4><\/div><div class=\"fusion-text fusion-text-2\"><ul>\n<li>Motore Designer 725 1800W<\/li>\n<li>Caraffa WildSide+ da 2,6L con coperchio sigilante , privo di BPA<\/li>\n<li>Manuale d&#8217;uso in sloveno<\/li>\n<\/ul>\n<\/div><div class=\"fusion-title title fusion-title-2 fusion-sep-none fusion-title-text fusion-title-size-four\" style=\"--awb-text-color:var(--awb-custom_color_2);--awb-margin-top:0px;--awb-margin-bottom:0px;\"><h4 class=\"fusion-title-heading title-heading-left fusion-responsive-typography-calculated\" style=\"margin:0;text-transform:none;--fontSize:20;--minFontSize:20;line-height:1.5;\"><span data-sheets-value=\"{&quot;1&quot;:2,&quot;2&quot;:&quot;Le caratteristiche dell'apparecchio:&quot;}\" data-sheets-userformat=\"{&quot;2&quot;:897,&quot;3&quot;:{&quot;1&quot;:0},&quot;10&quot;:0,&quot;11&quot;:4,&quot;12&quot;:0}\">Le caratteristiche dell&#8217;apparecchio:<\/span><\/h4><\/div><div class=\"fusion-text fusion-text-3\"><p>Il Designer 725 \u00e8 un frullatore in cui l&#8217;alta tecnologia si incontra con un design moderno. \u00c8 caratterizzato da un&#8217;eccellente affidabilit\u00e0 e raffinatezza stilistica. Con un&#8217;interfaccia di controllo semplice ed elegante su un display touchscreen illuminato, potrete gestire facilmente le diverse icone per i cicli di miscelazione. L&#8217;unit\u00e0 di controllo si illumina con ogni tocco e si spegne facilmente, e grazie alla sua superficie liscia e piatta, la pulizia risulta semplice.<\/p>\n<p><strong>Tecnologia Smart Blend<\/strong><br \/>\nBlendtec Designer 725 \u00e8 considerato il frullatore pi\u00f9 intelligente al mondo. La sua tecnologia avanzata, chiamata Smart Blend, rileva e identifica potenziali problemi che potrebbero ostacolare la preparazione di ricette perfette, inclusi errori, surriscaldamento e bolle d&#8217;aria (cavitazione), fornendovi le indicazioni su come risolverli.<\/p>\n<p><strong>Il cursore con centi livelli di velocit\u00e0 e il pulsante multi-speed<\/strong><br \/>\nIl frullatore consente un controllo impeccabile e preciso della velocit\u00e0 di miscelazione con 100 livelli, che \u00e8 possibile regolare semplicemente scorrendo il dito sullo slider verso sinistra o verso destra. L&#8217;apparecchio suggerisce anche la velocit\u00e0 consigliata per specifiche operazioni come tritare o mescolare. Per un&#8217;ulteriore potenza durante la miscelazione, \u00e8 possibile utilizzare il pulsante Multi-speed Pulse a qualsiasi velocit\u00e0 selezionata.<\/p>\n<p><strong>Cicli di programma di miscelazione<\/strong><br \/>\nI 6 cicli di miscelazione preprogrammati vi consentono di preparare perfettamente ricette come frullati, succhi, gelati, zuppe, varie creme per dolci, tritare frutta secca, preparare salse e condimenti. Inoltre, \u00e8 presente anche un programma di pulizia della caraffa.<\/p>\n<p><strong>Aggiungi &#8220;10&#8221;<\/strong><br \/>\nDurante la miscelazione, \u00e8 possibile prolungare il tempo premendo lo stesso pulsante che hai utilizzato all&#8217;inizio. In questo modo aggiungerai 10 secondi e otterrai la consistenza desiderata per la tua bevanda.<\/p>\n<\/div><div class=\"fusion-title title fusion-title-3 fusion-sep-none fusion-title-text fusion-title-size-four\" style=\"--awb-text-color:var(--awb-custom_color_2);--awb-margin-top:0px;--awb-margin-bottom:0px;\"><h4 class=\"fusion-title-heading title-heading-left fusion-responsive-typography-calculated\" style=\"margin:0;text-transform:none;--fontSize:20;--minFontSize:20;line-height:1.5;\"><span data-sheets-value=\"{&quot;1&quot;:2,&quot;2&quot;:&quot;Caratteristiche tecnici:&quot;}\" data-sheets-userformat=\"{&quot;2&quot;:897,&quot;3&quot;:{&quot;1&quot;:0},&quot;10&quot;:0,&quot;11&quot;:4,&quot;12&quot;:0}\">Caratteristiche tecnici:<\/span><\/h4><\/div><div class=\"fusion-text fusion-text-4\"><ul>\n<li>Motore 3,8 HP<\/li>\n<li>Potenza: 1800W (potenza reale non peak power)<\/li>\n<li>Unit\u00e0 di controllo illuminata, con funzionamento touch screen sul display.<\/li>\n<li>Programmi di miscelazione preimpostati: smoothie, gelato, succo, zuppa, programma di pulizia<\/li>\n<li>Il cursore con centi livelli di velocit\u00e0 e il pulsante multi-speed<\/li>\n<li>La funzione &#8220;10&#8221; consente di aggiungere liberamente 10 secondi di miscelazione ad ogni ciclo del frullatore per preparare la bevanda o la ricetta perfetta.<\/li>\n<li>Copertura di metallo &#8211; acciaio inossidabile<\/li>\n<li>Colori: INOX (tastiera nera); INOX grigio (tastiera nera)<\/li>\n<li>Sul display viene visualizzato il tempo rimanente del ciclo di miscelazione.<\/li>\n<li>Display illuminato con contollo manuale<\/li>\n<li>Dimensioni: 17,78 cm (larghezza) x 39,37 cm (altezza) x 23,50 cm (profondit\u00e0)<\/li>\n<li>Peso: 4,9 kg<\/li>\n<li>Tensione: 240V<\/li>\n<li><strong>Garanzia: 8 anni<\/strong><\/li>\n<\/ul>\n<\/div><div class=\"fusion-title title fusion-title-4 fusion-sep-none fusion-title-text fusion-title-size-four\" style=\"--awb-margin-bottom:0px;\"><h4 class=\"fusion-title-heading title-heading-left fusion-responsive-typography-calculated\" style=\"margin:0;text-transform:none;--fontSize:20;--minFontSize:20;line-height:1.5;\"><span data-sheets-value=\"{&quot;1&quot;:2,&quot;2&quot;:&quot;I PRINCIPALI VENTAGGI E LE CARATTERISTICHE E LA NOSTRA OPINIONE&quot;}\" data-sheets-userformat=\"{&quot;2&quot;:769,&quot;3&quot;:{&quot;1&quot;:0},&quot;11&quot;:4,&quot;12&quot;:0}\">I PRINCIPALI VENTAGGI E LE CARATTERISTICHE E LA NOSTRA OPINIONE<\/span><\/h4><\/div><div class=\"fusion-text fusion-text-5 fusion-text-no-margin\" style=\"--awb-margin-bottom:0px;\"><ul>\n<li>Con una potenza invidiabile, Blendtec si posiziona tra i blender pi\u00f9 potenti disponibili sul mercato mondiale. Grazie alla sua impressionante potenza, consente di preparare bevande in tempi estremamente brevi, impiegando in media tra i 25 e i 45 secondi per ottenere bevande cremose e rinfrescanti utilizzando frutta surgelata e verdure a foglia verde pi\u00f9 dure. (Gli altri apparecchi presenti sul mercato hanno una potenza inferiore a 1200 W e richiedono molto pi\u00f9 tempo per ottenere una consistenza simile nelle bevande e, se lasciati in funzione per periodi pi\u00f9 lunghi, possono riscaldare il contenuto delle bevande). In nessun caso un&#8217;apparecchiatura con una potenza inferiore, come ad esempio meno di 1000 W, pu\u00f2 essere paragonata a una potenza elevata di 1560 W, come evidenziato dal fatto che gli apparecchi meno potenti non sono in grado di miscelare le bevande in breve tempo e con la stessa consistenza liscia che Blendtec pu\u00f2 raggiungere.<\/li>\n<li>Gli apparecchi Blendtec sono progettati e prodotti negli Stati Uniti e sono realizzati con materiali di alta qualit\u00e0. Tutti i contenitori sono privi di Bisfenolo-A (BPA), ed \u00e8 estremamente importante che quando si miscelano smoothie ad alta potenza, il Bisfenolo-A non venga rilasciato nelle bevande salutari. Infatti, dalle confezioni di plastica il Bisfenolo-A pu\u00f2 migrare negli alimenti, specialmente a temperature elevate, il che accade spesso negli apparecchi che non sono abbastanza potenti e richiedono molto tempo per ottenere una consistenza liscia. Pi\u00f9 a lungo dura il processo di miscelazione, pi\u00f9 si riscalda la bevanda. Pertanto, \u00e8 fondamentale che i contenitori utilizzati per preparare le bevande siano privi di BPA (BPA free).<\/li>\n<li>Blendtec ha un brevetto per la sua ampia caraffa quadrata a quattro lati (FourSide 1,9 litri) o a cinque lati (WildSide+ 2,6 litri), con lame ampie e spuntate che non funzionano con la nitidezza, ma con la potenza per frantumare gli ingredienti. Ci\u00f2 significa che le lame non si rompono e non \u00e8 necessario sostituirle. Inoltre, la caraffa \u00e8 progettata in modo tale che non si accumulino residui di cibo, bevande o creme sotto le lame. Dopo vari test comparativi con altri blender concorrenti, abbiamo valutato che dalla caraffa Blendtec \u00e8 pi\u00f9 facile ottenere tutti gli ingredienti, soprattutto salse pi\u00f9 dense e burro di noci, che di solito si accumulano sotto le lame negli altri frullatori e sono estremamente difficili da rimuovere a causa dell&#8217;altezza e della forma pi\u00f9 stretta della caraffa.<\/li>\n<li>Blendtec offre anche la caraffa aggiuntiva Twister JAR, che \u00e8 una caraffa pi\u00f9 piccola (0,9 litri) e quindi molto adatta per la preparazione di quantit\u00e0 minori come burro di noci, formaggi crudi, condimenti e salse. Con il Blendtec, sarete in grado di soddisfare completamente le vostre esigenze, sia per quantit\u00e0 minori che maggiori, e anche per ricette semplici o pi\u00f9 complesse.<\/li>\n<\/ul>\n<\/div><\/div><\/div><\/div><\/div><div class=\"fusion-fullwidth fullwidth-box fusion-builder-row-2 fusion-flex-container nonhundred-percent-fullwidth non-hundred-percent-height-scrolling\" style=\"--awb-border-radius-top-left:0px;--awb-border-radius-top-right:0px;--awb-border-radius-bottom-right:0px;--awb-border-radius-bottom-left:0px;--awb-flex-wrap:wrap;\" ><div class=\"fusion-builder-row fusion-row fusion-flex-align-items-flex-start fusion-flex-content-wrap\" style=\"max-width:1331.2px;margin-left: calc(-4% \/ 2 );margin-right: calc(-4% \/ 2 );\"><div class=\"fusion-layout-column fusion_builder_column fusion-builder-column-1 fusion_builder_column_1_1 1_1 fusion-flex-column\" style=\"--awb-bg-size:cover;--awb-width-large:100%;--awb-margin-top-large:0px;--awb-spacing-right-large:1.92%;--awb-margin-bottom-large:0px;--awb-spacing-left-large:1.92%;--awb-width-medium:100%;--awb-spacing-right-medium:1.92%;--awb-spacing-left-medium:1.92%;--awb-width-small:100%;--awb-spacing-right-small:1.92%;--awb-spacing-left-small:1.92%;\"><div class=\"fusion-column-wrapper fusion-flex-justify-content-flex-start fusion-content-layout-column\"><div class=\"fusion-text fusion-text-6\"><\/div><\/div><\/div><\/div><\/div><\/p>\n","protected":false},"excerpt":{"rendered":"<p><span data-sheets-value=\"{&quot;1&quot;:2,&quot;2&quot;:&quot;Il frullatore pi\u00f9 innovativo dal mondo. Blendtec designer 725 \u00e8 caratterizato da una tecnologia SmartBlend, il pulsante multi-speed, il cursore con centi livelli di velocit\u00e0 e un design impressionante, percio pu\u00f2 diventare il protagonista della vostra cucina.&quot;}\" data-sheets-userformat=\"{&quot;2&quot;:897,&quot;3&quot;:{&quot;1&quot;:0},&quot;10&quot;:0,&quot;11&quot;:4,&quot;12&quot;:0}\">Il frullatore pi\u00f9 innovativo dal mondo. Blendtec designer 725 \u00e8 caratterizato da una tecnologia SmartBlend, il pulsante multi-speed, il cursore con centi livelli di velocit\u00e0 e un design impressionante, percio pu\u00f2 diventare il protagonista della vostra cucina.<\/span><\/p>\n","protected":false},"featured_media":3891,"template":"","meta":[],"product_brand":[],"product_cat":[96,97],"product_tag":[103],"class_list":{"0":"post-4460","1":"product","2":"type-product","3":"status-publish","4":"has-post-thumbnail","6":"product_cat-frullatori","7":"product_cat-uso-domestico","8":"product_tag-coverit","10":"first","11":"instock","12":"taxable","13":"shipping-taxable","14":"purchasable","15":"product-type-simple"},"yoast_head":"<!-- This site is optimized with the Yoast SEO plugin v26.7 - https:\/\/yoast.com\/wordpress\/plugins\/seo\/ -->\n<title>Designer 725 INOX - Blendtec<\/title>\n<meta name=\"robots\" content=\"index, follow, max-snippet:-1, max-image-preview:large, max-video-preview:-1\" \/>\n<link rel=\"canonical\" href=\"https:\/\/blendtec.si\/articolo\/desinger-725-inox\/\" \/>\n<meta property=\"og:locale\" content=\"it_IT\" \/>\n<meta property=\"og:type\" content=\"article\" \/>\n<meta property=\"og:title\" content=\"Designer 725 INOX - Blendtec\" \/>\n<meta property=\"og:description\" content=\"Il frullatore pi\u00f9 innovativo dal mondo. Blendtec designer 725 \u00e8 caratterizato da una tecnologia SmartBlend, il pulsante multi-speed, il cursore con centi livelli di velocit\u00e0 e un design impressionante, percio pu\u00f2 diventare il protagonista della vostra cucina.\" \/>\n<meta property=\"og:url\" content=\"https:\/\/blendtec.si\/articolo\/desinger-725-inox\/\" \/>\n<meta property=\"og:site_name\" content=\"Blendtec\" \/>\n<meta property=\"article:modified_time\" content=\"2024-09-05T06:35:01+00:00\" \/>\n<meta property=\"og:image\" content=\"https:\/\/blendtec.si\/wp-content\/uploads\/2022\/11\/00128a.jpg\" \/>\n\t<meta property=\"og:image:width\" content=\"1240\" \/>\n\t<meta property=\"og:image:height\" content=\"1374\" \/>\n\t<meta property=\"og:image:type\" content=\"image\/jpeg\" \/>\n<meta name=\"twitter:card\" content=\"summary_large_image\" \/>\n<meta name=\"twitter:label1\" content=\"Tempo di lettura stimato\" \/>\n\t<meta name=\"twitter:data1\" content=\"13 minuti\" \/>\n<script type=\"application\/ld+json\" class=\"yoast-schema-graph\">{\"@context\":\"https:\/\/schema.org\",\"@graph\":[{\"@type\":\"WebPage\",\"@id\":\"https:\/\/blendtec.si\/articolo\/desinger-725-inox\/\",\"url\":\"https:\/\/blendtec.si\/articolo\/desinger-725-inox\/\",\"name\":\"Designer 725 INOX - Blendtec\",\"isPartOf\":{\"@id\":\"https:\/\/blendtec.si\/#website\"},\"primaryImageOfPage\":{\"@id\":\"https:\/\/blendtec.si\/articolo\/desinger-725-inox\/#primaryimage\"},\"image\":{\"@id\":\"https:\/\/blendtec.si\/articolo\/desinger-725-inox\/#primaryimage\"},\"thumbnailUrl\":\"https:\/\/blendtec.si\/wp-content\/uploads\/2022\/11\/00128a.jpg\",\"datePublished\":\"2022-11-14T22:48:33+00:00\",\"dateModified\":\"2024-09-05T06:35:01+00:00\",\"breadcrumb\":{\"@id\":\"https:\/\/blendtec.si\/articolo\/desinger-725-inox\/#breadcrumb\"},\"inLanguage\":\"it-IT\",\"potentialAction\":[{\"@type\":\"ReadAction\",\"target\":[\"https:\/\/blendtec.si\/articolo\/desinger-725-inox\/\"]}]},{\"@type\":\"ImageObject\",\"inLanguage\":\"it-IT\",\"@id\":\"https:\/\/blendtec.si\/articolo\/desinger-725-inox\/#primaryimage\",\"url\":\"https:\/\/blendtec.si\/wp-content\/uploads\/2022\/11\/00128a.jpg\",\"contentUrl\":\"https:\/\/blendtec.si\/wp-content\/uploads\/2022\/11\/00128a.jpg\",\"width\":1240,\"height\":1374},{\"@type\":\"BreadcrumbList\",\"@id\":\"https:\/\/blendtec.si\/articolo\/desinger-725-inox\/#breadcrumb\",\"itemListElement\":[{\"@type\":\"ListItem\",\"position\":1,\"name\":\"Home\",\"item\":\"https:\/\/blendtec.si\/it\/\"},{\"@type\":\"ListItem\",\"position\":2,\"name\":\"Negozio\",\"item\":\"https:\/\/blendtec.si\/it\/negozio-online\/\"},{\"@type\":\"ListItem\",\"position\":3,\"name\":\"Designer 725 INOX\"}]},{\"@type\":\"WebSite\",\"@id\":\"https:\/\/blendtec.si\/#website\",\"url\":\"https:\/\/blendtec.si\/\",\"name\":\"Blendtec\",\"description\":\"Made in USA\",\"potentialAction\":[{\"@type\":\"SearchAction\",\"target\":{\"@type\":\"EntryPoint\",\"urlTemplate\":\"https:\/\/blendtec.si\/?s={search_term_string}\"},\"query-input\":{\"@type\":\"PropertyValueSpecification\",\"valueRequired\":true,\"valueName\":\"search_term_string\"}}],\"inLanguage\":\"it-IT\"}]}<\/script>\n<!-- \/ Yoast SEO plugin. -->","yoast_head_json":{"title":"Designer 725 INOX - Blendtec","robots":{"index":"index","follow":"follow","max-snippet":"max-snippet:-1","max-image-preview":"max-image-preview:large","max-video-preview":"max-video-preview:-1"},"canonical":"https:\/\/blendtec.si\/articolo\/desinger-725-inox\/","og_locale":"it_IT","og_type":"article","og_title":"Designer 725 INOX - Blendtec","og_description":"Il frullatore pi\u00f9 innovativo dal mondo. Blendtec designer 725 \u00e8 caratterizato da una tecnologia SmartBlend, il pulsante multi-speed, il cursore con centi livelli di velocit\u00e0 e un design impressionante, percio pu\u00f2 diventare il protagonista della vostra cucina.","og_url":"https:\/\/blendtec.si\/articolo\/desinger-725-inox\/","og_site_name":"Blendtec","article_modified_time":"2024-09-05T06:35:01+00:00","og_image":[{"width":1240,"height":1374,"url":"https:\/\/blendtec.si\/wp-content\/uploads\/2022\/11\/00128a.jpg","type":"image\/jpeg"}],"twitter_card":"summary_large_image","twitter_misc":{"Tempo di lettura stimato":"13 minuti"},"schema":{"@context":"https:\/\/schema.org","@graph":[{"@type":"WebPage","@id":"https:\/\/blendtec.si\/articolo\/desinger-725-inox\/","url":"https:\/\/blendtec.si\/articolo\/desinger-725-inox\/","name":"Designer 725 INOX - Blendtec","isPartOf":{"@id":"https:\/\/blendtec.si\/#website"},"primaryImageOfPage":{"@id":"https:\/\/blendtec.si\/articolo\/desinger-725-inox\/#primaryimage"},"image":{"@id":"https:\/\/blendtec.si\/articolo\/desinger-725-inox\/#primaryimage"},"thumbnailUrl":"https:\/\/blendtec.si\/wp-content\/uploads\/2022\/11\/00128a.jpg","datePublished":"2022-11-14T22:48:33+00:00","dateModified":"2024-09-05T06:35:01+00:00","breadcrumb":{"@id":"https:\/\/blendtec.si\/articolo\/desinger-725-inox\/#breadcrumb"},"inLanguage":"it-IT","potentialAction":[{"@type":"ReadAction","target":["https:\/\/blendtec.si\/articolo\/desinger-725-inox\/"]}]},{"@type":"ImageObject","inLanguage":"it-IT","@id":"https:\/\/blendtec.si\/articolo\/desinger-725-inox\/#primaryimage","url":"https:\/\/blendtec.si\/wp-content\/uploads\/2022\/11\/00128a.jpg","contentUrl":"https:\/\/blendtec.si\/wp-content\/uploads\/2022\/11\/00128a.jpg","width":1240,"height":1374},{"@type":"BreadcrumbList","@id":"https:\/\/blendtec.si\/articolo\/desinger-725-inox\/#breadcrumb","itemListElement":[{"@type":"ListItem","position":1,"name":"Home","item":"https:\/\/blendtec.si\/it\/"},{"@type":"ListItem","position":2,"name":"Negozio","item":"https:\/\/blendtec.si\/it\/negozio-online\/"},{"@type":"ListItem","position":3,"name":"Designer 725 INOX"}]},{"@type":"WebSite","@id":"https:\/\/blendtec.si\/#website","url":"https:\/\/blendtec.si\/","name":"Blendtec","description":"Made in USA","potentialAction":[{"@type":"SearchAction","target":{"@type":"EntryPoint","urlTemplate":"https:\/\/blendtec.si\/?s={search_term_string}"},"query-input":{"@type":"PropertyValueSpecification","valueRequired":true,"valueName":"search_term_string"}}],"inLanguage":"it-IT"}]}},"_links":{"self":[{"href":"https:\/\/blendtec.si\/it\/wp-json\/wp\/v2\/product\/4460","targetHints":{"allow":["GET"]}}],"collection":[{"href":"https:\/\/blendtec.si\/it\/wp-json\/wp\/v2\/product"}],"about":[{"href":"https:\/\/blendtec.si\/it\/wp-json\/wp\/v2\/types\/product"}],"wp:featuredmedia":[{"embeddable":true,"href":"https:\/\/blendtec.si\/it\/wp-json\/wp\/v2\/media\/3891"}],"wp:attachment":[{"href":"https:\/\/blendtec.si\/it\/wp-json\/wp\/v2\/media?parent=4460"}],"wp:term":[{"taxonomy":"product_brand","embeddable":true,"href":"https:\/\/blendtec.si\/it\/wp-json\/wp\/v2\/product_brand?post=4460"},{"taxonomy":"product_cat","embeddable":true,"href":"https:\/\/blendtec.si\/it\/wp-json\/wp\/v2\/product_cat?post=4460"},{"taxonomy":"product_tag","embeddable":true,"href":"https:\/\/blendtec.si\/it\/wp-json\/wp\/v2\/product_tag?post=4460"}],"curies":[{"name":"wp","href":"https:\/\/api.w.org\/{rel}","templated":true}]}}