{"id":4458,"date":"2022-11-15T23:29:35","date_gmt":"2022-11-15T22:29:35","guid":{"rendered":"https:\/\/blendtec.si\/izdelek\/designer-650-blender-crne-barve\/"},"modified":"2023-09-21T13:20:35","modified_gmt":"2023-09-21T11:20:35","slug":"frullatore-designer-650-colore-nero","status":"publish","type":"product","link":"https:\/\/blendtec.si\/it\/articolo\/frullatore-designer-650-colore-nero\/","title":{"rendered":"Frullatore Designer 650- colore nero"},"content":{"rendered":"<p><div class=\"fusion-fullwidth fullwidth-box fusion-builder-row-1 fusion-flex-container nonhundred-percent-fullwidth non-hundred-percent-height-scrolling\" style=\"--awb-border-radius-top-left:0px;--awb-border-radius-top-right:0px;--awb-border-radius-bottom-right:0px;--awb-border-radius-bottom-left:0px;--awb-padding-bottom:0%;--awb-margin-bottom:0px;--awb-flex-wrap:wrap;\" ><div class=\"fusion-builder-row fusion-row fusion-flex-align-items-flex-start fusion-flex-content-wrap\" style=\"max-width:1305.6px;margin-left: calc(-2% \/ 2 );margin-right: calc(-2% \/ 2 );\"><div class=\"fusion-layout-column fusion_builder_column fusion-builder-column-0 fusion_builder_column_1_1 1_1 fusion-flex-column\" style=\"--awb-bg-blend:overlay;--awb-bg-size:cover;--awb-width-large:100%;--awb-margin-top-large:20px;--awb-spacing-right-large:0.98%;--awb-margin-bottom-large:0%;--awb-spacing-left-large:0.98%;--awb-width-medium:100%;--awb-spacing-right-medium:0.98%;--awb-spacing-left-medium:0.98%;--awb-width-small:100%;--awb-spacing-right-small:0.98%;--awb-spacing-left-small:0.98%;\"><div class=\"fusion-column-wrapper fusion-column-has-shadow fusion-flex-justify-content-flex-start fusion-content-layout-column\"><div class=\"fusion-text fusion-text-1\"><p>Il frullatore Blendtec Designer 650 di colore nero, con caraffa WILDSIDE+ da 2,6L \u00e8 destinato per mescolare i succhi in modo ancora pi\u00f9 veloce ed efficace.<\/p>\n<p>Il frullatore BLENDTEC \u00e8 un rinomato e potente frullatore da cucina professionale con una potenza di 1560 W, che consente di preparare bevande fresche e biologiche, frullati verdi, frullati, succhi di frutta e verdura, gelati fatti in casa, cappuccino, diverse salse, pesti, noci tritate, burri di noci e molte altre cose. \u00c8 uno strumento indispensabile per la creazione di piatti freschi, crudi e vegani. Il frullatore pu\u00f2 essere utilizzato per preparare zuppe, dessert e piatti decadenti. Grazie al suo design elegante, si integra perfettamente nelle cucine moderne. Grazie alle sue dimensioni compatte ed eleganti, pu\u00f2 essere posizionato comodamente sul piano di lavoro sotto l&#8217;armadietto.<\/p>\n<p>Il frullatore Blendtec \u00e8 caratterizzato da una potenza unica di1560W (il frullatore pi\u00f9 potente sul mercato mondiale!), con motore a trasmissione diretta e 37000 giri al minuto<\/p>\n<p>Gli apparecchi Blendtec sono controllati dalla tecnologia Smart-Touch Technology. La gestione pratica tramite pulsanti avviene mediante il tocco, e sono disponibili sei cicli di miscelazione preimpostati. Lo schermo LCD blu visualizza diverse impostazioni e conta il tempo di miscelazione. Oltre ai tasti programmati, \u00e8 anche possibile controllare manualmente la velocit\u00e0 e l&#8217;intensit\u00e0 della miscelazione tramite il pulsante &#8220;&#8221;speed up&#8221;&#8221; e &#8220;&#8221;speed down&#8221;&#8221;. Un vantaggio degli apparecchi Blendtec \u00e8 che il display mostra il tempo trascorso e non \u00e8 necessario stare accanto all&#8217;apparecchio mentre si miscela, poich\u00e9 l&#8217;apparecchio completa il ciclo di miscelazione automaticamente. Grazie al conto alla rovescia, si sa esattamente quanto dura il tempo di miscelazione.<\/p>\n<\/div><div class=\"fusion-title title fusion-title-1 fusion-sep-none fusion-title-text fusion-title-size-four\" style=\"--awb-text-color:var(--awb-custom_color_2);--awb-margin-top:0px;--awb-margin-bottom:0px;\"><h4 class=\"fusion-title-heading title-heading-left fusion-responsive-typography-calculated\" style=\"margin:0;text-transform:none;--fontSize:20;--minFontSize:20;line-height:1.5;\"><span data-sheets-value=\"{&quot;1&quot;:2,&quot;2&quot;:&quot;Caratteristiche:&quot;}\" data-sheets-userformat=\"{&quot;2&quot;:769,&quot;3&quot;:{&quot;1&quot;:0},&quot;11&quot;:4,&quot;12&quot;:0}\">Caratteristiche:<\/span><\/h4><\/div><div class=\"fusion-text fusion-text-2\"><ul>\n<li>Volume: caraffa WILDSIDE+ da 2,6L (privo di bisfenolo-A)<\/li>\n<li>Lama: coltello di 10,16cm (aciaio inossidabile)<\/li>\n<li>Garanzia: 8 anni (motore e contenitore)<\/li>\n<li>Gli apparecchi Blendtec sono progettati \u00e8 creati negli Stati Uniti<\/li>\n<li>Motore 3,0 di potenza massima<\/li>\n<li>Schermo digitale, illuminato<\/li>\n<li>6 cicli preimpostati: Salse\/Impasti liquidi, Triturazione ghiaccio\/Cocktail, Frullato, Gelato (in combinazione con il contenitore Twister), Succhi densi, Zuppa calda\/Fondi.<\/li>\n<li>Slider con 8 livelli di incremento + controllo di potenza touch.<\/li>\n<li>Lo schermo illuminato mostra il tempo rimanente di miscelazione.<\/li>\n<li>Dimensioni: 18 x 24 x 38 cm ( larghezza x profondit\u00e0 x altezza)<\/li>\n<li>Peso: 4,2kg<\/li>\n<li>Potenza: 1560W, 230V<\/li>\n<\/ul>\n<\/div><div class=\"fusion-title title fusion-title-2 fusion-sep-none fusion-title-text fusion-title-size-four\" style=\"--awb-text-color:var(--awb-custom_color_2);--awb-margin-top:0px;--awb-margin-bottom:0px;\"><h4 class=\"fusion-title-heading title-heading-left fusion-responsive-typography-calculated\" style=\"margin:0;text-transform:none;--fontSize:20;--minFontSize:20;line-height:1.5;\">Il pacchetto include:<\/h4><\/div><div class=\"fusion-text fusion-text-3\"><ul>\n<li>La base del motore Designer 650 con caraffa WildSide+ senza BPA e coperchio a tenuta d&#8217;aria.<\/li>\n<\/ul>\n<\/div><div class=\"fusion-text fusion-text-4\"><p><strong>CICLI PREIMPOSTATI FINE TUNED BLEND<\/strong><br \/>\nNiente pi\u00f9 segreti! La serie Designer \u00e8 composta da sei cicli programmati: impasto, frantumazione del ghiaccio, frullato, gelato, frutta per succhi, zuppa calda.<\/p>\n<p>Questa esclusiva tecnologia di ciclo di miscelazione crea miscele perfette premendo semplicemente un pulsante.<\/p>\n<p><strong>8 VELOCIT\u00c0 DI CONTROLLO MANUALE, &#8220;PULSE&#8221;<\/strong><br \/>\nOra hai il pieno controllo sulla velocit\u00e0 di miscelazione letteralmente a portata di mano, grazie all&#8217;interfaccia touch o scorrimento. Con un semplice tocco o movimento del dito, hai il pieno controllo sulla velocit\u00e0 di miscelazione. Puoi selezionare qualsiasi velocit\u00e0 o spostare il dito da sinistra a destra per aumentare o diminuire la velocit\u00e0. Oltre allo scorrimento, ci sono anche i comandi di stop e impulso.<\/p>\n<p><strong>CARAFFA WILDSIDE+<\/strong><br \/>\nBlendtec ha una caraffa ampia brevettata con lame larghe, progettate in modo che non si accumulino mai residui di cibo, bevande o condimenti sotto di esse. Dopo vari test comparativi con frullatori concorrenti, abbiamo valutato che dalla caraffa Blendtec \u00e8 pi\u00f9 facile estrarre tutti gli ingredienti con una spatola, soprattutto salse pi\u00f9 dense e burri di noci che solitamente si accumulano sotto le lame degli altri frullatori e che sono molto difficili da rimuovere a causa dell&#8217;altezza e della forma pi\u00f9 stretta della caraffa.<\/p>\n<p><strong>GARANZIA DI 8 ANNI<\/strong><br \/>\nIl Designer 650 \u00e8 dotato di una garanzia di 8 anni, la pi\u00f9 lunga nella sua categoria. La sua costruzione dovrebbe durare a lungo, il che significa che \u00e8 un&#8217;apparecchiatura che potrete utilizzare per tutta la vita.<\/p>\n<p>Pulsanti illuminati con controllo touch. Con uno schermo digitale a sfioramento con icone visibili, il Designer 650 \u00e8 pi\u00f9 versatile e facile da usare.<\/p>\n<p>Si illumina con un solo tocco, si spegne automaticamente ed \u00e8 completamente piatto, quindi la pulizia \u00e8 semplice: basta una veloce passata di pulizia.<\/p>\n<\/div><div class=\"fusion-title title fusion-title-3 fusion-sep-none fusion-title-text fusion-title-size-four\" style=\"--awb-margin-bottom:0px;\"><h4 class=\"fusion-title-heading title-heading-left fusion-responsive-typography-calculated\" style=\"margin:0;text-transform:none;--fontSize:20;--minFontSize:20;line-height:1.5;\">LE CARATTERISTICHE PRINCIPALI E LA NOSTRA OPINIONE<\/h4><\/div><div class=\"fusion-text fusion-text-5 fusion-text-no-margin\" style=\"--awb-margin-bottom:0px;\"><ul>\n<li>Con una potenza invidiabile (1560W), Blendtec si posiziona tra i blender pi\u00f9 potenti disponibili sul mercato mondiale. Grazie alla sua impressionante potenza, consente di preparare bevande in tempi estremamente brevi, impiegando in media tra i 25 e i 45 secondi per ottenere bevande cremose e rinfrescanti utilizzando frutta surgelata e verdure a foglia verde pi\u00f9 dure. (Gli altri apparecchi presenti sul mercato hanno una potenza inferiore a 1200 W e richiedono molto pi\u00f9 tempo per ottenere una consistenza simile nelle bevande e, se lasciati in funzione per periodi pi\u00f9 lunghi, possono riscaldare il contenuto delle bevande). In nessun caso un&#8217;apparecchiatura con una potenza inferiore, come ad esempio meno di 1000 W, pu\u00f2 essere paragonata a una potenza elevata di 1560 W, come evidenziato dal fatto che gli apparecchi meno potenti non sono in grado di miscelare le bevande in breve tempo e con la stessa consistenza liscia che Blendtec pu\u00f2 raggiungere.<\/li>\n<li>Gli apparecchi Blendtec sono progettati e prodotti negli Stati Uniti e sono realizzati con materiali di alta qualit\u00e0. Tutti le caraffe sono prive di Bisfenolo-A (BPA), ed \u00e8 estremamente importante che quando si miscelano smoothie ad alta potenza, il Bisfenolo-A non venga rilasciato nelle bevande salutari. Infatti, dalle confezioni di plastica il Bisfenolo-A pu\u00f2 migrare negli alimenti, specialmente a temperature elevate, il che accade spesso negli apparecchi che non sono abbastanza potenti e richiedono molto tempo per ottenere una consistenza liscia. Pi\u00f9 a lungo dura il processo di miscelazione, pi\u00f9 si riscalda la bevanda. Pertanto, \u00e8 fondamentale che le caraffe utilizzate per preparare le bevande siano prive di BPA (BPA free).<\/li>\n<li>Blendtec ha un brevetto per le sue caraffe a quattro e cinque lati, con lame ampie e non affilate, che funzionano con la potenza per frantumare gli ingredienti. Questo significa che le lame non si rompono e non \u00e8 necessario sostituirle. Inoltre, la caraffa \u00e8 progettata in modo tale che non vi siano accumuli di residui di cibo, bevande o creme sotto le lame. Dalle diverse prove effettuate su frullatori concorrenti, abbiamo valutato che con le caraffe Blendtec \u00e8 pi\u00f9 facile ottenere tutti gli ingredienti con una spatola, soprattutto salse dense, burro di noci, che in altri frullatori solitamente rimangono bloccati sotto le lame e sono difficili da rimuovere a causa dell&#8217;altezza della caraffa e della sua forma pi\u00f9 stretta.<\/li>\n<li>Blendtec offre la caraffa aggiuntiva Twister JAR, che \u00e8 una caraffa pi\u00f9 piccola (0,9 litri) e quindi molto adatta per la preparazione di quantit\u00e0 minori come burro di noci, formaggi crudi, condimenti e salse. Con il Blendtec, sarete in grado di soddisfare completamente le vostre esigenze, sia per quantit\u00e0 minori che maggiori, e anche per ricette semplici o pi\u00f9 complesse.<\/li>\n<\/ul>\n<\/div><\/div><\/div><\/div><\/div><div class=\"fusion-fullwidth fullwidth-box fusion-builder-row-2 fusion-flex-container nonhundred-percent-fullwidth non-hundred-percent-height-scrolling\" style=\"--awb-border-radius-top-left:0px;--awb-border-radius-top-right:0px;--awb-border-radius-bottom-right:0px;--awb-border-radius-bottom-left:0px;--awb-flex-wrap:wrap;\" ><div class=\"fusion-builder-row fusion-row fusion-flex-align-items-flex-start fusion-flex-content-wrap\" style=\"max-width:1331.2px;margin-left: calc(-4% \/ 2 );margin-right: calc(-4% \/ 2 );\"><div class=\"fusion-layout-column fusion_builder_column fusion-builder-column-1 fusion_builder_column_1_1 1_1 fusion-flex-column\" style=\"--awb-bg-size:cover;--awb-width-large:100%;--awb-margin-top-large:0px;--awb-spacing-right-large:1.92%;--awb-margin-bottom-large:0px;--awb-spacing-left-large:1.92%;--awb-width-medium:100%;--awb-spacing-right-medium:1.92%;--awb-spacing-left-medium:1.92%;--awb-width-small:100%;--awb-spacing-right-small:1.92%;--awb-spacing-left-small:1.92%;\"><div class=\"fusion-column-wrapper fusion-flex-justify-content-flex-start fusion-content-layout-column\"><div class=\"fusion-text fusion-text-6\"><\/div><\/div><\/div><\/div><\/div><\/p>\n","protected":false},"excerpt":{"rendered":"<p>Il Blendtec Designer 650, con la caraffa WILDSIDE+ da 2,7L, \u00e8 un frullatore riconosciuto in tutto il mondo; il migliore e il pi\u00f9 potente frullatore con potenza di 1560W, con il quale possiate preparere bevande organiche, fresche, densi succhi verdi, frullati, succhi di frutta e verdura, gelati fatti in casa, cappucino, diverse salse, impasti per il pane, tritare i noci, fare burri di frutta secca e tante altre cose.<\/p>\n","protected":false},"featured_media":3866,"template":"","meta":[],"product_brand":[],"product_cat":[97],"product_tag":[],"class_list":{"0":"post-4458","1":"product","2":"type-product","3":"status-publish","4":"has-post-thumbnail","6":"product_cat-uso-domestico","8":"first","9":"instock","10":"taxable","11":"shipping-taxable","12":"purchasable","13":"product-type-simple"},"yoast_head":"<!-- This site is optimized with the Yoast SEO plugin v26.7 - https:\/\/yoast.com\/wordpress\/plugins\/seo\/ -->\n<title>Frullatore Designer 650- colore nero - Blendtec<\/title>\n<meta name=\"robots\" content=\"index, follow, max-snippet:-1, max-image-preview:large, max-video-preview:-1\" \/>\n<link rel=\"canonical\" href=\"https:\/\/blendtec.si\/it\/articolo\/frullatore-designer-650-colore-nero\/\" \/>\n<meta property=\"og:locale\" content=\"it_IT\" \/>\n<meta property=\"og:type\" content=\"article\" \/>\n<meta property=\"og:title\" content=\"Frullatore Designer 650- colore nero - Blendtec\" \/>\n<meta property=\"og:description\" content=\"Il Blendtec Designer 650, con la caraffa WILDSIDE+ da 2,7L, \u00e8 un frullatore riconosciuto in tutto il mondo; il migliore e il pi\u00f9 potente frullatore con potenza di 1560W, con il quale possiate preparere bevande organiche, fresche, densi succhi verdi, frullati, succhi di frutta e verdura, gelati fatti in casa, cappucino, diverse salse, impasti per il pane, tritare i noci, fare burri di frutta secca e tante altre cose.\" \/>\n<meta property=\"og:url\" content=\"https:\/\/blendtec.si\/it\/articolo\/frullatore-designer-650-colore-nero\/\" \/>\n<meta property=\"og:site_name\" content=\"Blendtec\" \/>\n<meta property=\"article:modified_time\" content=\"2023-09-21T11:20:35+00:00\" \/>\n<meta property=\"og:image\" content=\"https:\/\/blendtec.si\/wp-content\/uploads\/2022\/11\/00106a.jpg\" \/>\n\t<meta property=\"og:image:width\" content=\"1240\" \/>\n\t<meta property=\"og:image:height\" content=\"1374\" \/>\n\t<meta property=\"og:image:type\" content=\"image\/jpeg\" \/>\n<meta name=\"twitter:card\" content=\"summary_large_image\" \/>\n<meta name=\"twitter:label1\" content=\"Tempo di lettura stimato\" \/>\n\t<meta name=\"twitter:data1\" content=\"12 minuti\" \/>\n<script type=\"application\/ld+json\" class=\"yoast-schema-graph\">{\"@context\":\"https:\/\/schema.org\",\"@graph\":[{\"@type\":\"WebPage\",\"@id\":\"https:\/\/blendtec.si\/it\/articolo\/frullatore-designer-650-colore-nero\/\",\"url\":\"https:\/\/blendtec.si\/it\/articolo\/frullatore-designer-650-colore-nero\/\",\"name\":\"Frullatore Designer 650- colore nero - Blendtec\",\"isPartOf\":{\"@id\":\"https:\/\/blendtec.si\/#website\"},\"primaryImageOfPage\":{\"@id\":\"https:\/\/blendtec.si\/it\/articolo\/frullatore-designer-650-colore-nero\/#primaryimage\"},\"image\":{\"@id\":\"https:\/\/blendtec.si\/it\/articolo\/frullatore-designer-650-colore-nero\/#primaryimage\"},\"thumbnailUrl\":\"https:\/\/blendtec.si\/wp-content\/uploads\/2022\/11\/00106a.jpg\",\"datePublished\":\"2022-11-15T22:29:35+00:00\",\"dateModified\":\"2023-09-21T11:20:35+00:00\",\"breadcrumb\":{\"@id\":\"https:\/\/blendtec.si\/it\/articolo\/frullatore-designer-650-colore-nero\/#breadcrumb\"},\"inLanguage\":\"it-IT\",\"potentialAction\":[{\"@type\":\"ReadAction\",\"target\":[\"https:\/\/blendtec.si\/it\/articolo\/frullatore-designer-650-colore-nero\/\"]}]},{\"@type\":\"ImageObject\",\"inLanguage\":\"it-IT\",\"@id\":\"https:\/\/blendtec.si\/it\/articolo\/frullatore-designer-650-colore-nero\/#primaryimage\",\"url\":\"https:\/\/blendtec.si\/wp-content\/uploads\/2022\/11\/00106a.jpg\",\"contentUrl\":\"https:\/\/blendtec.si\/wp-content\/uploads\/2022\/11\/00106a.jpg\",\"width\":1240,\"height\":1374},{\"@type\":\"BreadcrumbList\",\"@id\":\"https:\/\/blendtec.si\/it\/articolo\/frullatore-designer-650-colore-nero\/#breadcrumb\",\"itemListElement\":[{\"@type\":\"ListItem\",\"position\":1,\"name\":\"Home\",\"item\":\"https:\/\/blendtec.si\/it\/\"},{\"@type\":\"ListItem\",\"position\":2,\"name\":\"Negozio\",\"item\":\"https:\/\/blendtec.si\/it\/negozio-online\/\"},{\"@type\":\"ListItem\",\"position\":3,\"name\":\"Frullatore Designer 650- colore nero\"}]},{\"@type\":\"WebSite\",\"@id\":\"https:\/\/blendtec.si\/#website\",\"url\":\"https:\/\/blendtec.si\/\",\"name\":\"Blendtec\",\"description\":\"Made in USA\",\"potentialAction\":[{\"@type\":\"SearchAction\",\"target\":{\"@type\":\"EntryPoint\",\"urlTemplate\":\"https:\/\/blendtec.si\/?s={search_term_string}\"},\"query-input\":{\"@type\":\"PropertyValueSpecification\",\"valueRequired\":true,\"valueName\":\"search_term_string\"}}],\"inLanguage\":\"it-IT\"}]}<\/script>\n<!-- \/ Yoast SEO plugin. -->","yoast_head_json":{"title":"Frullatore Designer 650- colore nero - Blendtec","robots":{"index":"index","follow":"follow","max-snippet":"max-snippet:-1","max-image-preview":"max-image-preview:large","max-video-preview":"max-video-preview:-1"},"canonical":"https:\/\/blendtec.si\/it\/articolo\/frullatore-designer-650-colore-nero\/","og_locale":"it_IT","og_type":"article","og_title":"Frullatore Designer 650- colore nero - Blendtec","og_description":"Il Blendtec Designer 650, con la caraffa WILDSIDE+ da 2,7L, \u00e8 un frullatore riconosciuto in tutto il mondo; il migliore e il pi\u00f9 potente frullatore con potenza di 1560W, con il quale possiate preparere bevande organiche, fresche, densi succhi verdi, frullati, succhi di frutta e verdura, gelati fatti in casa, cappucino, diverse salse, impasti per il pane, tritare i noci, fare burri di frutta secca e tante altre cose.","og_url":"https:\/\/blendtec.si\/it\/articolo\/frullatore-designer-650-colore-nero\/","og_site_name":"Blendtec","article_modified_time":"2023-09-21T11:20:35+00:00","og_image":[{"width":1240,"height":1374,"url":"https:\/\/blendtec.si\/wp-content\/uploads\/2022\/11\/00106a.jpg","type":"image\/jpeg"}],"twitter_card":"summary_large_image","twitter_misc":{"Tempo di lettura stimato":"12 minuti"},"schema":{"@context":"https:\/\/schema.org","@graph":[{"@type":"WebPage","@id":"https:\/\/blendtec.si\/it\/articolo\/frullatore-designer-650-colore-nero\/","url":"https:\/\/blendtec.si\/it\/articolo\/frullatore-designer-650-colore-nero\/","name":"Frullatore Designer 650- colore nero - Blendtec","isPartOf":{"@id":"https:\/\/blendtec.si\/#website"},"primaryImageOfPage":{"@id":"https:\/\/blendtec.si\/it\/articolo\/frullatore-designer-650-colore-nero\/#primaryimage"},"image":{"@id":"https:\/\/blendtec.si\/it\/articolo\/frullatore-designer-650-colore-nero\/#primaryimage"},"thumbnailUrl":"https:\/\/blendtec.si\/wp-content\/uploads\/2022\/11\/00106a.jpg","datePublished":"2022-11-15T22:29:35+00:00","dateModified":"2023-09-21T11:20:35+00:00","breadcrumb":{"@id":"https:\/\/blendtec.si\/it\/articolo\/frullatore-designer-650-colore-nero\/#breadcrumb"},"inLanguage":"it-IT","potentialAction":[{"@type":"ReadAction","target":["https:\/\/blendtec.si\/it\/articolo\/frullatore-designer-650-colore-nero\/"]}]},{"@type":"ImageObject","inLanguage":"it-IT","@id":"https:\/\/blendtec.si\/it\/articolo\/frullatore-designer-650-colore-nero\/#primaryimage","url":"https:\/\/blendtec.si\/wp-content\/uploads\/2022\/11\/00106a.jpg","contentUrl":"https:\/\/blendtec.si\/wp-content\/uploads\/2022\/11\/00106a.jpg","width":1240,"height":1374},{"@type":"BreadcrumbList","@id":"https:\/\/blendtec.si\/it\/articolo\/frullatore-designer-650-colore-nero\/#breadcrumb","itemListElement":[{"@type":"ListItem","position":1,"name":"Home","item":"https:\/\/blendtec.si\/it\/"},{"@type":"ListItem","position":2,"name":"Negozio","item":"https:\/\/blendtec.si\/it\/negozio-online\/"},{"@type":"ListItem","position":3,"name":"Frullatore Designer 650- colore nero"}]},{"@type":"WebSite","@id":"https:\/\/blendtec.si\/#website","url":"https:\/\/blendtec.si\/","name":"Blendtec","description":"Made in USA","potentialAction":[{"@type":"SearchAction","target":{"@type":"EntryPoint","urlTemplate":"https:\/\/blendtec.si\/?s={search_term_string}"},"query-input":{"@type":"PropertyValueSpecification","valueRequired":true,"valueName":"search_term_string"}}],"inLanguage":"it-IT"}]}},"_links":{"self":[{"href":"https:\/\/blendtec.si\/it\/wp-json\/wp\/v2\/product\/4458","targetHints":{"allow":["GET"]}}],"collection":[{"href":"https:\/\/blendtec.si\/it\/wp-json\/wp\/v2\/product"}],"about":[{"href":"https:\/\/blendtec.si\/it\/wp-json\/wp\/v2\/types\/product"}],"wp:featuredmedia":[{"embeddable":true,"href":"https:\/\/blendtec.si\/it\/wp-json\/wp\/v2\/media\/3866"}],"wp:attachment":[{"href":"https:\/\/blendtec.si\/it\/wp-json\/wp\/v2\/media?parent=4458"}],"wp:term":[{"taxonomy":"product_brand","embeddable":true,"href":"https:\/\/blendtec.si\/it\/wp-json\/wp\/v2\/product_brand?post=4458"},{"taxonomy":"product_cat","embeddable":true,"href":"https:\/\/blendtec.si\/it\/wp-json\/wp\/v2\/product_cat?post=4458"},{"taxonomy":"product_tag","embeddable":true,"href":"https:\/\/blendtec.si\/it\/wp-json\/wp\/v2\/product_tag?post=4458"}],"curies":[{"name":"wp","href":"https:\/\/api.w.org\/{rel}","templated":true}]}}