{"id":4455,"date":"2022-11-15T23:43:02","date_gmt":"2022-11-15T22:43:02","guid":{"rendered":"https:\/\/blendtec.si\/izdelek\/profesional-800-crne-barve\/"},"modified":"2023-09-21T13:12:55","modified_gmt":"2023-09-21T11:12:55","slug":"profesional-800-nero","status":"publish","type":"product","link":"https:\/\/blendtec.si\/it\/articolo\/profesional-800-nero\/","title":{"rendered":"Profesional 800"},"content":{"rendered":"<p><div class=\"fusion-fullwidth fullwidth-box fusion-builder-row-1 fusion-flex-container nonhundred-percent-fullwidth non-hundred-percent-height-scrolling\" style=\"--awb-border-radius-top-left:0px;--awb-border-radius-top-right:0px;--awb-border-radius-bottom-right:0px;--awb-border-radius-bottom-left:0px;--awb-padding-bottom:0%;--awb-margin-bottom:0px;--awb-flex-wrap:wrap;\" ><div class=\"fusion-builder-row fusion-row fusion-flex-align-items-flex-start fusion-flex-content-wrap\" style=\"max-width:1305.6px;margin-left: calc(-2% \/ 2 );margin-right: calc(-2% \/ 2 );\"><div class=\"fusion-layout-column fusion_builder_column fusion-builder-column-0 fusion_builder_column_1_1 1_1 fusion-flex-column\" style=\"--awb-bg-blend:overlay;--awb-bg-size:cover;--awb-width-large:100%;--awb-margin-top-large:20px;--awb-spacing-right-large:0.98%;--awb-margin-bottom-large:0%;--awb-spacing-left-large:0.98%;--awb-width-medium:100%;--awb-spacing-right-medium:0.98%;--awb-spacing-left-medium:0.98%;--awb-width-small:100%;--awb-spacing-right-small:0.98%;--awb-spacing-left-small:0.98%;\"><div class=\"fusion-column-wrapper fusion-column-has-shadow fusion-flex-justify-content-flex-start fusion-content-layout-column\"><div class=\"fusion-title title fusion-title-1 fusion-sep-none fusion-title-text fusion-title-size-four\" style=\"--awb-text-color:var(--awb-custom_color_2);--awb-margin-top:0px;--awb-margin-bottom:0px;\"><h4 class=\"fusion-title-heading title-heading-left fusion-responsive-typography-calculated\" style=\"margin:0;text-transform:none;--fontSize:20;--minFontSize:20;line-height:1.5;\">BLENDTEC PROFFESIONAL 800 COLORE NERO &#8211; il pi\u00f9 potente e il pi\u00f9 silenzioso frullatore per uso domestico o fanatici (amanti) dei frullati.<\/h4><\/div><div class=\"fusion-text fusion-text-1\"><p>Il nuovo Blendtec Professioanal 800 \u00e8 il frullatore pi\u00f9 potente e pi\u00f9 silenzioso nel mondo. La innovativa copertura anti-rumore permette mescolare con livello di rumore, che possiede una semplice conversazione quotidiana. Queesto frullatore \u00e8 la ultima innovazione da parte di Blendtec, che adesso permette di mettere il vostro frullatore in prossimit\u00e0 della gente, senza preoccuparsi di disturbara o spaventare i clienti con rumore. Pi\u00f9 adatto per la gente che valorizza avere il migliore frullatore che nello stesso tempo produce davvero poco rumore.<\/p>\n<\/div><div class=\"fusion-title title fusion-title-2 fusion-sep-none fusion-title-text fusion-title-size-four\" style=\"--awb-text-color:var(--awb-custom_color_2);--awb-margin-top:0px;--awb-margin-bottom:0px;\"><h4 class=\"fusion-title-heading title-heading-left fusion-responsive-typography-calculated\" style=\"margin:0;text-transform:none;--fontSize:20;--minFontSize:20;line-height:1.5;\"><span data-sheets-value=\"{&quot;1&quot;:2,&quot;2&quot;:&quot;Caratteristiche&quot;}\" data-sheets-userformat=\"{&quot;2&quot;:897,&quot;3&quot;:{&quot;1&quot;:0},&quot;10&quot;:0,&quot;11&quot;:4,&quot;12&quot;:0}\">Caratteristiche:<\/span><\/h4><\/div><div class=\"fusion-text fusion-text-2\"><ul>\n<li>il frullatore pi\u00f9 silenzioso al mondo<\/li>\n<li>controllo tramite schermo capacitivo illuminato e sensibile al tocco<\/li>\n<li>cursore touch per il preciso controllo manuale della velocit\u00e0 e della potenza<\/li>\n<li>6 opzioni pre-programmati per i cicli pi\u00f9 usati- le bevande mescolate , 42 cicli preprogrammati per la prepararazione di frullati, succhi di frutta e verdura,<\/li>\n<li>bevande ghiacciate, caff\u00e8 ghiacciati, frappe, shake, ecc.<\/li>\n<li>centinaia di cicli &#8211; miscele per bevande- disponibile su web per download<\/li>\n<li>interfaccia USB per il caricamento e l&#8217;aggiornamento dei cicli di programma<\/li>\n<li>display blu<\/li>\n<li>possibilit\u00e0 di instalazzione sott il bancone<\/li>\n<li>il personale pu\u00f2 svolgere altre attivit\u00e0 durante la preparazione, il che significa che non \u00e8 necessario stare accanto al frullatore poich\u00e9 funziona<\/li>\n<li>autonomamente e si spegne automaticamente dopo aver completato il ciclo<\/li>\n<li>molto semplice per lavare<\/li>\n<li>compatibile con le caraffe brevettate FourSide \u2122 da 1,9L, WildSide \u2122 de 2,7L e Twister \u2122 de 0,9l per mescolanze pi\u00f9 dense<\/li>\n<li>Potenza: 1800W, 240V, 3,8KM<\/li>\n<li>Volume: una caraffa da 2,7L (lama di acciaio inossidabile)<\/li>\n<li>Dimensioni: 26,04cm x 26,04cm x 25,35cm (larghezza x altezza x profondit\u00e0<\/li>\n<li>Peso: 10,43 kg<\/li>\n<li>Garanzia: garanzia limitata di 10 anni<\/li>\n<\/ul>\n<\/div><div class=\"fusion-title title fusion-title-3 fusion-sep-none fusion-title-text fusion-title-size-four\" style=\"--awb-text-color:var(--awb-custom_color_2);--awb-margin-top:0px;--awb-margin-bottom:0px;\"><h4 class=\"fusion-title-heading title-heading-left fusion-responsive-typography-calculated\" style=\"margin:0;text-transform:none;--fontSize:20;--minFontSize:20;line-height:1.5;\"><span data-sheets-value=\"{&quot;1&quot;:2,&quot;2&quot;:&quot;Il pacchetto contiene:&quot;}\" data-sheets-userformat=\"{&quot;2&quot;:897,&quot;3&quot;:{&quot;1&quot;:0},&quot;10&quot;:0,&quot;11&quot;:4,&quot;12&quot;:0}\">Il pacchetto contiene:<\/span><\/h4><\/div><div class=\"fusion-text fusion-text-3\"><ul>\n<li>il frullatore<\/li>\n<li>1 x caraffa da 2,7L<\/li>\n<li>1 x coperchio<\/li>\n<li>1 x copertura anti-rumore<\/li>\n<\/ul>\n<\/div><div class=\"fusion-title title fusion-title-4 fusion-sep-none fusion-title-text fusion-title-size-four\" style=\"--awb-margin-bottom:0px;\"><h4 class=\"fusion-title-heading title-heading-left fusion-responsive-typography-calculated\" style=\"margin:0;text-transform:none;--fontSize:20;--minFontSize:20;line-height:1.5;\">I VANTAGGI PRINCIPALI E LE CARATTERISTICHE DEL FRULLATORE BLENDTEC E LA NOSTRA OPINIONE<\/h4><\/div><div class=\"fusion-text fusion-text-4 fusion-text-no-margin\" style=\"--awb-margin-bottom:0px;\"><ul>\n<li>Con una potenza invidiabile di 1800 W, Blendtec si posiziona tra i pi\u00f9 potenti dispositivi disponibili sul mercato mondiale. Grazie alla sua impressionante potenza, consente di preparare bevande in tempi estremamente brevi, impiegando in media tra i 15 e i 40 secondi per ottenere bevande cremose e rinfrescanti utilizzando frutta surgelata e verdure pi\u00f9 dure. (Gli altri apparecchi presenti sul mercato hanno una potenza massima significativamente inferiore, fino a 1200 W, e richiedono molto pi\u00f9 tempo per ottenere una consistenza simile nella preparazione delle bevande). In nessun caso un&#8217;apparecchiatura con una potenza inferiore, come ad esempio meno di 1000 W, pu\u00f2 essere paragonata a una potenza elevata di 2160 W, come evidenziato dal fatto che gli apparecchi meno potenti non sono in grado di miscelare le bevande in breve tempo e con la stessa consistenza liscia che il modello BLENDTEC PROFESSIONAL 800 pu\u00f2 raggiungere.<\/li>\n<\/ul>\n<\/div><div class=\"fusion-title title fusion-title-5 fusion-sep-none fusion-title-text fusion-title-size-four\" style=\"--awb-text-color:var(--awb-custom_color_2);--awb-margin-top:0px;--awb-margin-bottom:0px;\"><h4 class=\"fusion-title-heading title-heading-left fusion-responsive-typography-calculated\" style=\"margin:0;text-transform:none;--fontSize:20;--minFontSize:20;line-height:1.5;\">COSA PUO&#8217; FARE QUESTO FRULLATORE?<\/h4><\/div><div class=\"fusion-text fusion-text-5\"><p>Questa \u00e8 l&#8217;ultima evoluzione dei frullatori, tutto in un unico pacchetto con potenza e funzionamento silenzioso. In precedenza dovevi scegliere se volevi un frullatore pi\u00f9 potente che suonava come una sega circolare, oppure un frullatore pi\u00f9 silenzioso che funzionava come un temperamatite. Ma Blendtec ha creato una rivoluzionaria macchina frullatrice chiamata STEALTH (it. stealth, ovvero invisibile) nel suo dipartimento di ricerca e sviluppo!<\/p>\n<\/div><div class=\"fusion-text fusion-text-6\"><p><strong>PRINCIPALI MIGLIORAMENTI<\/strong> &#8211; Le migliori caratteristiche di questo frullatore rispetto agli altri sono la riduzione del rumore, il design dell&#8217;involucro moderno e pluripremiato e un nuovo metodo di controllo &#8220;touch pad&#8221; &#8211; uno schermo touch come lo conosciamo da altri dispositivi moderni. Esattamente cos\u00ec, niente pi\u00f9 tasti o pulsanti, tutto funziona solo con un semplice tocco. Quando chiudiamo il coperchio antirumore, il tutto si adatta e sigilla saldamente, poich\u00e9 con la gomma intorno all&#8217;involucro creiamo un vero e proprio scudo acustico. Anche l&#8217;involucro del motore \u00e8 perfettamente sigillato, contribuendo anch&#8217;esso a un funzionamento pi\u00f9 silenzioso. Questo frullatore \u00e8 davvero il frullatore pi\u00f9 silenzioso sul mercato. Grazie.<\/p>\n<p><strong>ADDIO AI PULSANTI<\/strong>: Il frullatore offre un panello di controllo di nuova generazione sensibile al tocco con illumonazione LED blu. Dispone di un controllo scorrevole della velocit\u00e0 del motore. Ha 42 cicli di frullamento preimpostati, personalizzabili a propria scelta con l&#8217;applicazione web Blend Wizard. Quest&#8217;ultima contiene gi\u00e0 oltre 100 cicli di frullamento preimpostati che possono essere scaricati a caricati sul tuo frullatore tramite chiavetta USB. Naturalmente, puoi anche creare i tuoi programmi selezionando il numero di giri del motore, la potenza, la velocit\u00e0 e la durata del frullamento con queste semplice applicazione. Per accedere al programma, accedi qui- http:\/\/blendtec.com\/commercial\/users\/login<\/p>\n<p><strong>IL MOTORE PI\u00d9 POTENTE<\/strong> &#8211; il motore da 2160W \u00e8 il frullatore pi\u00f9 potente nella sua categoria; produce 3,8 cavallo vapore con lo sforzo massimo e 2,9 cavallo vapore con mescolanza normale. \u00c8 destinato per l&#8217;uso in ambienti pi\u00f9 occupati<\/p>\n<p><strong>IL FRULLATORE PI\u00d9 SILENZIOSO<\/strong>: Ia copertura anti-rumore \u00e8 dotato con gomma per protezione e per assicurare una presa forte.Cosi possiamo prevenire che troppo rumore sarebbe uscito fuori e il design specialmente della costruzione garantisce la diminuzione del rumore prodotto dalla condotta di aria in apparecchio. Questa aria \u00e8 raffredata dal apparechio mentre funziona.<\/p>\n<p><strong>LA GARANZIA DI LUNGA DURATA<\/strong>: garanzia di 10 anni!- il frullatore Blendtec 800 \u00e8 coperto da garanzia completa per 10 anni per le parti e manodopera, che vengono eseguite su di esso. La garanzia e i servizi vengono forniti pressi gli spazi speciali dell&#8217;azienda e tutto il lavoro viene eseguito da tecnici certificati e qualificati del servizio Blendtec.<\/p>\n<p><strong>LE CARAFFE BREVETTATE<\/strong>: Blendtec dispone di una caraffa brevettata, con lame larghe, progettate in modo che non si accumulino mai residui di cibo, bevande o condimenti sotto le lame. Dopo diverse prove con altri frullatori concorrenti, abbiamo valutato che con il contenitore Blendtec \u00e8 pi\u00f9 facile ottenere tutti gli ingredienti con una spatola, soprattutto salse pi\u00f9 dense e burri di noci, che solitamente si accumulano sotto le lame di altri frullatori a causa dell&#8217;altezza della brocca e della sua forma pi\u00f9 stretta, che li rende difficili da rimuovere.<\/p>\n<p><strong>LA CARAFFA TWISTER<\/strong>: Blendtec offre anche la nuova caraffa Twister JAR, che \u00e8 una caraffa pi\u00f9 piccola e quindi molto adatta per preparare piatti di piccola quantit\u00e0, come burri di frutta seccha, formaggi crudisti, condimenti, creme spaalmabili. Con il frulatore Blendtec potrei cosi preparare piatti grandi o piccoli, sia una ricetta semplice o complessa.<\/p>\n<p><strong>BPA FREE<\/strong>: Gll apparecchi Blendtec sono progettati e prodotti negli Stati Uniti e sono realizzati con materiale di alta qualit\u00e0, tutte le caraffe sono prive di tossico Bisfenolo-A ed \u00e8 importante che quando frulliamo ad alta velocit\u00e0 il Bisfenolo-A non venga rilasciato nelle bevande sane. Infatti dall&#8217;imballo plastico possiamo il Bisfenolo-A pu\u00f2 essere rilasciato nel cibo, specialmente a temperature pi\u00f9 elevate, cosa che succede spesso coon gli apparecchi che non sono abbastanza potenti e richiedono molto tempo per mescolare una consistenza omogenea Pi\u00f9 a lungo dura il tempo di mescolamento, pi\u00f9 le bevande si scaldano. Pertanto \u00e8 di fondamentale importanza che le caraffe, in cui si preparano le bevande, siano prive di BPA.<\/p>\n<p><strong>COSA SIGNIFICA BPA FREE?<\/strong> Il BPA (biisfenolo A) \u00e8 una sostanza chimica industriale per la produzione di plastica policarbonata, resine epossidiche e altri prodotti. Si \u00e8 scoperto che viene rilasciato da molti contenitori per alimenti e bevande, compresi quelli che utilizziamo per i nostri bambini e figli. BPA FREE significa che il materiale non contiene Bisfenolo A. Blendtec \u00e8 attualmente l&#8217;unico produttore che offre un frullatore con contenitori BPA Free sul mercato europeo.<\/p>\n<p><strong>IL CONTROLO MANUALE O AUTOMATICO<\/strong>: Lo schermo touch screem \u00e8 retroilluminato per un utilizzo anche in ambienti pi\u00f9 bui, la barra touch per il controllo manuale \u00e8 regolabile per un migliore controllo manuale e monitoraggio. \u00c8 presente anche un&#8217;interfaccia USB &#8211; un programma online per la creazione e il caricamento di cicli speciali, siponibili online. Quindi , provate e create il vostro ciclo e scegliete uno dei pi\u00f9 di 100 cicli pre-programmati e troverete quello giusto per risultati ancora pi\u00f9 incredibili. Blendtec Stealth \u00e8 il frullatore commerciale pi\u00f9 silenzioso al mondo ed \u00e8 ovviamente sompatibile con tutti i contenitori Blendtec, acnhe quelli pi\u00f9 vecchi. Il frullatore pu\u00f2 essere programmato con 42 cicli preimpostati.<\/p>\n<\/div><\/div><\/div><\/div><\/div><div class=\"fusion-fullwidth fullwidth-box fusion-builder-row-2 fusion-flex-container nonhundred-percent-fullwidth non-hundred-percent-height-scrolling\" style=\"--awb-border-radius-top-left:0px;--awb-border-radius-top-right:0px;--awb-border-radius-bottom-right:0px;--awb-border-radius-bottom-left:0px;--awb-flex-wrap:wrap;\" ><div class=\"fusion-builder-row fusion-row fusion-flex-align-items-flex-start fusion-flex-content-wrap\" style=\"max-width:1331.2px;margin-left: calc(-4% \/ 2 );margin-right: calc(-4% \/ 2 );\"><div class=\"fusion-layout-column fusion_builder_column fusion-builder-column-1 fusion_builder_column_1_1 1_1 fusion-flex-column\" style=\"--awb-bg-size:cover;--awb-width-large:100%;--awb-margin-top-large:0px;--awb-spacing-right-large:1.92%;--awb-margin-bottom-large:0px;--awb-spacing-left-large:1.92%;--awb-width-medium:100%;--awb-spacing-right-medium:1.92%;--awb-spacing-left-medium:1.92%;--awb-width-small:100%;--awb-spacing-right-small:1.92%;--awb-spacing-left-small:1.92%;\"><div class=\"fusion-column-wrapper fusion-flex-justify-content-flex-start fusion-content-layout-column\"><div class=\"fusion-text fusion-text-7\"><\/div><\/div><\/div><\/div><\/div><\/p>\n","protected":false},"excerpt":{"rendered":"<p>FRULLATORE BLENDTEC PROFESSIONAL 800 DI COLORE NERO CON CONTENITORE WILDSIDE 2,7L<\/p>\n<p>Blendtec PROFESSIONAL 800 Blender \u00e8 il frullatore pi\u00f9 potente e silenzioso al mondo. \u00c8 particolarmente adatto per coloro che desiderano acquistare il miglior apparecchio disponibile sul mercato e godersi l&#8217;uso quotidiano di esso.<\/p>\n","protected":false},"featured_media":3901,"template":"","meta":[],"product_brand":[],"product_cat":[96,97],"product_tag":[109],"class_list":{"0":"post-4455","1":"product","2":"type-product","3":"status-publish","4":"has-post-thumbnail","6":"product_cat-frullatori","7":"product_cat-uso-domestico","8":"product_tag-coversi-it","10":"first","11":"instock","12":"taxable","13":"shipping-taxable","14":"purchasable","15":"product-type-simple"},"yoast_head":"<!-- This site is optimized with the Yoast SEO plugin v26.7 - https:\/\/yoast.com\/wordpress\/plugins\/seo\/ -->\n<title>Profesional 800 - Blendtec<\/title>\n<meta name=\"robots\" content=\"index, follow, max-snippet:-1, max-image-preview:large, max-video-preview:-1\" \/>\n<link rel=\"canonical\" href=\"https:\/\/blendtec.si\/it\/articolo\/profesional-800-nero\/\" \/>\n<meta property=\"og:locale\" content=\"it_IT\" \/>\n<meta property=\"og:type\" content=\"article\" \/>\n<meta property=\"og:title\" content=\"Profesional 800 - Blendtec\" \/>\n<meta property=\"og:description\" content=\"FRULLATORE BLENDTEC PROFESSIONAL 800 DI COLORE NERO CON CONTENITORE WILDSIDE 2,7L  Blendtec PROFESSIONAL 800 Blender \u00e8 il frullatore pi\u00f9 potente e silenzioso al mondo. \u00c8 particolarmente adatto per coloro che desiderano acquistare il miglior apparecchio disponibile sul mercato e godersi l&#039;uso quotidiano di esso.\" \/>\n<meta property=\"og:url\" content=\"https:\/\/blendtec.si\/it\/articolo\/profesional-800-nero\/\" \/>\n<meta property=\"og:site_name\" content=\"Blendtec\" \/>\n<meta property=\"article:modified_time\" content=\"2023-09-21T11:12:55+00:00\" \/>\n<meta property=\"og:image\" content=\"https:\/\/blendtec.si\/wp-content\/uploads\/2022\/11\/00136a.jpg\" \/>\n\t<meta property=\"og:image:width\" content=\"1240\" \/>\n\t<meta property=\"og:image:height\" content=\"1374\" \/>\n\t<meta property=\"og:image:type\" content=\"image\/jpeg\" \/>\n<meta name=\"twitter:card\" content=\"summary_large_image\" \/>\n<meta name=\"twitter:label1\" content=\"Tempo di lettura stimato\" \/>\n\t<meta name=\"twitter:data1\" content=\"16 minuti\" \/>\n<script type=\"application\/ld+json\" class=\"yoast-schema-graph\">{\"@context\":\"https:\/\/schema.org\",\"@graph\":[{\"@type\":\"WebPage\",\"@id\":\"https:\/\/blendtec.si\/it\/articolo\/profesional-800-nero\/\",\"url\":\"https:\/\/blendtec.si\/it\/articolo\/profesional-800-nero\/\",\"name\":\"Profesional 800 - Blendtec\",\"isPartOf\":{\"@id\":\"https:\/\/blendtec.si\/#website\"},\"primaryImageOfPage\":{\"@id\":\"https:\/\/blendtec.si\/it\/articolo\/profesional-800-nero\/#primaryimage\"},\"image\":{\"@id\":\"https:\/\/blendtec.si\/it\/articolo\/profesional-800-nero\/#primaryimage\"},\"thumbnailUrl\":\"https:\/\/blendtec.si\/wp-content\/uploads\/2022\/11\/00136a.jpg\",\"datePublished\":\"2022-11-15T22:43:02+00:00\",\"dateModified\":\"2023-09-21T11:12:55+00:00\",\"breadcrumb\":{\"@id\":\"https:\/\/blendtec.si\/it\/articolo\/profesional-800-nero\/#breadcrumb\"},\"inLanguage\":\"it-IT\",\"potentialAction\":[{\"@type\":\"ReadAction\",\"target\":[\"https:\/\/blendtec.si\/it\/articolo\/profesional-800-nero\/\"]}]},{\"@type\":\"ImageObject\",\"inLanguage\":\"it-IT\",\"@id\":\"https:\/\/blendtec.si\/it\/articolo\/profesional-800-nero\/#primaryimage\",\"url\":\"https:\/\/blendtec.si\/wp-content\/uploads\/2022\/11\/00136a.jpg\",\"contentUrl\":\"https:\/\/blendtec.si\/wp-content\/uploads\/2022\/11\/00136a.jpg\",\"width\":1240,\"height\":1374},{\"@type\":\"BreadcrumbList\",\"@id\":\"https:\/\/blendtec.si\/it\/articolo\/profesional-800-nero\/#breadcrumb\",\"itemListElement\":[{\"@type\":\"ListItem\",\"position\":1,\"name\":\"Home\",\"item\":\"https:\/\/blendtec.si\/it\/\"},{\"@type\":\"ListItem\",\"position\":2,\"name\":\"Negozio\",\"item\":\"https:\/\/blendtec.si\/it\/negozio-online\/\"},{\"@type\":\"ListItem\",\"position\":3,\"name\":\"Profesional 800\"}]},{\"@type\":\"WebSite\",\"@id\":\"https:\/\/blendtec.si\/#website\",\"url\":\"https:\/\/blendtec.si\/\",\"name\":\"Blendtec\",\"description\":\"Made in USA\",\"potentialAction\":[{\"@type\":\"SearchAction\",\"target\":{\"@type\":\"EntryPoint\",\"urlTemplate\":\"https:\/\/blendtec.si\/?s={search_term_string}\"},\"query-input\":{\"@type\":\"PropertyValueSpecification\",\"valueRequired\":true,\"valueName\":\"search_term_string\"}}],\"inLanguage\":\"it-IT\"}]}<\/script>\n<!-- \/ Yoast SEO plugin. -->","yoast_head_json":{"title":"Profesional 800 - Blendtec","robots":{"index":"index","follow":"follow","max-snippet":"max-snippet:-1","max-image-preview":"max-image-preview:large","max-video-preview":"max-video-preview:-1"},"canonical":"https:\/\/blendtec.si\/it\/articolo\/profesional-800-nero\/","og_locale":"it_IT","og_type":"article","og_title":"Profesional 800 - Blendtec","og_description":"FRULLATORE BLENDTEC PROFESSIONAL 800 DI COLORE NERO CON CONTENITORE WILDSIDE 2,7L  Blendtec PROFESSIONAL 800 Blender \u00e8 il frullatore pi\u00f9 potente e silenzioso al mondo. \u00c8 particolarmente adatto per coloro che desiderano acquistare il miglior apparecchio disponibile sul mercato e godersi l'uso quotidiano di esso.","og_url":"https:\/\/blendtec.si\/it\/articolo\/profesional-800-nero\/","og_site_name":"Blendtec","article_modified_time":"2023-09-21T11:12:55+00:00","og_image":[{"width":1240,"height":1374,"url":"https:\/\/blendtec.si\/wp-content\/uploads\/2022\/11\/00136a.jpg","type":"image\/jpeg"}],"twitter_card":"summary_large_image","twitter_misc":{"Tempo di lettura stimato":"16 minuti"},"schema":{"@context":"https:\/\/schema.org","@graph":[{"@type":"WebPage","@id":"https:\/\/blendtec.si\/it\/articolo\/profesional-800-nero\/","url":"https:\/\/blendtec.si\/it\/articolo\/profesional-800-nero\/","name":"Profesional 800 - Blendtec","isPartOf":{"@id":"https:\/\/blendtec.si\/#website"},"primaryImageOfPage":{"@id":"https:\/\/blendtec.si\/it\/articolo\/profesional-800-nero\/#primaryimage"},"image":{"@id":"https:\/\/blendtec.si\/it\/articolo\/profesional-800-nero\/#primaryimage"},"thumbnailUrl":"https:\/\/blendtec.si\/wp-content\/uploads\/2022\/11\/00136a.jpg","datePublished":"2022-11-15T22:43:02+00:00","dateModified":"2023-09-21T11:12:55+00:00","breadcrumb":{"@id":"https:\/\/blendtec.si\/it\/articolo\/profesional-800-nero\/#breadcrumb"},"inLanguage":"it-IT","potentialAction":[{"@type":"ReadAction","target":["https:\/\/blendtec.si\/it\/articolo\/profesional-800-nero\/"]}]},{"@type":"ImageObject","inLanguage":"it-IT","@id":"https:\/\/blendtec.si\/it\/articolo\/profesional-800-nero\/#primaryimage","url":"https:\/\/blendtec.si\/wp-content\/uploads\/2022\/11\/00136a.jpg","contentUrl":"https:\/\/blendtec.si\/wp-content\/uploads\/2022\/11\/00136a.jpg","width":1240,"height":1374},{"@type":"BreadcrumbList","@id":"https:\/\/blendtec.si\/it\/articolo\/profesional-800-nero\/#breadcrumb","itemListElement":[{"@type":"ListItem","position":1,"name":"Home","item":"https:\/\/blendtec.si\/it\/"},{"@type":"ListItem","position":2,"name":"Negozio","item":"https:\/\/blendtec.si\/it\/negozio-online\/"},{"@type":"ListItem","position":3,"name":"Profesional 800"}]},{"@type":"WebSite","@id":"https:\/\/blendtec.si\/#website","url":"https:\/\/blendtec.si\/","name":"Blendtec","description":"Made in USA","potentialAction":[{"@type":"SearchAction","target":{"@type":"EntryPoint","urlTemplate":"https:\/\/blendtec.si\/?s={search_term_string}"},"query-input":{"@type":"PropertyValueSpecification","valueRequired":true,"valueName":"search_term_string"}}],"inLanguage":"it-IT"}]}},"_links":{"self":[{"href":"https:\/\/blendtec.si\/it\/wp-json\/wp\/v2\/product\/4455","targetHints":{"allow":["GET"]}}],"collection":[{"href":"https:\/\/blendtec.si\/it\/wp-json\/wp\/v2\/product"}],"about":[{"href":"https:\/\/blendtec.si\/it\/wp-json\/wp\/v2\/types\/product"}],"wp:featuredmedia":[{"embeddable":true,"href":"https:\/\/blendtec.si\/it\/wp-json\/wp\/v2\/media\/3901"}],"wp:attachment":[{"href":"https:\/\/blendtec.si\/it\/wp-json\/wp\/v2\/media?parent=4455"}],"wp:term":[{"taxonomy":"product_brand","embeddable":true,"href":"https:\/\/blendtec.si\/it\/wp-json\/wp\/v2\/product_brand?post=4455"},{"taxonomy":"product_cat","embeddable":true,"href":"https:\/\/blendtec.si\/it\/wp-json\/wp\/v2\/product_cat?post=4455"},{"taxonomy":"product_tag","embeddable":true,"href":"https:\/\/blendtec.si\/it\/wp-json\/wp\/v2\/product_tag?post=4455"}],"curies":[{"name":"wp","href":"https:\/\/api.w.org\/{rel}","templated":true}]}}