{"id":4454,"date":"2022-11-15T23:45:08","date_gmt":"2022-11-15T22:45:08","guid":{"rendered":"https:\/\/blendtec.si\/izdelek\/classic-575-crne-barve\/"},"modified":"2023-09-21T13:01:29","modified_gmt":"2023-09-21T11:01:29","slug":"classic-575-colore-nero","status":"publish","type":"product","link":"https:\/\/blendtec.si\/it\/articolo\/classic-575-colore-nero\/","title":{"rendered":"Classic 575- colore nero"},"content":{"rendered":"<p><div class=\"fusion-fullwidth fullwidth-box fusion-builder-row-1 fusion-flex-container nonhundred-percent-fullwidth non-hundred-percent-height-scrolling\" style=\"--awb-border-radius-top-left:0px;--awb-border-radius-top-right:0px;--awb-border-radius-bottom-right:0px;--awb-border-radius-bottom-left:0px;--awb-padding-bottom:0%;--awb-margin-bottom:0px;--awb-flex-wrap:wrap;\" ><div class=\"fusion-builder-row fusion-row fusion-flex-align-items-flex-start fusion-flex-content-wrap\" style=\"max-width:1305.6px;margin-left: calc(-2% \/ 2 );margin-right: calc(-2% \/ 2 );\"><div class=\"fusion-layout-column fusion_builder_column fusion-builder-column-0 fusion_builder_column_1_1 1_1 fusion-flex-column\" style=\"--awb-bg-blend:overlay;--awb-bg-size:cover;--awb-width-large:100%;--awb-margin-top-large:20px;--awb-spacing-right-large:0.98%;--awb-margin-bottom-large:0%;--awb-spacing-left-large:0.98%;--awb-width-medium:100%;--awb-spacing-right-medium:0.98%;--awb-spacing-left-medium:0.98%;--awb-width-small:100%;--awb-spacing-right-small:0.98%;--awb-spacing-left-small:0.98%;\"><div class=\"fusion-column-wrapper fusion-column-has-shadow fusion-flex-justify-content-flex-start fusion-content-layout-column\"><div class=\"fusion-text fusion-text-1\"><p>BLENDTEC CLASSIC 575 &#8211; COLORE NERO \u00e8 un frullatore da cucina professionale di fama mondiale, considerato il migliore e il pi\u00f9 potente, con il quale potete preparare bevande biologiche fresche, frullati verdi cremosi, smoothie, succhi di frutta e verdura, gelati fatti in casa, cappuccino, salse varie, condimenti, impasto per il pane, frutta secca tritata, burri di frutta secca e molte altre cose. \u00c8 un&#8217;apparecchio indispensabile nella creazione di piatti freschi, crudi e vegani. Il frullatore pu\u00f2 essere utilizzato per preparare zuppe, dessert e piatti decadenti. Con il suo design elegante, trova spazio in molte cucine moderne. Grazie alle dimensioni compatte e all&#8217;altezza ridotta del recipiente, \u00e8 adatto per essere posizionato sul piano della cucina sotto l&#8217;armadietto.<\/p>\n<p>Blendtec Classic 575 \u00e8 un modello classico tra gli apparecchi Blendec, ovvero il successore del famoso apparachio Home Blender (HP3A), con una potenza eccezionale ed ha vari funzioni. Con l&#8217;aiutu dei diversi cicli d&#8217;uso gi\u00e0 programmati, facilita la preparazione dei frullati, salse, zuppe calde e dessert cremosi.<\/p>\n<\/div><div class=\"fusion-title title fusion-title-1 fusion-sep-none fusion-title-text fusion-title-size-four\" style=\"--awb-text-color:var(--awb-custom_color_2);--awb-margin-top:0px;--awb-margin-bottom:0px;\"><h4 class=\"fusion-title-heading title-heading-left fusion-responsive-typography-calculated\" style=\"margin:0;text-transform:none;--fontSize:20;--minFontSize:20;line-height:1.5;\">Il pacchetto contiene:<\/h4><\/div><div class=\"fusion-text fusion-text-2\"><ul>\n<li>motore 575 classico 1560W<\/li>\n<li>caraffa FourSide da 1,9L (BPA free)<\/li>\n<li>manuale d&#8217;uso in sloveno<\/li>\n<\/ul>\n<\/div><div class=\"fusion-title title fusion-title-2 fusion-sep-none fusion-title-text fusion-title-size-four\" style=\"--awb-text-color:var(--awb-custom_color_2);--awb-margin-top:0px;--awb-margin-bottom:0px;\"><h4 class=\"fusion-title-heading title-heading-left fusion-responsive-typography-calculated\" style=\"margin:0;text-transform:none;--fontSize:20;--minFontSize:20;line-height:1.5;\">Le caratteristiche del apparechio:<\/h4><\/div><div class=\"fusion-text fusion-text-3\"><p><em>Un frullatore universale e multifunzionale<\/em><br \/>\nBlendtec Classic 575 \u00e8 un modello classico di famiglia Blendec, ovvero il successore del famoso apparachio Home Blender (HP3A), con una potenza eccezionale ed ha vari funzioni. Con l&#8217;aiutu dei diversi cicli d&#8217;uso gi\u00e0 programmati, facilita la preparazione dei frullati, salse, zuppe calde e dessert cremosi.<\/p>\n<p><em>Cicli programmati di miscelazione<\/em><br \/>\nAdesso possiate preparere a casa le bevande di vostri juice-bar o ristoranti preferiiti. Il frullatore Blendtec Classic 575 contiene cicli di mescolazione automaticamente programmati, per esempio &#8220;smoothie&#8221; o &#8220;juice&#8221;, che producono bevande perfettamente cremose e omogenee. La funzione &#8220;clean&#8221; garantisce che il contenitore sia molto facile da lavare.<\/p>\n<p><em>Pulsanti &#8220;touch&#8221; per la programmazione del tempo<\/em><br \/>\nIl blendtec offre due pullsanti di programmazione automatica del tempo, uno per 60 secoondi e l&#8217;altro per 90 secondi. Premendo uno dei qeusti pulsanti, l&#8217;apparecchio si occuper\u00e0 di preparare la ricetta desiderata, come frullati, zuppe, salse e altre ricette liquide, mentre voi potrete didecarvi ad altre attivit\u00e0 in cucina durante il funzionamento dell&#8217;apparecchio.<\/p>\n<p><em>Modalit\u00e0 manuale e 5 velocit\u00e0<\/em><br \/>\nLa modalit\u00e0 manuale a 5 velocit\u00e0 consente di regolare autonomamente la velocit\u00e0 di miscelazione e quindi la preparazione delle ricette. Durante la miscelazione \u00e8 possibile selezionare i diversi tasti a sinistra o a destraper aumentare o diminuire la velocit\u00e0 di miscelazione, oppure premere e tenere premuto il tasto &#8220;pulse&#8221; per una potenza di frullazione immediata.<\/p>\n<\/div><div class=\"fusion-title title fusion-title-3 fusion-sep-none fusion-title-text fusion-title-size-four\" style=\"--awb-text-color:var(--awb-custom_color_2);--awb-margin-top:0px;--awb-margin-bottom:0px;\"><h4 class=\"fusion-title-heading title-heading-left fusion-responsive-typography-calculated\" style=\"margin:0;text-transform:none;--fontSize:20;--minFontSize:20;line-height:1.5;\">Caratteristiche tecniche:<\/h4><\/div><div class=\"fusion-text fusion-text-4\"><ul>\n<li>Motore 3,0 HP<\/li>\n<li>Potenza: 1560 W (potenza effettiva, non la potenza di picco)<\/li>\n<li>Pannello di controllo liscio, che funziona con il tocco e facile da pulire<\/li>\n<li>Programmi di miscelazione preimpostati: smoothie, pulizia, 60 secondi, 90 secondi<\/li>\n<li>5 modalit\u00e0 di velocit\u00e0 manuale e pulsante di impulso<\/li>\n<li>Colore: nero<\/li>\n<li>Sul display illuminato viene visualizzato il tempo del ciclo di miscelazione<\/li>\n<li>Dimensioni: 17,78 cm di larghezza x 38,10 cm di altezza x 23,50 cm di profondit\u00e0<\/li>\n<li>Peso: 4,12 kg<\/li>\n<li>Tensione: 240 V<\/li>\n<li><strong>Garanzia di 2 anni<\/strong><\/li>\n<\/ul>\n<\/div><div class=\"fusion-title title fusion-title-4 fusion-sep-none fusion-title-text fusion-title-size-four\" style=\"--awb-margin-bottom:0px;\"><h4 class=\"fusion-title-heading title-heading-left fusion-responsive-typography-calculated\" style=\"margin:0;text-transform:none;--fontSize:20;--minFontSize:20;line-height:1.5;\">I MAGGIORI VANTAGGI E LE CARATTERISTICHE DEL APPARECCHIO BLENDTEC E LA NOSTRA OPINIONE<\/h4><\/div><div class=\"fusion-text fusion-text-5 fusion-text-no-margin\" style=\"--awb-margin-bottom:0px;\"><ul>\n<li>Con una potenza invidiabile, Blendtec si posiziona tra i blender pi\u00f9 potenti disponibili sul mercato mondiale. Grazie alla sua impressionante potenza, consente di preparare bevande in tempi estremamente brevi, impiegando in media tra i 25 e i 45 secondi per ottenere bevande cremose e rinfrescanti utilizzando frutta surgelata e verdure a foglia verde pi\u00f9 dure. (Gli altri apparecchi presenti sul mercato hanno una potenza inferiore a 1200 W e richiedono molto pi\u00f9 tempo per ottenere una consistenza simile nelle bevande e, se lasciati in funzione per periodi pi\u00f9 lunghi, possono riscaldare il contenuto delle bevande). In nessun caso un&#8217;apparecchiatura con una potenza inferiore, come ad esempio meno di 1000 W, pu\u00f2 essere paragonata a una potenza elevata di 1560 W, come evidenziato dal fatto che gli apparecchi meno potenti non sono in grado di miscelare le bevande in breve tempo e con la stessa consistenza liscia che il frullatore Blendtec pu\u00f2 raggiungere.<\/li>\n<li>Gli apparecchi Blendtec sono progettati e prodotti negli Stati Uniti e sono realizzati con materiali di alta qualit\u00e0. Tutte le caraffe sono prive di Bisfenolo-A (BPA), ed \u00e8 estremamente importante che quando si miscelano smoothie ad alta potenza, il Bisfenolo-A non venga rilasciato nelle bevande salutari. Infatti, dalle confezioni di plastica il Bisfenolo-A pu\u00f2 migrare negli alimenti, specialmente a temperature elevate, il che accade spesso negli apparecchi che non sono abbastanza potenti e richiedono molto tempo per ottenere una consistenza liscia. Pi\u00f9 a lungo dura il processo di miscelazione, pi\u00f9 si riscalda la bevanda. Pertanto, \u00e8 fondamentale che le caraffe utilizzate per preparare le bevande siano prive di BPA (BPA free).<\/li>\n<li>Blendtec ha un brevetto per la sua ampia caraffa quadrata a quattro lati (FourSide 1,9 litri) o a cinque lati (WildSide+ 2,1 litri), con lame ampie e spuntate che non funzionano con la nitidezza, ma con la potenza per frantumare gli ingredienti. Ci\u00f2 significa che le lame non si rompono e non \u00e8 necessario sostituirle. Inoltre, la caraffa \u00e8 progettata in modo tale che non si accumulino residui di cibo, bevande o creme sotto le lame. Dopo vari test comparativi con altri blender concorrenti, abbiamo valutato che dalla caraffa Blendtec \u00e8 pi\u00f9 facile ottenere tutti gli ingredienti, soprattutto salse pi\u00f9 dense e burro di noci, che di solito si accumulano sotto le lame negli altri frullatori e sono estremamente difficili da rimuovere a causa dell&#8217;altezza e della forma pi\u00f9 stretta della caraffa.<\/li>\n<li>Blendtec offre la caraffa aggiuntiva Twister JAR, che \u00e8 una caraffa pi\u00f9 piccola (0,9 litri) e quindi molto adatto per la preparazione di quantit\u00e0 minori come burro di noci, formaggi crudi, condimenti e salse. Con il Blendtec, sarete in grado di soddisfare completamente le vostre esigenze, sia per quantit\u00e0 minori che maggiori, e anche per ricette semplici o pi\u00f9 complesse.<\/li>\n<\/ul>\n<\/div><\/div><\/div><\/div><\/div><div class=\"fusion-fullwidth fullwidth-box fusion-builder-row-2 fusion-flex-container nonhundred-percent-fullwidth non-hundred-percent-height-scrolling\" style=\"--awb-border-radius-top-left:0px;--awb-border-radius-top-right:0px;--awb-border-radius-bottom-right:0px;--awb-border-radius-bottom-left:0px;--awb-flex-wrap:wrap;\" ><div class=\"fusion-builder-row fusion-row fusion-flex-align-items-flex-start fusion-flex-content-wrap\" style=\"max-width:1331.2px;margin-left: calc(-4% \/ 2 );margin-right: calc(-4% \/ 2 );\"><div class=\"fusion-layout-column fusion_builder_column fusion-builder-column-1 fusion_builder_column_1_1 1_1 fusion-flex-column\" style=\"--awb-bg-size:cover;--awb-width-large:100%;--awb-margin-top-large:0px;--awb-spacing-right-large:1.92%;--awb-margin-bottom-large:0px;--awb-spacing-left-large:1.92%;--awb-width-medium:100%;--awb-spacing-right-medium:1.92%;--awb-spacing-left-medium:1.92%;--awb-width-small:100%;--awb-spacing-right-small:1.92%;--awb-spacing-left-small:1.92%;\"><div class=\"fusion-column-wrapper fusion-flex-justify-content-flex-start fusion-content-layout-column\"><div class=\"fusion-text fusion-text-6\"><p>&nbsp;<\/p>\n<\/div><\/div><\/div><\/div><\/div><\/p>\n","protected":false},"excerpt":{"rendered":"<p>Blendtec Classic 575 \u00e8 un modello classico tra gli apparecchi Blendec, ovvero il successore del famoso apparachio Home Blender (HP3A), con una potenza eccezionale ed ha vari funzioni. Con l&#8217;aiutu dei diversi cicli d&#8217;uso gi\u00e0 programmati, facilita la preparazione dei frullati, salse, zuppe calde e dessert cremosi.<\/p>\n","protected":false},"featured_media":3860,"template":"","meta":[],"product_brand":[],"product_cat":[96,97],"product_tag":[103],"class_list":{"0":"post-4454","1":"product","2":"type-product","3":"status-publish","4":"has-post-thumbnail","6":"product_cat-frullatori","7":"product_cat-uso-domestico","8":"product_tag-coverit","10":"first","11":"instock","12":"taxable","13":"shipping-taxable","14":"purchasable","15":"product-type-simple"},"yoast_head":"<!-- This site is optimized with the Yoast SEO plugin v26.7 - https:\/\/yoast.com\/wordpress\/plugins\/seo\/ -->\n<title>Classic 575- colore nero - Blendtec<\/title>\n<meta name=\"robots\" content=\"index, follow, max-snippet:-1, max-image-preview:large, max-video-preview:-1\" \/>\n<link rel=\"canonical\" href=\"https:\/\/blendtec.si\/articolo\/classic-575-crne-barve\/\" \/>\n<meta property=\"og:locale\" content=\"it_IT\" \/>\n<meta property=\"og:type\" content=\"article\" \/>\n<meta property=\"og:title\" content=\"Classic 575- colore nero - Blendtec\" \/>\n<meta property=\"og:description\" content=\"Blendtec Classic 575 \u00e8 un modello classico tra gli apparecchi Blendec, ovvero il successore del famoso apparachio Home Blender (HP3A), con una potenza eccezionale ed ha vari funzioni. Con l&#039;aiutu dei diversi cicli d&#039;uso gi\u00e0 programmati, facilita la preparazione dei frullati, salse, zuppe calde e dessert cremosi.\" \/>\n<meta property=\"og:url\" content=\"https:\/\/blendtec.si\/articolo\/classic-575-crne-barve\/\" \/>\n<meta property=\"og:site_name\" content=\"Blendtec\" \/>\n<meta property=\"article:modified_time\" content=\"2023-09-21T11:01:29+00:00\" \/>\n<meta property=\"og:image\" content=\"https:\/\/blendtec.si\/wp-content\/uploads\/2022\/11\/00110a.jpg\" \/>\n\t<meta property=\"og:image:width\" content=\"1240\" \/>\n\t<meta property=\"og:image:height\" content=\"1374\" \/>\n\t<meta property=\"og:image:type\" content=\"image\/jpeg\" \/>\n<meta name=\"twitter:card\" content=\"summary_large_image\" \/>\n<meta name=\"twitter:label1\" content=\"Tempo di lettura stimato\" \/>\n\t<meta name=\"twitter:data1\" content=\"13 minuti\" \/>\n<script type=\"application\/ld+json\" class=\"yoast-schema-graph\">{\"@context\":\"https:\/\/schema.org\",\"@graph\":[{\"@type\":\"WebPage\",\"@id\":\"https:\/\/blendtec.si\/articolo\/classic-575-crne-barve\/\",\"url\":\"https:\/\/blendtec.si\/articolo\/classic-575-crne-barve\/\",\"name\":\"Classic 575- colore nero - Blendtec\",\"isPartOf\":{\"@id\":\"https:\/\/blendtec.si\/#website\"},\"primaryImageOfPage\":{\"@id\":\"https:\/\/blendtec.si\/articolo\/classic-575-crne-barve\/#primaryimage\"},\"image\":{\"@id\":\"https:\/\/blendtec.si\/articolo\/classic-575-crne-barve\/#primaryimage\"},\"thumbnailUrl\":\"https:\/\/blendtec.si\/wp-content\/uploads\/2022\/11\/00110a.jpg\",\"datePublished\":\"2022-11-15T22:45:08+00:00\",\"dateModified\":\"2023-09-21T11:01:29+00:00\",\"breadcrumb\":{\"@id\":\"https:\/\/blendtec.si\/articolo\/classic-575-crne-barve\/#breadcrumb\"},\"inLanguage\":\"it-IT\",\"potentialAction\":[{\"@type\":\"ReadAction\",\"target\":[\"https:\/\/blendtec.si\/articolo\/classic-575-crne-barve\/\"]}]},{\"@type\":\"ImageObject\",\"inLanguage\":\"it-IT\",\"@id\":\"https:\/\/blendtec.si\/articolo\/classic-575-crne-barve\/#primaryimage\",\"url\":\"https:\/\/blendtec.si\/wp-content\/uploads\/2022\/11\/00110a.jpg\",\"contentUrl\":\"https:\/\/blendtec.si\/wp-content\/uploads\/2022\/11\/00110a.jpg\",\"width\":1240,\"height\":1374},{\"@type\":\"BreadcrumbList\",\"@id\":\"https:\/\/blendtec.si\/articolo\/classic-575-crne-barve\/#breadcrumb\",\"itemListElement\":[{\"@type\":\"ListItem\",\"position\":1,\"name\":\"Home\",\"item\":\"https:\/\/blendtec.si\/it\/\"},{\"@type\":\"ListItem\",\"position\":2,\"name\":\"Negozio\",\"item\":\"https:\/\/blendtec.si\/it\/negozio-online\/\"},{\"@type\":\"ListItem\",\"position\":3,\"name\":\"Classic 575- colore nero\"}]},{\"@type\":\"WebSite\",\"@id\":\"https:\/\/blendtec.si\/#website\",\"url\":\"https:\/\/blendtec.si\/\",\"name\":\"Blendtec\",\"description\":\"Made in USA\",\"potentialAction\":[{\"@type\":\"SearchAction\",\"target\":{\"@type\":\"EntryPoint\",\"urlTemplate\":\"https:\/\/blendtec.si\/?s={search_term_string}\"},\"query-input\":{\"@type\":\"PropertyValueSpecification\",\"valueRequired\":true,\"valueName\":\"search_term_string\"}}],\"inLanguage\":\"it-IT\"}]}<\/script>\n<!-- \/ Yoast SEO plugin. -->","yoast_head_json":{"title":"Classic 575- colore nero - Blendtec","robots":{"index":"index","follow":"follow","max-snippet":"max-snippet:-1","max-image-preview":"max-image-preview:large","max-video-preview":"max-video-preview:-1"},"canonical":"https:\/\/blendtec.si\/articolo\/classic-575-crne-barve\/","og_locale":"it_IT","og_type":"article","og_title":"Classic 575- colore nero - Blendtec","og_description":"Blendtec Classic 575 \u00e8 un modello classico tra gli apparecchi Blendec, ovvero il successore del famoso apparachio Home Blender (HP3A), con una potenza eccezionale ed ha vari funzioni. Con l'aiutu dei diversi cicli d'uso gi\u00e0 programmati, facilita la preparazione dei frullati, salse, zuppe calde e dessert cremosi.","og_url":"https:\/\/blendtec.si\/articolo\/classic-575-crne-barve\/","og_site_name":"Blendtec","article_modified_time":"2023-09-21T11:01:29+00:00","og_image":[{"width":1240,"height":1374,"url":"https:\/\/blendtec.si\/wp-content\/uploads\/2022\/11\/00110a.jpg","type":"image\/jpeg"}],"twitter_card":"summary_large_image","twitter_misc":{"Tempo di lettura stimato":"13 minuti"},"schema":{"@context":"https:\/\/schema.org","@graph":[{"@type":"WebPage","@id":"https:\/\/blendtec.si\/articolo\/classic-575-crne-barve\/","url":"https:\/\/blendtec.si\/articolo\/classic-575-crne-barve\/","name":"Classic 575- colore nero - Blendtec","isPartOf":{"@id":"https:\/\/blendtec.si\/#website"},"primaryImageOfPage":{"@id":"https:\/\/blendtec.si\/articolo\/classic-575-crne-barve\/#primaryimage"},"image":{"@id":"https:\/\/blendtec.si\/articolo\/classic-575-crne-barve\/#primaryimage"},"thumbnailUrl":"https:\/\/blendtec.si\/wp-content\/uploads\/2022\/11\/00110a.jpg","datePublished":"2022-11-15T22:45:08+00:00","dateModified":"2023-09-21T11:01:29+00:00","breadcrumb":{"@id":"https:\/\/blendtec.si\/articolo\/classic-575-crne-barve\/#breadcrumb"},"inLanguage":"it-IT","potentialAction":[{"@type":"ReadAction","target":["https:\/\/blendtec.si\/articolo\/classic-575-crne-barve\/"]}]},{"@type":"ImageObject","inLanguage":"it-IT","@id":"https:\/\/blendtec.si\/articolo\/classic-575-crne-barve\/#primaryimage","url":"https:\/\/blendtec.si\/wp-content\/uploads\/2022\/11\/00110a.jpg","contentUrl":"https:\/\/blendtec.si\/wp-content\/uploads\/2022\/11\/00110a.jpg","width":1240,"height":1374},{"@type":"BreadcrumbList","@id":"https:\/\/blendtec.si\/articolo\/classic-575-crne-barve\/#breadcrumb","itemListElement":[{"@type":"ListItem","position":1,"name":"Home","item":"https:\/\/blendtec.si\/it\/"},{"@type":"ListItem","position":2,"name":"Negozio","item":"https:\/\/blendtec.si\/it\/negozio-online\/"},{"@type":"ListItem","position":3,"name":"Classic 575- colore nero"}]},{"@type":"WebSite","@id":"https:\/\/blendtec.si\/#website","url":"https:\/\/blendtec.si\/","name":"Blendtec","description":"Made in USA","potentialAction":[{"@type":"SearchAction","target":{"@type":"EntryPoint","urlTemplate":"https:\/\/blendtec.si\/?s={search_term_string}"},"query-input":{"@type":"PropertyValueSpecification","valueRequired":true,"valueName":"search_term_string"}}],"inLanguage":"it-IT"}]}},"_links":{"self":[{"href":"https:\/\/blendtec.si\/it\/wp-json\/wp\/v2\/product\/4454","targetHints":{"allow":["GET"]}}],"collection":[{"href":"https:\/\/blendtec.si\/it\/wp-json\/wp\/v2\/product"}],"about":[{"href":"https:\/\/blendtec.si\/it\/wp-json\/wp\/v2\/types\/product"}],"wp:featuredmedia":[{"embeddable":true,"href":"https:\/\/blendtec.si\/it\/wp-json\/wp\/v2\/media\/3860"}],"wp:attachment":[{"href":"https:\/\/blendtec.si\/it\/wp-json\/wp\/v2\/media?parent=4454"}],"wp:term":[{"taxonomy":"product_brand","embeddable":true,"href":"https:\/\/blendtec.si\/it\/wp-json\/wp\/v2\/product_brand?post=4454"},{"taxonomy":"product_cat","embeddable":true,"href":"https:\/\/blendtec.si\/it\/wp-json\/wp\/v2\/product_cat?post=4454"},{"taxonomy":"product_tag","embeddable":true,"href":"https:\/\/blendtec.si\/it\/wp-json\/wp\/v2\/product_tag?post=4454"}],"curies":[{"name":"wp","href":"https:\/\/api.w.org\/{rel}","templated":true}]}}