{"id":4451,"date":"2022-10-17T00:17:42","date_gmt":"2022-10-16T22:17:42","guid":{"rendered":"https:\/\/blendtec.si\/izdelek\/blendtec-spacesaver-blender-1x1-9l\/"},"modified":"2023-05-21T19:20:43","modified_gmt":"2023-05-21T17:20:43","slug":"frullatore-spacesaver-825-1800-w-con-caraffa-da-19l","status":"publish","type":"product","link":"https:\/\/blendtec.si\/it\/articolo\/frullatore-spacesaver-825-1800-w-con-caraffa-da-19l\/","title":{"rendered":"Frullatore Spacesaver 825 1800 W (con caraffa da 1,9L)"},"content":{"rendered":"<div class=\"fusion-fullwidth fullwidth-box fusion-builder-row-1 fusion-flex-container nonhundred-percent-fullwidth non-hundred-percent-height-scrolling\" style=\"--awb-border-radius-top-left:0px;--awb-border-radius-top-right:0px;--awb-border-radius-bottom-right:0px;--awb-border-radius-bottom-left:0px;--awb-padding-bottom:0%;--awb-margin-bottom:0px;--awb-flex-wrap:wrap;\" ><div class=\"fusion-builder-row fusion-row fusion-flex-align-items-flex-start fusion-flex-content-wrap\" style=\"max-width:1305.6px;margin-left: calc(-2% \/ 2 );margin-right: calc(-2% \/ 2 );\"><div class=\"fusion-layout-column fusion_builder_column fusion-builder-column-0 fusion_builder_column_1_1 1_1 fusion-flex-column\" style=\"--awb-bg-blend:overlay;--awb-bg-size:cover;--awb-width-large:100%;--awb-margin-top-large:20px;--awb-spacing-right-large:0.98%;--awb-margin-bottom-large:0%;--awb-spacing-left-large:0.98%;--awb-width-medium:100%;--awb-spacing-right-medium:0.98%;--awb-spacing-left-medium:0.98%;--awb-width-small:100%;--awb-spacing-right-small:0.98%;--awb-spacing-left-small:0.98%;\"><div class=\"fusion-column-wrapper fusion-column-has-shadow fusion-flex-justify-content-flex-start fusion-content-layout-column\"><div class=\"fusion-text fusion-text-1\"><p><span data-sheets-value=\"{&quot;1&quot;:2,&quot;2&quot;:&quot;La base del frullatore SpaceSaver 825 \u00e8 la pi\u00f9 piccola. Nell'industria dei frullatori professionali, lo SpaceSaver \u00e8 stato originariamente creato per l'uso nei bar. Lo SpaceSaver \u00e8 caratterizzato da molte funzioni comuni ai frullatori pi\u00f9 costosi, ma occupa meno spazio sul piano di lavoro, rendendolo particolarmente adatto a luoghi con piani di lavoro pi\u00f9 piccoli.\\r\\n\\r\\n\\r\\n\\r\\n\\r&quot;}\" data-sheets-userformat=\"{&quot;2&quot;:897,&quot;3&quot;:{&quot;1&quot;:0},&quot;10&quot;:0,&quot;11&quot;:4,&quot;12&quot;:0}\">La base del frullatore SpaceSaver 825 \u00e8 la pi\u00f9 piccola. Nell&#8217;industria dei frullatori professionali, lo SpaceSaver \u00e8 stato originariamente creato per l&#8217;uso nei bar. Lo SpaceSaver \u00e8 caratterizzato da molte funzioni comuni ai frullatori pi\u00f9 costosi, ma occupa meno spazio sul piano di lavoro, rendendolo particolarmente adatto a luoghi con piani di lavoro pi\u00f9 piccoli.<br \/>\n<\/span><\/p>\n<\/div><div class=\"fusion-title title fusion-title-1 fusion-sep-none fusion-title-text fusion-title-size-four\" style=\"--awb-text-color:var(--awb-custom_color_2);--awb-margin-top:0px;--awb-margin-bottom:0px;\"><h4 class=\"fusion-title-heading title-heading-left fusion-responsive-typography-calculated\" style=\"margin:0;text-transform:none;--fontSize:20;--minFontSize:20;line-height:1.5;\">Caratteristiche:<\/h4><\/div><div class=\"fusion-text fusion-text-2\"><ul>\n<li>30 cicli preimpostati di miscelazione<\/li>\n<li>Display blu<\/li>\n<li>Opzione di installazione sotto il piano<\/li>\n<li>I dipendenti possono svolgere altre attivit\u00e0 durante la preparazione, il che significa che non \u00e8 necessario stare accanto al frullatore, poich\u00e9 lavora autonomamente e si spegne automaticamente una volta completato il processo.<\/li>\n<li>I diversi cicli di miscelazione funzionano a diverse velocit\u00e0, il che significa che possono essere adattati in base alle diverse bevande e ingredienti che si utilizzano, garantendo sempre la stessa qualit\u00e0 delle bevande.<\/li>\n<li>Potenza: 1800W<\/li>\n<li>Dimensioni: 22,9cm x 47,5cm x 22,9cm (larghezza x altezza x profondit\u00e0)<\/li>\n<li>Peso: 7,6kg<\/li>\n<\/ul>\n<\/div><div class=\"fusion-title title fusion-title-2 fusion-sep-none fusion-title-text fusion-title-size-four\" style=\"--awb-text-color:var(--awb-custom_color_2);--awb-margin-top:0px;--awb-margin-bottom:0px;\"><h4 class=\"fusion-title-heading title-heading-left fusion-responsive-typography-calculated\" style=\"margin:0;text-transform:none;--fontSize:20;--minFontSize:20;line-height:1.5;\"><span data-sheets-value=\"{&quot;1&quot;:2,&quot;2&quot;:&quot;Il pacchetto contiene:&quot;}\" data-sheets-userformat=\"{&quot;2&quot;:897,&quot;3&quot;:{&quot;1&quot;:0},&quot;10&quot;:0,&quot;11&quot;:4,&quot;12&quot;:0}\">Il pacchetto contiene:<\/span><\/h4><\/div><div class=\"fusion-text fusion-text-3\"><ul>\n<li>Il frullatore<\/li>\n<li>1x caraffa da 1,9l<\/li>\n<li>1x coperchio<\/li>\n<\/ul>\n<\/div><div class=\"fusion-title title fusion-title-3 fusion-sep-none fusion-title-text fusion-title-size-four\" style=\"--awb-margin-bottom:0px;\"><h4 class=\"fusion-title-heading title-heading-left fusion-responsive-typography-calculated\" style=\"margin:0;text-transform:none;--fontSize:20;--minFontSize:20;line-height:1.5;\"><span data-sheets-value=\"{&quot;1&quot;:2,&quot;2&quot;:&quot;LE CARATTERISTICHE PRINCIPALI E LA NOSTRA OPINIONE&quot;}\" data-sheets-userformat=\"{&quot;2&quot;:897,&quot;3&quot;:{&quot;1&quot;:0},&quot;10&quot;:0,&quot;11&quot;:4,&quot;12&quot;:0}\">LE CARATTERISTICHE PRINCIPALI E LA NOSTRA OPINIONE<\/span><\/h4><\/div><div class=\"fusion-text fusion-text-4 fusion-text-no-margin\" style=\"--awb-margin-bottom:0px;\"><ul>\n<li>Con una potenza invidiabile (1800W), Blendtec si posiziona tra i blender pi\u00f9 potenti disponibili sul mercato mondiale. Grazie alla sua impressionante potenza, consente di preparare bevande in tempi estremamente brevi, impiegando in media tra i 25 e i 45 secondi per ottenere bevande cremose e rinfrescanti utilizzando frutta surgelata e verdure a foglia verde pi\u00f9 dure. (Gli altri apparecchi presenti sul mercato hanno una potenza inferiore a 1200 W e richiedono molto pi\u00f9 tempo per ottenere una consistenza simile nelle bevande e, se lasciati in funzione per periodi pi\u00f9 lunghi, possono riscaldare il contenuto delle bevande). In nessun caso un&#8217;apparecchiatura con una potenza inferiore, come ad esempio meno di 1000 W, pu\u00f2 essere paragonata a una potenza elevata di 1560 W, come evidenziato dal fatto che gli apparecchi meno potenti non sono in grado di miscelare le bevande in breve tempo e con la stessa consistenza liscia che Blendtec pu\u00f2 raggiungere.<\/li>\n<li>Gli apparecchi Blendtec sono progettati e prodotti negli Stati Uniti e sono realizzati con materiali di alta qualit\u00e0. Tutti le caraffe sono prive di Bisfenolo-A (BPA), ed \u00e8 estremamente importante che quando si miscelano smoothie ad alta potenza, il Bisfenolo-A non venga rilasciato nelle bevande salutari. Infatti, dalle confezioni di plastica il Bisfenolo-A pu\u00f2 migrare negli alimenti, specialmente a temperature elevate, il che accade spesso negli apparecchi che non sono abbastanza potenti e richiedono molto tempo per ottenere una consistenza liscia. Pi\u00f9 a lungo dura il processo di miscelazione, pi\u00f9 si riscalda la bevanda. Pertanto, \u00e8 fondamentale che le caraffe utilizzate per preparare le bevande siano prive di BPA (BPA free).<\/li>\n<li>Blendtec ha un brevetto per le sue caraffe a quattro e cinque lati, con lame ampie e non affilate, che funzionano con la potenza per frantumare gli ingredienti. Questo significa che le lame non si rompono e non \u00e8 necessario sostituirle. Inoltre, la caraffa \u00e8 progettata in modo tale che non vi siano accumuli di residui di cibo, bevande o creme sotto le lame. Dalle diverse prove effettuate su frullatori concorrenti, abbiamo valutato che con le caraffe Blendtec \u00e8 pi\u00f9 facile ottenere tutti gli ingredienti con una spatola, soprattutto salse dense, burro di noci, che in altri frullatori solitamente rimangono bloccati sotto le lame e sono difficili da rimuovere a causa dell&#8217;altezza del contenitore e della sua forma pi\u00f9 stretta.<\/li>\n<li>Blendtec offre anche la caraffa aggiuntiva Twister JAR, che \u00e8 una caraffa pi\u00f9 piccola (0,9 litri) e quindi molto adatta per la preparazione di quantit\u00e0 minori come burro di noci, formaggi crudi, condimenti e salse. Con il Blendtec, sarete in grado di soddisfare completamente le vostre esigenze, sia per quantit\u00e0 minori che maggiori, e anche per ricette semplici o pi\u00f9 complesse.<\/li>\n<\/ul>\n<\/div><\/div><\/div><\/div><\/div>\n","protected":false},"excerpt":{"rendered":"<p>BLENDTEC SPACESAVER 825 BLENDER \u00e8 un frullatore professionale per la preparazione di smoothie, frapp\u00e9 e altre bevande, che grazie alla sua forma compatta consente una pratica preparazione in ambienti con spazio limitato. Il frullatore Blendtec Space Saver \u00e8 il migliore e il pi\u00f9 potente frullatore professionale da cucina, con una potenza di ben 1800 W, con cui \u00e8 possibile preparare bevande fresche e biologiche, succhi verdi cremosi, smoothie, succhi di frutta e verdura, gelati fatti in casa, cappuccini, salse, salse, impasto per il pane, tritare noci, preparare burri di noci e molte altre cose.<\/p>\n","protected":false},"featured_media":3995,"template":"","meta":[],"product_brand":[],"product_cat":[96,98],"product_tag":[],"class_list":{"0":"post-4451","1":"product","2":"type-product","3":"status-publish","4":"has-post-thumbnail","6":"product_cat-frullatori","7":"product_cat-uso-professionale","9":"first","10":"outofstock","11":"taxable","12":"shipping-taxable","13":"purchasable","14":"product-type-simple"},"yoast_head":"<!-- This site is optimized with the Yoast SEO plugin v26.7 - https:\/\/yoast.com\/wordpress\/plugins\/seo\/ -->\n<title>Frullatore Spacesaver 825 1800 W (con caraffa da 1,9L) - Blendtec<\/title>\n<meta name=\"robots\" content=\"index, follow, max-snippet:-1, max-image-preview:large, max-video-preview:-1\" \/>\n<link rel=\"canonical\" href=\"https:\/\/blendtec.si\/articolo\/blendtec-spacesaver-blender-1x1-9l\/\" \/>\n<meta property=\"og:locale\" content=\"it_IT\" \/>\n<meta property=\"og:type\" content=\"article\" \/>\n<meta property=\"og:title\" content=\"Frullatore Spacesaver 825 1800 W (con caraffa da 1,9L) - Blendtec\" \/>\n<meta property=\"og:description\" content=\"BLENDTEC SPACESAVER 825 BLENDER \u00e8 un frullatore professionale per la preparazione di smoothie, frapp\u00e9 e altre bevande, che grazie alla sua forma compatta consente una pratica preparazione in ambienti con spazio limitato. Il frullatore Blendtec Space Saver \u00e8 il migliore e il pi\u00f9 potente frullatore professionale da cucina, con una potenza di ben 1800 W, con cui \u00e8 possibile preparare bevande fresche e biologiche, succhi verdi cremosi, smoothie, succhi di frutta e verdura, gelati fatti in casa, cappuccini, salse, salse, impasto per il pane, tritare noci, preparare burri di noci e molte altre cose.\" \/>\n<meta property=\"og:url\" content=\"https:\/\/blendtec.si\/articolo\/blendtec-spacesaver-blender-1x1-9l\/\" \/>\n<meta property=\"og:site_name\" content=\"Blendtec\" \/>\n<meta property=\"article:modified_time\" content=\"2023-05-21T17:20:43+00:00\" \/>\n<meta property=\"og:image\" content=\"https:\/\/blendtec.si\/wp-content\/uploads\/2022\/10\/00141a.jpg\" \/>\n\t<meta property=\"og:image:width\" content=\"1240\" \/>\n\t<meta property=\"og:image:height\" content=\"1374\" \/>\n\t<meta property=\"og:image:type\" content=\"image\/jpeg\" \/>\n<meta name=\"twitter:card\" content=\"summary_large_image\" \/>\n<meta name=\"twitter:label1\" content=\"Tempo di lettura stimato\" \/>\n\t<meta name=\"twitter:data1\" content=\"8 minuti\" \/>\n<script type=\"application\/ld+json\" class=\"yoast-schema-graph\">{\"@context\":\"https:\/\/schema.org\",\"@graph\":[{\"@type\":\"WebPage\",\"@id\":\"https:\/\/blendtec.si\/articolo\/blendtec-spacesaver-blender-1x1-9l\/\",\"url\":\"https:\/\/blendtec.si\/articolo\/blendtec-spacesaver-blender-1x1-9l\/\",\"name\":\"Frullatore Spacesaver 825 1800 W (con caraffa da 1,9L) - Blendtec\",\"isPartOf\":{\"@id\":\"https:\/\/blendtec.si\/#website\"},\"primaryImageOfPage\":{\"@id\":\"https:\/\/blendtec.si\/articolo\/blendtec-spacesaver-blender-1x1-9l\/#primaryimage\"},\"image\":{\"@id\":\"https:\/\/blendtec.si\/articolo\/blendtec-spacesaver-blender-1x1-9l\/#primaryimage\"},\"thumbnailUrl\":\"https:\/\/blendtec.si\/wp-content\/uploads\/2022\/10\/00141a.jpg\",\"datePublished\":\"2022-10-16T22:17:42+00:00\",\"dateModified\":\"2023-05-21T17:20:43+00:00\",\"breadcrumb\":{\"@id\":\"https:\/\/blendtec.si\/articolo\/blendtec-spacesaver-blender-1x1-9l\/#breadcrumb\"},\"inLanguage\":\"it-IT\",\"potentialAction\":[{\"@type\":\"ReadAction\",\"target\":[\"https:\/\/blendtec.si\/articolo\/blendtec-spacesaver-blender-1x1-9l\/\"]}]},{\"@type\":\"ImageObject\",\"inLanguage\":\"it-IT\",\"@id\":\"https:\/\/blendtec.si\/articolo\/blendtec-spacesaver-blender-1x1-9l\/#primaryimage\",\"url\":\"https:\/\/blendtec.si\/wp-content\/uploads\/2022\/10\/00141a.jpg\",\"contentUrl\":\"https:\/\/blendtec.si\/wp-content\/uploads\/2022\/10\/00141a.jpg\",\"width\":1240,\"height\":1374},{\"@type\":\"BreadcrumbList\",\"@id\":\"https:\/\/blendtec.si\/articolo\/blendtec-spacesaver-blender-1x1-9l\/#breadcrumb\",\"itemListElement\":[{\"@type\":\"ListItem\",\"position\":1,\"name\":\"Home\",\"item\":\"https:\/\/blendtec.si\/it\/\"},{\"@type\":\"ListItem\",\"position\":2,\"name\":\"Negozio\",\"item\":\"https:\/\/blendtec.si\/it\/negozio-online\/\"},{\"@type\":\"ListItem\",\"position\":3,\"name\":\"Frullatore Spacesaver 825 1800 W (con caraffa da 1,9L)\"}]},{\"@type\":\"WebSite\",\"@id\":\"https:\/\/blendtec.si\/#website\",\"url\":\"https:\/\/blendtec.si\/\",\"name\":\"Blendtec\",\"description\":\"Made in USA\",\"potentialAction\":[{\"@type\":\"SearchAction\",\"target\":{\"@type\":\"EntryPoint\",\"urlTemplate\":\"https:\/\/blendtec.si\/?s={search_term_string}\"},\"query-input\":{\"@type\":\"PropertyValueSpecification\",\"valueRequired\":true,\"valueName\":\"search_term_string\"}}],\"inLanguage\":\"it-IT\"}]}<\/script>\n<!-- \/ Yoast SEO plugin. -->","yoast_head_json":{"title":"Frullatore Spacesaver 825 1800 W (con caraffa da 1,9L) - Blendtec","robots":{"index":"index","follow":"follow","max-snippet":"max-snippet:-1","max-image-preview":"max-image-preview:large","max-video-preview":"max-video-preview:-1"},"canonical":"https:\/\/blendtec.si\/articolo\/blendtec-spacesaver-blender-1x1-9l\/","og_locale":"it_IT","og_type":"article","og_title":"Frullatore Spacesaver 825 1800 W (con caraffa da 1,9L) - Blendtec","og_description":"BLENDTEC SPACESAVER 825 BLENDER \u00e8 un frullatore professionale per la preparazione di smoothie, frapp\u00e9 e altre bevande, che grazie alla sua forma compatta consente una pratica preparazione in ambienti con spazio limitato. Il frullatore Blendtec Space Saver \u00e8 il migliore e il pi\u00f9 potente frullatore professionale da cucina, con una potenza di ben 1800 W, con cui \u00e8 possibile preparare bevande fresche e biologiche, succhi verdi cremosi, smoothie, succhi di frutta e verdura, gelati fatti in casa, cappuccini, salse, salse, impasto per il pane, tritare noci, preparare burri di noci e molte altre cose.","og_url":"https:\/\/blendtec.si\/articolo\/blendtec-spacesaver-blender-1x1-9l\/","og_site_name":"Blendtec","article_modified_time":"2023-05-21T17:20:43+00:00","og_image":[{"width":1240,"height":1374,"url":"https:\/\/blendtec.si\/wp-content\/uploads\/2022\/10\/00141a.jpg","type":"image\/jpeg"}],"twitter_card":"summary_large_image","twitter_misc":{"Tempo di lettura stimato":"8 minuti"},"schema":{"@context":"https:\/\/schema.org","@graph":[{"@type":"WebPage","@id":"https:\/\/blendtec.si\/articolo\/blendtec-spacesaver-blender-1x1-9l\/","url":"https:\/\/blendtec.si\/articolo\/blendtec-spacesaver-blender-1x1-9l\/","name":"Frullatore Spacesaver 825 1800 W (con caraffa da 1,9L) - Blendtec","isPartOf":{"@id":"https:\/\/blendtec.si\/#website"},"primaryImageOfPage":{"@id":"https:\/\/blendtec.si\/articolo\/blendtec-spacesaver-blender-1x1-9l\/#primaryimage"},"image":{"@id":"https:\/\/blendtec.si\/articolo\/blendtec-spacesaver-blender-1x1-9l\/#primaryimage"},"thumbnailUrl":"https:\/\/blendtec.si\/wp-content\/uploads\/2022\/10\/00141a.jpg","datePublished":"2022-10-16T22:17:42+00:00","dateModified":"2023-05-21T17:20:43+00:00","breadcrumb":{"@id":"https:\/\/blendtec.si\/articolo\/blendtec-spacesaver-blender-1x1-9l\/#breadcrumb"},"inLanguage":"it-IT","potentialAction":[{"@type":"ReadAction","target":["https:\/\/blendtec.si\/articolo\/blendtec-spacesaver-blender-1x1-9l\/"]}]},{"@type":"ImageObject","inLanguage":"it-IT","@id":"https:\/\/blendtec.si\/articolo\/blendtec-spacesaver-blender-1x1-9l\/#primaryimage","url":"https:\/\/blendtec.si\/wp-content\/uploads\/2022\/10\/00141a.jpg","contentUrl":"https:\/\/blendtec.si\/wp-content\/uploads\/2022\/10\/00141a.jpg","width":1240,"height":1374},{"@type":"BreadcrumbList","@id":"https:\/\/blendtec.si\/articolo\/blendtec-spacesaver-blender-1x1-9l\/#breadcrumb","itemListElement":[{"@type":"ListItem","position":1,"name":"Home","item":"https:\/\/blendtec.si\/it\/"},{"@type":"ListItem","position":2,"name":"Negozio","item":"https:\/\/blendtec.si\/it\/negozio-online\/"},{"@type":"ListItem","position":3,"name":"Frullatore Spacesaver 825 1800 W (con caraffa da 1,9L)"}]},{"@type":"WebSite","@id":"https:\/\/blendtec.si\/#website","url":"https:\/\/blendtec.si\/","name":"Blendtec","description":"Made in USA","potentialAction":[{"@type":"SearchAction","target":{"@type":"EntryPoint","urlTemplate":"https:\/\/blendtec.si\/?s={search_term_string}"},"query-input":{"@type":"PropertyValueSpecification","valueRequired":true,"valueName":"search_term_string"}}],"inLanguage":"it-IT"}]}},"_links":{"self":[{"href":"https:\/\/blendtec.si\/it\/wp-json\/wp\/v2\/product\/4451","targetHints":{"allow":["GET"]}}],"collection":[{"href":"https:\/\/blendtec.si\/it\/wp-json\/wp\/v2\/product"}],"about":[{"href":"https:\/\/blendtec.si\/it\/wp-json\/wp\/v2\/types\/product"}],"wp:featuredmedia":[{"embeddable":true,"href":"https:\/\/blendtec.si\/it\/wp-json\/wp\/v2\/media\/3995"}],"wp:attachment":[{"href":"https:\/\/blendtec.si\/it\/wp-json\/wp\/v2\/media?parent=4451"}],"wp:term":[{"taxonomy":"product_brand","embeddable":true,"href":"https:\/\/blendtec.si\/it\/wp-json\/wp\/v2\/product_brand?post=4451"},{"taxonomy":"product_cat","embeddable":true,"href":"https:\/\/blendtec.si\/it\/wp-json\/wp\/v2\/product_cat?post=4451"},{"taxonomy":"product_tag","embeddable":true,"href":"https:\/\/blendtec.si\/it\/wp-json\/wp\/v2\/product_tag?post=4451"}],"curies":[{"name":"wp","href":"https:\/\/api.w.org\/{rel}","templated":true}]}}