{"id":4448,"date":"2022-11-15T23:12:38","date_gmt":"2022-11-15T22:12:38","guid":{"rendered":"https:\/\/blendtec.si\/izdelek\/q-series-connoisseur-blender-2160-w-z-19l-in-27l-posodo\/"},"modified":"2023-05-21T19:03:31","modified_gmt":"2023-05-21T17:03:31","slug":"frullatore-q-series-connoisseur-2160-w-con-caraffe-da-19l-e-27l","status":"publish","type":"product","link":"https:\/\/blendtec.si\/it\/articolo\/frullatore-q-series-connoisseur-2160-w-con-caraffe-da-19l-e-27l\/","title":{"rendered":"Frullatore Q-Series Connoisseur 2160 W (con caraffe da 1,9L e 2,7L )"},"content":{"rendered":"<div class=\"fusion-fullwidth fullwidth-box fusion-builder-row-1 fusion-flex-container nonhundred-percent-fullwidth non-hundred-percent-height-scrolling\" style=\"--awb-border-radius-top-left:0px;--awb-border-radius-top-right:0px;--awb-border-radius-bottom-right:0px;--awb-border-radius-bottom-left:0px;--awb-padding-bottom:0%;--awb-margin-bottom:0px;--awb-flex-wrap:wrap;\" ><div class=\"fusion-builder-row fusion-row fusion-flex-align-items-flex-start fusion-flex-content-wrap\" style=\"max-width:1305.6px;margin-left: calc(-2% \/ 2 );margin-right: calc(-2% \/ 2 );\"><div class=\"fusion-layout-column fusion_builder_column fusion-builder-column-0 fusion_builder_column_1_1 1_1 fusion-flex-column\" style=\"--awb-bg-blend:overlay;--awb-bg-size:cover;--awb-width-large:100%;--awb-margin-top-large:20px;--awb-spacing-right-large:0.98%;--awb-margin-bottom-large:0%;--awb-spacing-left-large:0.98%;--awb-width-medium:100%;--awb-spacing-right-medium:0.98%;--awb-spacing-left-medium:0.98%;--awb-width-small:100%;--awb-spacing-right-small:0.98%;--awb-spacing-left-small:0.98%;\"><div class=\"fusion-column-wrapper fusion-column-has-shadow fusion-flex-justify-content-flex-start fusion-content-layout-column\"><div class=\"fusion-text fusion-text-1\"><p>Con lo sviluppo della serie Q, Blendtec continua a mantenere la sua posizione di primo piano nell&#8217;industria dei frullatori professionali. Grazie all&#8217;uso del coperchio antirumore, hanno ridotto il rumore di 10 decibel. La serie Q \u00e8 la scelta pi\u00f9 comune tra i venditori di smoothie e frullati in tutto il mondo, poich\u00e9 consente un utilizzo professionale per la preparazione di varie bevande fredde e fresche.<\/p>\n<\/div><div class=\"fusion-title title fusion-title-1 fusion-sep-none fusion-title-text fusion-title-size-four\" style=\"--awb-text-color:var(--awb-custom_color_2);--awb-margin-top:0px;--awb-margin-bottom:0px;\"><h4 class=\"fusion-title-heading title-heading-left fusion-responsive-typography-calculated\" style=\"margin:0;text-transform:none;--fontSize:20;--minFontSize:20;line-height:1.5;\"><span data-sheets-value=\"{&quot;1&quot;:2,&quot;2&quot;:&quot;Caratteristiche&quot;}\" data-sheets-userformat=\"{&quot;2&quot;:897,&quot;3&quot;:{&quot;1&quot;:0},&quot;10&quot;:0,&quot;11&quot;:4,&quot;12&quot;:0}\">Caratteristiche:<\/span><\/h4><\/div><div class=\"fusion-text fusion-text-2\"><ul>\n<li>30 cicli di miscelazione preimpostati per la creazione di smoothie, succhi di frutta e verdura, bevande ghiacciate, caff\u00e8 ghiacciato, frapp\u00e9, frullati, &#8230;<\/li>\n<li>Blu display<\/li>\n<li>Opzione di installazione sotto il piano<\/li>\n<li>Durante la preparazione, i dipendenti possono svolgere altre attivit\u00e0, il che significa che non \u00e8 necessario stare accanto al frullatore poich\u00e9 funziona autonomamente e si spegne dopo aver completato il lavoro.<\/li>\n<li>I diversi cicli di miscelazione funzionano a diverse velocit\u00e0, il che significa che \u00e8 possibile adattarli in base alle diverse bevande e ingredienti utilizzati, garantendo sempre la stessa qualit\u00e0 delle bevande.<\/li>\n<li>Potenza: 1800W<\/li>\n<li>Capacit\u00e0: una caraffa da 1,9L e una caraffa da 2,7L<\/li>\n<li>Dimensioni: 26,04cm x 26,04cm x 25,35cm (larghezza x altezza x profondit\u00e0)<\/li>\n<li>Peso: 10,43kg<\/li>\n<li>Garanzia: 2 anni<\/li>\n<\/ul>\n<\/div><div class=\"fusion-title title fusion-title-2 fusion-sep-none fusion-title-text fusion-title-size-four\" style=\"--awb-text-color:var(--awb-custom_color_2);--awb-margin-top:0px;--awb-margin-bottom:0px;\"><h4 class=\"fusion-title-heading title-heading-left fusion-responsive-typography-calculated\" style=\"margin:0;text-transform:none;--fontSize:20;--minFontSize:20;line-height:1.5;\"><span data-sheets-value=\"{&quot;1&quot;:2,&quot;2&quot;:&quot;Il pacchetto contiene:&quot;}\" data-sheets-userformat=\"{&quot;2&quot;:897,&quot;3&quot;:{&quot;1&quot;:0},&quot;10&quot;:0,&quot;11&quot;:4,&quot;12&quot;:0}\">Il pacchetto contiene:<\/span><\/h4><\/div><div class=\"fusion-text fusion-text-3\"><ul>\n<li>Il frullatore<\/li>\n<li>1 x caraffa da 1,9L<\/li>\n<li>1 x caraffa da 2,7L<\/li>\n<li>2 x coperchio<\/li>\n<li>1 x cuvertura antirumore<\/li>\n<\/ul>\n<\/div><div class=\"fusion-title title fusion-title-3 fusion-sep-none fusion-title-text fusion-title-size-four\" style=\"--awb-margin-bottom:0px;\"><h4 class=\"fusion-title-heading title-heading-left fusion-responsive-typography-calculated\" style=\"margin:0;text-transform:none;--fontSize:20;--minFontSize:20;line-height:1.5;\"><span data-sheets-value=\"{&quot;1&quot;:2,&quot;2&quot;:&quot;I PRINCIPALI VENTAGGI E LE CARATTERISTICHE E LA NOSTRA OPINIONE&quot;}\" data-sheets-userformat=\"{&quot;2&quot;:769,&quot;3&quot;:{&quot;1&quot;:0},&quot;11&quot;:4,&quot;12&quot;:0}\">I PRINCIPALI VENTAGGI E LE CARATTERISTICHE E LA NOSTRA OPINIONE<\/span><\/h4><\/div><div class=\"fusion-text fusion-text-4 fusion-text-no-margin\" style=\"--awb-margin-bottom:0px;\"><ul>\n<li>Con una potenza invidiabile (1800W), Blendtec si posiziona tra i blender pi\u00f9 potenti disponibili sul mercato mondiale. Grazie alla sua impressionante potenza, consente di preparare bevande in tempi estremamente brevi, impiegando in media tra i 25 e i 45 secondi per ottenere bevande cremose e rinfrescanti utilizzando frutta surgelata e verdure a foglia verde pi\u00f9 dure. (Gli altri apparecchi presenti sul mercato hanno una potenza inferiore a 1200 W e richiedono molto pi\u00f9 tempo per ottenere una consistenza simile nelle bevande e, se lasciati in funzione per periodi pi\u00f9 lunghi, possono riscaldare il contenuto delle bevande). In nessun caso un&#8217;apparecchiatura con una potenza inferiore, come ad esempio meno di 1000 W, pu\u00f2 essere paragonata a una potenza elevata di 1560 W, come evidenziato dal fatto che gli apparecchi meno potenti non sono in grado di miscelare le bevande in breve tempo e con la stessa consistenza liscia che Blendtec pu\u00f2 raggiungere.<\/li>\n<li>Gli apparecchi Blendtec sono progettati e prodotti negli Stati Uniti e sono realizzati con materiali di alta qualit\u00e0. Tutte le caraffe sono prive di Bisfenolo-A (BPA), ed \u00e8 estremamente importante che quando si miscelano smoothie ad alta potenza, il Bisfenolo-A non venga rilasciato nelle bevande salutari. Infatti, dalle confezioni di plastica il Bisfenolo-A pu\u00f2 migrare negli alimenti, specialmente a temperature elevate, il che accade spesso negli apparecchi che non sono abbastanza potenti e richiedono molto tempo per ottenere una consistenza liscia. Pi\u00f9 a lungo dura il processo di miscelazione, pi\u00f9 si riscalda la bevanda. Pertanto, \u00e8 fondamentale che le caraffe utilizzate per preparare le bevande siano prive di BPA (BPA free).<\/li>\n<li>Blendtec ha un brevetto per la sua caraffa a quattro e cinque lati, con lame ampie e non affilate, che funzionano con la potenza per frantumare gli ingredienti. Questo significa che le lame non si rompono e non \u00e8 necessario sostituirle. Inoltre, la caraffa \u00e8 progettata in modo tale che non vi siano accumuli di residui di cibo, bevande o creme sotto le lame. Dalle diverse prove effettuate su frullatori concorrenti, abbiamo valutato che con le caraffe Blendtec \u00e8 pi\u00f9 facile ottenere tutti gli ingredienti con una spatola, soprattutto salse dense, burro di noci, che in altri frullatori solitamente rimangono bloccati sotto le lame e sono difficili da rimuovere a causa dell&#8217;altezza della caraffa e della sua forma pi\u00f9 stretta.<\/li>\n<li>Blendtec offre anche la caraffa aggiuntiva Twister JAR, che \u00e8 una caraffa pi\u00f9 piccola (0,9 litri) e quindi molto adatta per la preparazione di quantit\u00e0 minori come burro di noci, formaggi crudi, condimenti e salse. Con il Blendtec, sarete in grado di soddisfare completamente le vostre esigenze, sia per quantit\u00e0 minori che maggiori, e anche per ricette semplici o pi\u00f9 complesse.<\/li>\n<\/ul>\n<\/div><\/div><\/div><\/div><\/div>\n","protected":false},"excerpt":{"rendered":"<p>Blendtec Q-Series \u00e8 un frullatore professionale con coperchio antirumore, adatto per un utilizzo professionale nel settore della ristorazione, per la preparazione di varie bevande fredde e classiche (smoothie, frapp\u00e9). Con lo sviluppo della tecnologia Q-Series friendly per la riduzione del rumore, Blendtec ha creato frullatori della serie Q con contenitore antirumore, riducendo il rumore di 10 decibel, quasi la met\u00e0 rispetto all&#8217;utilizzo dei frullatori tradizionali, rendendoli quindi ideali per caffetterie e bar di succhi.<\/p>\n","protected":false},"featured_media":3913,"template":"","meta":[],"product_brand":[],"product_cat":[96,98],"product_tag":[],"class_list":{"0":"post-4448","1":"product","2":"type-product","3":"status-publish","4":"has-post-thumbnail","6":"product_cat-frullatori","7":"product_cat-uso-professionale","9":"first","10":"instock","11":"taxable","12":"shipping-taxable","13":"purchasable","14":"product-type-simple"},"yoast_head":"<!-- This site is optimized with the Yoast SEO plugin v26.7 - https:\/\/yoast.com\/wordpress\/plugins\/seo\/ -->\n<title>Frullatore Q-Series Connoisseur 2160 W (con caraffe da 1,9L e 2,7L ) - Blendtec<\/title>\n<meta name=\"robots\" content=\"index, follow, max-snippet:-1, max-image-preview:large, max-video-preview:-1\" \/>\n<link rel=\"canonical\" href=\"https:\/\/blendtec.si\/it\/articolo\/frullatore-q-series-connoisseur-2160-w-con-caraffe-da-19l-e-27l\/\" \/>\n<meta property=\"og:locale\" content=\"it_IT\" \/>\n<meta property=\"og:type\" content=\"article\" \/>\n<meta property=\"og:title\" content=\"Frullatore Q-Series Connoisseur 2160 W (con caraffe da 1,9L e 2,7L ) - Blendtec\" \/>\n<meta property=\"og:description\" content=\"Blendtec Q-Series \u00e8 un frullatore professionale con coperchio antirumore, adatto per un utilizzo professionale nel settore della ristorazione, per la preparazione di varie bevande fredde e classiche (smoothie, frapp\u00e9). Con lo sviluppo della tecnologia Q-Series friendly per la riduzione del rumore, Blendtec ha creato frullatori della serie Q con contenitore antirumore, riducendo il rumore di 10 decibel, quasi la met\u00e0 rispetto all&#039;utilizzo dei frullatori tradizionali, rendendoli quindi ideali per caffetterie e bar di succhi.\" \/>\n<meta property=\"og:url\" content=\"https:\/\/blendtec.si\/it\/articolo\/frullatore-q-series-connoisseur-2160-w-con-caraffe-da-19l-e-27l\/\" \/>\n<meta property=\"og:site_name\" content=\"Blendtec\" \/>\n<meta property=\"article:modified_time\" content=\"2023-05-21T17:03:31+00:00\" \/>\n<meta property=\"og:image\" content=\"https:\/\/blendtec.si\/wp-content\/uploads\/2022\/11\/00131a.jpg\" \/>\n\t<meta property=\"og:image:width\" content=\"1240\" \/>\n\t<meta property=\"og:image:height\" content=\"1374\" \/>\n\t<meta property=\"og:image:type\" content=\"image\/jpeg\" \/>\n<meta name=\"twitter:card\" content=\"summary_large_image\" \/>\n<meta name=\"twitter:label1\" content=\"Tempo di lettura stimato\" \/>\n\t<meta name=\"twitter:data1\" content=\"9 minuti\" \/>\n<script type=\"application\/ld+json\" class=\"yoast-schema-graph\">{\"@context\":\"https:\/\/schema.org\",\"@graph\":[{\"@type\":\"WebPage\",\"@id\":\"https:\/\/blendtec.si\/it\/articolo\/frullatore-q-series-connoisseur-2160-w-con-caraffe-da-19l-e-27l\/\",\"url\":\"https:\/\/blendtec.si\/it\/articolo\/frullatore-q-series-connoisseur-2160-w-con-caraffe-da-19l-e-27l\/\",\"name\":\"Frullatore Q-Series Connoisseur 2160 W (con caraffe da 1,9L e 2,7L ) - Blendtec\",\"isPartOf\":{\"@id\":\"https:\/\/blendtec.si\/#website\"},\"primaryImageOfPage\":{\"@id\":\"https:\/\/blendtec.si\/it\/articolo\/frullatore-q-series-connoisseur-2160-w-con-caraffe-da-19l-e-27l\/#primaryimage\"},\"image\":{\"@id\":\"https:\/\/blendtec.si\/it\/articolo\/frullatore-q-series-connoisseur-2160-w-con-caraffe-da-19l-e-27l\/#primaryimage\"},\"thumbnailUrl\":\"https:\/\/blendtec.si\/wp-content\/uploads\/2022\/11\/00131a.jpg\",\"datePublished\":\"2022-11-15T22:12:38+00:00\",\"dateModified\":\"2023-05-21T17:03:31+00:00\",\"breadcrumb\":{\"@id\":\"https:\/\/blendtec.si\/it\/articolo\/frullatore-q-series-connoisseur-2160-w-con-caraffe-da-19l-e-27l\/#breadcrumb\"},\"inLanguage\":\"it-IT\",\"potentialAction\":[{\"@type\":\"ReadAction\",\"target\":[\"https:\/\/blendtec.si\/it\/articolo\/frullatore-q-series-connoisseur-2160-w-con-caraffe-da-19l-e-27l\/\"]}]},{\"@type\":\"ImageObject\",\"inLanguage\":\"it-IT\",\"@id\":\"https:\/\/blendtec.si\/it\/articolo\/frullatore-q-series-connoisseur-2160-w-con-caraffe-da-19l-e-27l\/#primaryimage\",\"url\":\"https:\/\/blendtec.si\/wp-content\/uploads\/2022\/11\/00131a.jpg\",\"contentUrl\":\"https:\/\/blendtec.si\/wp-content\/uploads\/2022\/11\/00131a.jpg\",\"width\":1240,\"height\":1374},{\"@type\":\"BreadcrumbList\",\"@id\":\"https:\/\/blendtec.si\/it\/articolo\/frullatore-q-series-connoisseur-2160-w-con-caraffe-da-19l-e-27l\/#breadcrumb\",\"itemListElement\":[{\"@type\":\"ListItem\",\"position\":1,\"name\":\"Home\",\"item\":\"https:\/\/blendtec.si\/it\/\"},{\"@type\":\"ListItem\",\"position\":2,\"name\":\"Negozio\",\"item\":\"https:\/\/blendtec.si\/it\/negozio-online\/\"},{\"@type\":\"ListItem\",\"position\":3,\"name\":\"Frullatore Q-Series Connoisseur 2160 W (con caraffe da 1,9L e 2,7L )\"}]},{\"@type\":\"WebSite\",\"@id\":\"https:\/\/blendtec.si\/#website\",\"url\":\"https:\/\/blendtec.si\/\",\"name\":\"Blendtec\",\"description\":\"Made in USA\",\"potentialAction\":[{\"@type\":\"SearchAction\",\"target\":{\"@type\":\"EntryPoint\",\"urlTemplate\":\"https:\/\/blendtec.si\/?s={search_term_string}\"},\"query-input\":{\"@type\":\"PropertyValueSpecification\",\"valueRequired\":true,\"valueName\":\"search_term_string\"}}],\"inLanguage\":\"it-IT\"}]}<\/script>\n<!-- \/ Yoast SEO plugin. -->","yoast_head_json":{"title":"Frullatore Q-Series Connoisseur 2160 W (con caraffe da 1,9L e 2,7L ) - Blendtec","robots":{"index":"index","follow":"follow","max-snippet":"max-snippet:-1","max-image-preview":"max-image-preview:large","max-video-preview":"max-video-preview:-1"},"canonical":"https:\/\/blendtec.si\/it\/articolo\/frullatore-q-series-connoisseur-2160-w-con-caraffe-da-19l-e-27l\/","og_locale":"it_IT","og_type":"article","og_title":"Frullatore Q-Series Connoisseur 2160 W (con caraffe da 1,9L e 2,7L ) - Blendtec","og_description":"Blendtec Q-Series \u00e8 un frullatore professionale con coperchio antirumore, adatto per un utilizzo professionale nel settore della ristorazione, per la preparazione di varie bevande fredde e classiche (smoothie, frapp\u00e9). Con lo sviluppo della tecnologia Q-Series friendly per la riduzione del rumore, Blendtec ha creato frullatori della serie Q con contenitore antirumore, riducendo il rumore di 10 decibel, quasi la met\u00e0 rispetto all'utilizzo dei frullatori tradizionali, rendendoli quindi ideali per caffetterie e bar di succhi.","og_url":"https:\/\/blendtec.si\/it\/articolo\/frullatore-q-series-connoisseur-2160-w-con-caraffe-da-19l-e-27l\/","og_site_name":"Blendtec","article_modified_time":"2023-05-21T17:03:31+00:00","og_image":[{"width":1240,"height":1374,"url":"https:\/\/blendtec.si\/wp-content\/uploads\/2022\/11\/00131a.jpg","type":"image\/jpeg"}],"twitter_card":"summary_large_image","twitter_misc":{"Tempo di lettura stimato":"9 minuti"},"schema":{"@context":"https:\/\/schema.org","@graph":[{"@type":"WebPage","@id":"https:\/\/blendtec.si\/it\/articolo\/frullatore-q-series-connoisseur-2160-w-con-caraffe-da-19l-e-27l\/","url":"https:\/\/blendtec.si\/it\/articolo\/frullatore-q-series-connoisseur-2160-w-con-caraffe-da-19l-e-27l\/","name":"Frullatore Q-Series Connoisseur 2160 W (con caraffe da 1,9L e 2,7L ) - Blendtec","isPartOf":{"@id":"https:\/\/blendtec.si\/#website"},"primaryImageOfPage":{"@id":"https:\/\/blendtec.si\/it\/articolo\/frullatore-q-series-connoisseur-2160-w-con-caraffe-da-19l-e-27l\/#primaryimage"},"image":{"@id":"https:\/\/blendtec.si\/it\/articolo\/frullatore-q-series-connoisseur-2160-w-con-caraffe-da-19l-e-27l\/#primaryimage"},"thumbnailUrl":"https:\/\/blendtec.si\/wp-content\/uploads\/2022\/11\/00131a.jpg","datePublished":"2022-11-15T22:12:38+00:00","dateModified":"2023-05-21T17:03:31+00:00","breadcrumb":{"@id":"https:\/\/blendtec.si\/it\/articolo\/frullatore-q-series-connoisseur-2160-w-con-caraffe-da-19l-e-27l\/#breadcrumb"},"inLanguage":"it-IT","potentialAction":[{"@type":"ReadAction","target":["https:\/\/blendtec.si\/it\/articolo\/frullatore-q-series-connoisseur-2160-w-con-caraffe-da-19l-e-27l\/"]}]},{"@type":"ImageObject","inLanguage":"it-IT","@id":"https:\/\/blendtec.si\/it\/articolo\/frullatore-q-series-connoisseur-2160-w-con-caraffe-da-19l-e-27l\/#primaryimage","url":"https:\/\/blendtec.si\/wp-content\/uploads\/2022\/11\/00131a.jpg","contentUrl":"https:\/\/blendtec.si\/wp-content\/uploads\/2022\/11\/00131a.jpg","width":1240,"height":1374},{"@type":"BreadcrumbList","@id":"https:\/\/blendtec.si\/it\/articolo\/frullatore-q-series-connoisseur-2160-w-con-caraffe-da-19l-e-27l\/#breadcrumb","itemListElement":[{"@type":"ListItem","position":1,"name":"Home","item":"https:\/\/blendtec.si\/it\/"},{"@type":"ListItem","position":2,"name":"Negozio","item":"https:\/\/blendtec.si\/it\/negozio-online\/"},{"@type":"ListItem","position":3,"name":"Frullatore Q-Series Connoisseur 2160 W (con caraffe da 1,9L e 2,7L )"}]},{"@type":"WebSite","@id":"https:\/\/blendtec.si\/#website","url":"https:\/\/blendtec.si\/","name":"Blendtec","description":"Made in USA","potentialAction":[{"@type":"SearchAction","target":{"@type":"EntryPoint","urlTemplate":"https:\/\/blendtec.si\/?s={search_term_string}"},"query-input":{"@type":"PropertyValueSpecification","valueRequired":true,"valueName":"search_term_string"}}],"inLanguage":"it-IT"}]}},"_links":{"self":[{"href":"https:\/\/blendtec.si\/it\/wp-json\/wp\/v2\/product\/4448","targetHints":{"allow":["GET"]}}],"collection":[{"href":"https:\/\/blendtec.si\/it\/wp-json\/wp\/v2\/product"}],"about":[{"href":"https:\/\/blendtec.si\/it\/wp-json\/wp\/v2\/types\/product"}],"wp:featuredmedia":[{"embeddable":true,"href":"https:\/\/blendtec.si\/it\/wp-json\/wp\/v2\/media\/3913"}],"wp:attachment":[{"href":"https:\/\/blendtec.si\/it\/wp-json\/wp\/v2\/media?parent=4448"}],"wp:term":[{"taxonomy":"product_brand","embeddable":true,"href":"https:\/\/blendtec.si\/it\/wp-json\/wp\/v2\/product_brand?post=4448"},{"taxonomy":"product_cat","embeddable":true,"href":"https:\/\/blendtec.si\/it\/wp-json\/wp\/v2\/product_cat?post=4448"},{"taxonomy":"product_tag","embeddable":true,"href":"https:\/\/blendtec.si\/it\/wp-json\/wp\/v2\/product_tag?post=4448"}],"curies":[{"name":"wp","href":"https:\/\/api.w.org\/{rel}","templated":true}]}}