{"id":4445,"date":"2022-11-15T23:58:13","date_gmt":"2022-11-15T22:58:13","guid":{"rendered":"https:\/\/blendtec.si\/izdelek\/blendtec-basic-1-9l-posoda\/"},"modified":"2023-06-14T15:12:59","modified_gmt":"2023-06-14T13:12:59","slug":"contenitore-blendtec-basic-capacita-19l","status":"publish","type":"product","link":"https:\/\/blendtec.si\/it\/articolo\/contenitore-blendtec-basic-capacita-19l\/","title":{"rendered":"Contenitore Blendtec Basic &#8211; capacit\u00e0 1,9L"},"content":{"rendered":"<div class=\"fusion-fullwidth fullwidth-box fusion-builder-row-1 fusion-flex-container nonhundred-percent-fullwidth non-hundred-percent-height-scrolling\" style=\"--awb-border-radius-top-left:0px;--awb-border-radius-top-right:0px;--awb-border-radius-bottom-right:0px;--awb-border-radius-bottom-left:0px;--awb-padding-bottom:0%;--awb-margin-bottom:0px;--awb-flex-wrap:wrap;\" ><div class=\"fusion-builder-row fusion-row fusion-flex-align-items-flex-start fusion-flex-content-wrap\" style=\"max-width:1305.6px;margin-left: calc(-2% \/ 2 );margin-right: calc(-2% \/ 2 );\"><div class=\"fusion-layout-column fusion_builder_column fusion-builder-column-0 fusion_builder_column_1_1 1_1 fusion-flex-column\" style=\"--awb-bg-blend:overlay;--awb-bg-size:cover;--awb-width-large:100%;--awb-margin-top-large:20px;--awb-spacing-right-large:0.98%;--awb-margin-bottom-large:0%;--awb-spacing-left-large:0.98%;--awb-width-medium:100%;--awb-spacing-right-medium:0.98%;--awb-spacing-left-medium:0.98%;--awb-width-small:100%;--awb-spacing-right-small:0.98%;--awb-spacing-left-small:0.98%;\"><div class=\"fusion-column-wrapper fusion-column-has-shadow fusion-flex-justify-content-flex-start fusion-content-layout-column\"><div class=\"fusion-text fusion-text-1\"><p>La classica caraffa Blendtec con una capacit\u00e0 di 1,9 litri \u00e8 adatta per l&#8217;utilizzo quotidiano e per ricette classiche. La caraffa brevettata a quattro lati con una capacit\u00e0 di 1,9 litri crea consistenze eccellenti in modo estremamente rapido.<\/p>\n<\/div><div class=\"fusion-title title fusion-title-1 fusion-sep-none fusion-title-text fusion-title-size-four\" style=\"--awb-text-color:var(--awb-custom_color_2);--awb-margin-top:0px;--awb-margin-bottom:0px;\"><h4 class=\"fusion-title-heading title-heading-left fusion-responsive-typography-calculated\" style=\"margin:0;text-transform:none;--fontSize:20;--minFontSize:20;line-height:1.5;\">Caratteristiche:<\/h4><\/div><div class=\"fusion-text fusion-text-2\"><ul>\n<li>Il contenitore \u00e8 realizzato con materiali ecologici e privi di bisfenolo-A (BPA free)<\/li>\n<li>Il coperchio della caraffa consente di aggiungere liquidi e ingredienti per un gusto ancora migliore<\/li>\n<li>La caraffa \u00e8 segnata con le unit\u00e0 di misura<\/li>\n<li>La lama \u00e8 saldamente fissata nella caraffa ed \u00e8 smussata (agisce per potenza e non per affilatura)<\/li>\n<li>La dimensione della lama \u00e8 di 7,60 cm<\/li>\n<li>La forma ergonomica della caraffa facilita il versamento delle bevande nel tuo bicchiere<\/li>\n<li><strong>Garanzia: 3 anni<\/strong><\/li>\n<\/ul>\n<\/div><\/div><\/div><\/div><\/div>\n","protected":false},"excerpt":{"rendered":"<p>Il classico contenitore brevettato da 1,9 litri \u00e8 ideale per la preparazione di ricette quotidiane e consente di ottenere risultati di consistenza eccellente in modo rapido.<\/p>\n","protected":false},"featured_media":3979,"template":"","meta":[],"product_brand":[],"product_cat":[99],"product_tag":[],"class_list":{"0":"post-4445","1":"product","2":"type-product","3":"status-publish","4":"has-post-thumbnail","6":"product_cat-barattoli","8":"first","9":"onbackorder","10":"sale","11":"taxable","12":"shipping-taxable","13":"purchasable","14":"product-type-simple"},"yoast_head":"<!-- This site is optimized with the Yoast SEO plugin v26.7 - https:\/\/yoast.com\/wordpress\/plugins\/seo\/ -->\n<title>Contenitore Blendtec Basic - capacit\u00e0 1,9L - Blendtec<\/title>\n<meta name=\"robots\" content=\"index, follow, max-snippet:-1, max-image-preview:large, max-video-preview:-1\" \/>\n<link rel=\"canonical\" href=\"https:\/\/blendtec.si\/it\/articolo\/contenitore-blendtec-basic-capacita-19l\/\" \/>\n<meta property=\"og:locale\" content=\"it_IT\" \/>\n<meta property=\"og:type\" content=\"article\" \/>\n<meta property=\"og:title\" content=\"Contenitore Blendtec Basic - capacit\u00e0 1,9L - Blendtec\" \/>\n<meta property=\"og:description\" content=\"Il classico contenitore brevettato da 1,9 litri \u00e8 ideale per la preparazione di ricette quotidiane e consente di ottenere risultati di consistenza eccellente in modo rapido.\" \/>\n<meta property=\"og:url\" content=\"https:\/\/blendtec.si\/it\/articolo\/contenitore-blendtec-basic-capacita-19l\/\" \/>\n<meta property=\"og:site_name\" content=\"Blendtec\" \/>\n<meta property=\"article:modified_time\" content=\"2023-06-14T13:12:59+00:00\" \/>\n<meta property=\"og:image\" content=\"https:\/\/blendtec.si\/wp-content\/uploads\/2022\/11\/00150a.jpg\" \/>\n\t<meta property=\"og:image:width\" content=\"1240\" \/>\n\t<meta property=\"og:image:height\" content=\"1374\" \/>\n\t<meta property=\"og:image:type\" content=\"image\/jpeg\" \/>\n<meta name=\"twitter:card\" content=\"summary_large_image\" \/>\n<meta name=\"twitter:label1\" content=\"Tempo di lettura stimato\" \/>\n\t<meta name=\"twitter:data1\" content=\"3 minuti\" \/>\n<script type=\"application\/ld+json\" class=\"yoast-schema-graph\">{\"@context\":\"https:\/\/schema.org\",\"@graph\":[{\"@type\":\"WebPage\",\"@id\":\"https:\/\/blendtec.si\/it\/articolo\/contenitore-blendtec-basic-capacita-19l\/\",\"url\":\"https:\/\/blendtec.si\/it\/articolo\/contenitore-blendtec-basic-capacita-19l\/\",\"name\":\"Contenitore Blendtec Basic - capacit\u00e0 1,9L - Blendtec\",\"isPartOf\":{\"@id\":\"https:\/\/blendtec.si\/#website\"},\"primaryImageOfPage\":{\"@id\":\"https:\/\/blendtec.si\/it\/articolo\/contenitore-blendtec-basic-capacita-19l\/#primaryimage\"},\"image\":{\"@id\":\"https:\/\/blendtec.si\/it\/articolo\/contenitore-blendtec-basic-capacita-19l\/#primaryimage\"},\"thumbnailUrl\":\"https:\/\/blendtec.si\/wp-content\/uploads\/2022\/11\/00150a.jpg\",\"datePublished\":\"2022-11-15T22:58:13+00:00\",\"dateModified\":\"2023-06-14T13:12:59+00:00\",\"breadcrumb\":{\"@id\":\"https:\/\/blendtec.si\/it\/articolo\/contenitore-blendtec-basic-capacita-19l\/#breadcrumb\"},\"inLanguage\":\"it-IT\",\"potentialAction\":[{\"@type\":\"ReadAction\",\"target\":[\"https:\/\/blendtec.si\/it\/articolo\/contenitore-blendtec-basic-capacita-19l\/\"]}]},{\"@type\":\"ImageObject\",\"inLanguage\":\"it-IT\",\"@id\":\"https:\/\/blendtec.si\/it\/articolo\/contenitore-blendtec-basic-capacita-19l\/#primaryimage\",\"url\":\"https:\/\/blendtec.si\/wp-content\/uploads\/2022\/11\/00150a.jpg\",\"contentUrl\":\"https:\/\/blendtec.si\/wp-content\/uploads\/2022\/11\/00150a.jpg\",\"width\":1240,\"height\":1374},{\"@type\":\"BreadcrumbList\",\"@id\":\"https:\/\/blendtec.si\/it\/articolo\/contenitore-blendtec-basic-capacita-19l\/#breadcrumb\",\"itemListElement\":[{\"@type\":\"ListItem\",\"position\":1,\"name\":\"Home\",\"item\":\"https:\/\/blendtec.si\/it\/\"},{\"@type\":\"ListItem\",\"position\":2,\"name\":\"Negozio\",\"item\":\"https:\/\/blendtec.si\/it\/negozio-online\/\"},{\"@type\":\"ListItem\",\"position\":3,\"name\":\"Contenitore Blendtec Basic &#8211; capacit\u00e0 1,9L\"}]},{\"@type\":\"WebSite\",\"@id\":\"https:\/\/blendtec.si\/#website\",\"url\":\"https:\/\/blendtec.si\/\",\"name\":\"Blendtec\",\"description\":\"Made in USA\",\"potentialAction\":[{\"@type\":\"SearchAction\",\"target\":{\"@type\":\"EntryPoint\",\"urlTemplate\":\"https:\/\/blendtec.si\/?s={search_term_string}\"},\"query-input\":{\"@type\":\"PropertyValueSpecification\",\"valueRequired\":true,\"valueName\":\"search_term_string\"}}],\"inLanguage\":\"it-IT\"}]}<\/script>\n<!-- \/ Yoast SEO plugin. -->","yoast_head_json":{"title":"Contenitore Blendtec Basic - capacit\u00e0 1,9L - Blendtec","robots":{"index":"index","follow":"follow","max-snippet":"max-snippet:-1","max-image-preview":"max-image-preview:large","max-video-preview":"max-video-preview:-1"},"canonical":"https:\/\/blendtec.si\/it\/articolo\/contenitore-blendtec-basic-capacita-19l\/","og_locale":"it_IT","og_type":"article","og_title":"Contenitore Blendtec Basic - capacit\u00e0 1,9L - Blendtec","og_description":"Il classico contenitore brevettato da 1,9 litri \u00e8 ideale per la preparazione di ricette quotidiane e consente di ottenere risultati di consistenza eccellente in modo rapido.","og_url":"https:\/\/blendtec.si\/it\/articolo\/contenitore-blendtec-basic-capacita-19l\/","og_site_name":"Blendtec","article_modified_time":"2023-06-14T13:12:59+00:00","og_image":[{"width":1240,"height":1374,"url":"https:\/\/blendtec.si\/wp-content\/uploads\/2022\/11\/00150a.jpg","type":"image\/jpeg"}],"twitter_card":"summary_large_image","twitter_misc":{"Tempo di lettura stimato":"3 minuti"},"schema":{"@context":"https:\/\/schema.org","@graph":[{"@type":"WebPage","@id":"https:\/\/blendtec.si\/it\/articolo\/contenitore-blendtec-basic-capacita-19l\/","url":"https:\/\/blendtec.si\/it\/articolo\/contenitore-blendtec-basic-capacita-19l\/","name":"Contenitore Blendtec Basic - capacit\u00e0 1,9L - Blendtec","isPartOf":{"@id":"https:\/\/blendtec.si\/#website"},"primaryImageOfPage":{"@id":"https:\/\/blendtec.si\/it\/articolo\/contenitore-blendtec-basic-capacita-19l\/#primaryimage"},"image":{"@id":"https:\/\/blendtec.si\/it\/articolo\/contenitore-blendtec-basic-capacita-19l\/#primaryimage"},"thumbnailUrl":"https:\/\/blendtec.si\/wp-content\/uploads\/2022\/11\/00150a.jpg","datePublished":"2022-11-15T22:58:13+00:00","dateModified":"2023-06-14T13:12:59+00:00","breadcrumb":{"@id":"https:\/\/blendtec.si\/it\/articolo\/contenitore-blendtec-basic-capacita-19l\/#breadcrumb"},"inLanguage":"it-IT","potentialAction":[{"@type":"ReadAction","target":["https:\/\/blendtec.si\/it\/articolo\/contenitore-blendtec-basic-capacita-19l\/"]}]},{"@type":"ImageObject","inLanguage":"it-IT","@id":"https:\/\/blendtec.si\/it\/articolo\/contenitore-blendtec-basic-capacita-19l\/#primaryimage","url":"https:\/\/blendtec.si\/wp-content\/uploads\/2022\/11\/00150a.jpg","contentUrl":"https:\/\/blendtec.si\/wp-content\/uploads\/2022\/11\/00150a.jpg","width":1240,"height":1374},{"@type":"BreadcrumbList","@id":"https:\/\/blendtec.si\/it\/articolo\/contenitore-blendtec-basic-capacita-19l\/#breadcrumb","itemListElement":[{"@type":"ListItem","position":1,"name":"Home","item":"https:\/\/blendtec.si\/it\/"},{"@type":"ListItem","position":2,"name":"Negozio","item":"https:\/\/blendtec.si\/it\/negozio-online\/"},{"@type":"ListItem","position":3,"name":"Contenitore Blendtec Basic &#8211; capacit\u00e0 1,9L"}]},{"@type":"WebSite","@id":"https:\/\/blendtec.si\/#website","url":"https:\/\/blendtec.si\/","name":"Blendtec","description":"Made in USA","potentialAction":[{"@type":"SearchAction","target":{"@type":"EntryPoint","urlTemplate":"https:\/\/blendtec.si\/?s={search_term_string}"},"query-input":{"@type":"PropertyValueSpecification","valueRequired":true,"valueName":"search_term_string"}}],"inLanguage":"it-IT"}]}},"_links":{"self":[{"href":"https:\/\/blendtec.si\/it\/wp-json\/wp\/v2\/product\/4445","targetHints":{"allow":["GET"]}}],"collection":[{"href":"https:\/\/blendtec.si\/it\/wp-json\/wp\/v2\/product"}],"about":[{"href":"https:\/\/blendtec.si\/it\/wp-json\/wp\/v2\/types\/product"}],"wp:featuredmedia":[{"embeddable":true,"href":"https:\/\/blendtec.si\/it\/wp-json\/wp\/v2\/media\/3979"}],"wp:attachment":[{"href":"https:\/\/blendtec.si\/it\/wp-json\/wp\/v2\/media?parent=4445"}],"wp:term":[{"taxonomy":"product_brand","embeddable":true,"href":"https:\/\/blendtec.si\/it\/wp-json\/wp\/v2\/product_brand?post=4445"},{"taxonomy":"product_cat","embeddable":true,"href":"https:\/\/blendtec.si\/it\/wp-json\/wp\/v2\/product_cat?post=4445"},{"taxonomy":"product_tag","embeddable":true,"href":"https:\/\/blendtec.si\/it\/wp-json\/wp\/v2\/product_tag?post=4445"}],"curies":[{"name":"wp","href":"https:\/\/api.w.org\/{rel}","templated":true}]}}