{"id":4444,"date":"2022-11-16T00:00:36","date_gmt":"2022-11-15T23:00:36","guid":{"rendered":"https:\/\/blendtec.si\/izdelek\/blendtec-wildside-2-7l-posoda\/"},"modified":"2023-05-30T13:05:07","modified_gmt":"2023-05-30T11:05:07","slug":"il-contenitore-blendtec-wildside-capacita-26l","status":"publish","type":"product","link":"https:\/\/blendtec.si\/it\/articolo\/il-contenitore-blendtec-wildside-capacita-26l\/","title":{"rendered":"Il contenitore Blendtec Wildside + capacit\u00e0 2,6L"},"content":{"rendered":"<div class=\"fusion-fullwidth fullwidth-box fusion-builder-row-1 fusion-flex-container nonhundred-percent-fullwidth non-hundred-percent-height-scrolling\" style=\"--awb-border-radius-top-left:0px;--awb-border-radius-top-right:0px;--awb-border-radius-bottom-right:0px;--awb-border-radius-bottom-left:0px;--awb-padding-bottom:0%;--awb-margin-bottom:0px;--awb-flex-wrap:wrap;\" ><div class=\"fusion-builder-row fusion-row fusion-flex-align-items-flex-start fusion-flex-content-wrap\" style=\"max-width:1305.6px;margin-left: calc(-2% \/ 2 );margin-right: calc(-2% \/ 2 );\"><div class=\"fusion-layout-column fusion_builder_column fusion-builder-column-0 fusion_builder_column_1_1 1_1 fusion-flex-column\" style=\"--awb-bg-blend:overlay;--awb-bg-size:cover;--awb-width-large:100%;--awb-margin-top-large:20px;--awb-spacing-right-large:0.98%;--awb-margin-bottom-large:0%;--awb-spacing-left-large:0.98%;--awb-width-medium:100%;--awb-spacing-right-medium:0.98%;--awb-spacing-left-medium:0.98%;--awb-width-small:100%;--awb-spacing-right-small:0.98%;--awb-spacing-left-small:0.98%;\"><div class=\"fusion-column-wrapper fusion-column-has-shadow fusion-flex-justify-content-flex-start fusion-content-layout-column\"><div class=\"fusion-text fusion-text-1\"><p>Il contenitore Wildside\u2122+ \u00e8 un contenitore brevettato a cinque lati con una capacit\u00e0 di 2,6 litri che consente di ottenere consistenze ancora migliori in modo pi\u00f9 veloce, migliore e sicuro.<\/p>\n<p>La prossima evoluzione del rinomato contenitore Wildside \u00e8 un nuovo contenitore Wildside \u2122 +, che \u00e8 stata disegnata insieme ai cuochi per offrire un&#8217;aiuto ancore maggiore nella creazione di piatti grazie al suo miglioramento e, di conseguenza una maggiore velocit\u00e0 di frullatura rispeto a qualsiasi altro frullatore di prima. Nel nuovo contenitore Wildside \u2122 + si possono mescolare frutta surgelata e ghiaccio in solo 14 secondi, pi\u00f9 velocemente che con qualsiasi altro frullatore professionale sul mercato.<\/p>\n<p>Con bozzi nuovamente aggiunti all&#8217;interno del contenitore si po\u00f9 davvero mescolare bene gli ingredienti<\/p>\n<p>Il segreto delle nuove Wildside \u2122 + contenitori sono in realt\u00e0 due sporgenze stampate che costringono gli ingredienti a rimbalzare su ulteriori superfici, accelerando ulteriormente la miscelazione e migliorando l&#8217;efficienza della mescolatura degli ingredienti congelati, fino al 25%. Per questo e altre innovative caratteristiche, il nuovo contenitore Wildside \u2122 + \u00e8 adatto per mescolare grandi quantit\u00e0, tritare il ghiaccio, mescolare succhi e altre bevande, zuppe e molto altro ancora.<\/p>\n<p>Lame taglienti e smussati per un&#8217;efficienza e una sicurezza ottimali.<\/p>\n<p>Come il suo predecessore, anche il contenitore Wildside\u2122+ ha una forma brevettata a cinque lati che dirige il movimento del miscelatore in un vortice, consentendo di mescolare il doppio della quantit\u00e0 in met\u00e0 del tempo. Le lame in acciaio inossidabile offrono maggiore sicurezza e facilit\u00e0 di pulizia. Le lame sono 10 volte pi\u00f9 resistenti rispetto ai modelli concorrenti, quindi non si rompono mescolando cibi pi\u00f9 duri.<\/p>\n<p>Anche i nuovi contenitori Wildside \u2122 + sono fatte di materiale privo di BPA.<\/p>\n<\/div><div class=\"fusion-title title fusion-title-1 fusion-sep-none fusion-title-text fusion-title-size-four\" style=\"--awb-text-color:var(--awb-custom_color_2);--awb-margin-top:0px;--awb-margin-bottom:0px;\"><h4 class=\"fusion-title-heading title-heading-left fusion-responsive-typography-calculated\" style=\"margin:0;text-transform:none;--fontSize:20;--minFontSize:20;line-height:1.5;\">Caratteristiche:<\/h4><\/div><div class=\"fusion-text fusion-text-2\"><ul>\n<li>La caraffa Wildside\u2122 + permette preparare ricetti di qantit\u00e0 maggiore<\/li>\n<li>La caraffa \u00e8 fatta di materiali, che sono rispettosi dell&#8217;ambiente e non contengono il tossico besfenolo-A (BPA free)<\/li>\n<li>Le sporgenze all&#8217;interno della caraffa consentono un&#8217;efficienza di miscelazione ancora maggiore e migliore<\/li>\n<li>Il coperchio della caraffa permette aggiungere liquidi e altri ingredienti per migliorare il sapore<\/li>\n<li>Il design ergonomico della caraffa permette versare facilmente le vostre bevande nel bicchiere<\/li>\n<li>La caraffa Wildside\u2122 + \u00e8 compatibile con tutti i modelli dei frulattori Blendtec<\/li>\n<li><strong>Garanzia: tre anni<\/strong><\/li>\n<\/ul>\n<\/div><\/div><\/div><\/div><\/div>\n","protected":false},"excerpt":{"rendered":"<p>Il contenitore quadrato brevettato a cinque lati, con una capacit\u00e0 di 2,6 litri, crea consistenze ancora migliori in modo pi\u00f9 veloce.<\/p>\n","protected":false},"featured_media":3982,"template":"","meta":[],"product_brand":[],"product_cat":[99],"product_tag":[109],"class_list":{"0":"post-4444","1":"product","2":"type-product","3":"status-publish","4":"has-post-thumbnail","6":"product_cat-barattoli","7":"product_tag-coversi-it","9":"first","10":"instock","11":"sale","12":"taxable","13":"shipping-taxable","14":"purchasable","15":"product-type-simple"},"yoast_head":"<!-- This site is optimized with the Yoast SEO plugin v26.7 - https:\/\/yoast.com\/wordpress\/plugins\/seo\/ -->\n<title>Il contenitore Blendtec Wildside + capacit\u00e0 2,6L - Blendtec<\/title>\n<meta name=\"robots\" content=\"index, follow, max-snippet:-1, max-image-preview:large, max-video-preview:-1\" \/>\n<link rel=\"canonical\" href=\"https:\/\/blendtec.si\/it\/articolo\/il-contenitore-blendtec-wildside-capacita-26l\/\" \/>\n<meta property=\"og:locale\" content=\"it_IT\" \/>\n<meta property=\"og:type\" content=\"article\" \/>\n<meta property=\"og:title\" content=\"Il contenitore Blendtec Wildside + capacit\u00e0 2,6L - Blendtec\" \/>\n<meta property=\"og:description\" content=\"Il contenitore quadrato brevettato a cinque lati, con una capacit\u00e0 di 2,6 litri, crea consistenze ancora migliori in modo pi\u00f9 veloce.\" \/>\n<meta property=\"og:url\" content=\"https:\/\/blendtec.si\/it\/articolo\/il-contenitore-blendtec-wildside-capacita-26l\/\" \/>\n<meta property=\"og:site_name\" content=\"Blendtec\" \/>\n<meta property=\"article:modified_time\" content=\"2023-05-30T11:05:07+00:00\" \/>\n<meta property=\"og:image\" content=\"https:\/\/blendtec.si\/wp-content\/uploads\/2022\/11\/00151a.jpg\" \/>\n\t<meta property=\"og:image:width\" content=\"1240\" \/>\n\t<meta property=\"og:image:height\" content=\"1374\" \/>\n\t<meta property=\"og:image:type\" content=\"image\/jpeg\" \/>\n<meta name=\"twitter:card\" content=\"summary_large_image\" \/>\n<meta name=\"twitter:label1\" content=\"Tempo di lettura stimato\" \/>\n\t<meta name=\"twitter:data1\" content=\"4 minuti\" \/>\n<script type=\"application\/ld+json\" class=\"yoast-schema-graph\">{\"@context\":\"https:\/\/schema.org\",\"@graph\":[{\"@type\":\"WebPage\",\"@id\":\"https:\/\/blendtec.si\/it\/articolo\/il-contenitore-blendtec-wildside-capacita-26l\/\",\"url\":\"https:\/\/blendtec.si\/it\/articolo\/il-contenitore-blendtec-wildside-capacita-26l\/\",\"name\":\"Il contenitore Blendtec Wildside + capacit\u00e0 2,6L - Blendtec\",\"isPartOf\":{\"@id\":\"https:\/\/blendtec.si\/#website\"},\"primaryImageOfPage\":{\"@id\":\"https:\/\/blendtec.si\/it\/articolo\/il-contenitore-blendtec-wildside-capacita-26l\/#primaryimage\"},\"image\":{\"@id\":\"https:\/\/blendtec.si\/it\/articolo\/il-contenitore-blendtec-wildside-capacita-26l\/#primaryimage\"},\"thumbnailUrl\":\"https:\/\/blendtec.si\/wp-content\/uploads\/2022\/11\/00151a.jpg\",\"datePublished\":\"2022-11-15T23:00:36+00:00\",\"dateModified\":\"2023-05-30T11:05:07+00:00\",\"breadcrumb\":{\"@id\":\"https:\/\/blendtec.si\/it\/articolo\/il-contenitore-blendtec-wildside-capacita-26l\/#breadcrumb\"},\"inLanguage\":\"it-IT\",\"potentialAction\":[{\"@type\":\"ReadAction\",\"target\":[\"https:\/\/blendtec.si\/it\/articolo\/il-contenitore-blendtec-wildside-capacita-26l\/\"]}]},{\"@type\":\"ImageObject\",\"inLanguage\":\"it-IT\",\"@id\":\"https:\/\/blendtec.si\/it\/articolo\/il-contenitore-blendtec-wildside-capacita-26l\/#primaryimage\",\"url\":\"https:\/\/blendtec.si\/wp-content\/uploads\/2022\/11\/00151a.jpg\",\"contentUrl\":\"https:\/\/blendtec.si\/wp-content\/uploads\/2022\/11\/00151a.jpg\",\"width\":1240,\"height\":1374},{\"@type\":\"BreadcrumbList\",\"@id\":\"https:\/\/blendtec.si\/it\/articolo\/il-contenitore-blendtec-wildside-capacita-26l\/#breadcrumb\",\"itemListElement\":[{\"@type\":\"ListItem\",\"position\":1,\"name\":\"Home\",\"item\":\"https:\/\/blendtec.si\/it\/\"},{\"@type\":\"ListItem\",\"position\":2,\"name\":\"Negozio\",\"item\":\"https:\/\/blendtec.si\/it\/negozio-online\/\"},{\"@type\":\"ListItem\",\"position\":3,\"name\":\"Il contenitore Blendtec Wildside + capacit\u00e0 2,6L\"}]},{\"@type\":\"WebSite\",\"@id\":\"https:\/\/blendtec.si\/#website\",\"url\":\"https:\/\/blendtec.si\/\",\"name\":\"Blendtec\",\"description\":\"Made in USA\",\"potentialAction\":[{\"@type\":\"SearchAction\",\"target\":{\"@type\":\"EntryPoint\",\"urlTemplate\":\"https:\/\/blendtec.si\/?s={search_term_string}\"},\"query-input\":{\"@type\":\"PropertyValueSpecification\",\"valueRequired\":true,\"valueName\":\"search_term_string\"}}],\"inLanguage\":\"it-IT\"}]}<\/script>\n<!-- \/ Yoast SEO plugin. -->","yoast_head_json":{"title":"Il contenitore Blendtec Wildside + capacit\u00e0 2,6L - Blendtec","robots":{"index":"index","follow":"follow","max-snippet":"max-snippet:-1","max-image-preview":"max-image-preview:large","max-video-preview":"max-video-preview:-1"},"canonical":"https:\/\/blendtec.si\/it\/articolo\/il-contenitore-blendtec-wildside-capacita-26l\/","og_locale":"it_IT","og_type":"article","og_title":"Il contenitore Blendtec Wildside + capacit\u00e0 2,6L - Blendtec","og_description":"Il contenitore quadrato brevettato a cinque lati, con una capacit\u00e0 di 2,6 litri, crea consistenze ancora migliori in modo pi\u00f9 veloce.","og_url":"https:\/\/blendtec.si\/it\/articolo\/il-contenitore-blendtec-wildside-capacita-26l\/","og_site_name":"Blendtec","article_modified_time":"2023-05-30T11:05:07+00:00","og_image":[{"width":1240,"height":1374,"url":"https:\/\/blendtec.si\/wp-content\/uploads\/2022\/11\/00151a.jpg","type":"image\/jpeg"}],"twitter_card":"summary_large_image","twitter_misc":{"Tempo di lettura stimato":"4 minuti"},"schema":{"@context":"https:\/\/schema.org","@graph":[{"@type":"WebPage","@id":"https:\/\/blendtec.si\/it\/articolo\/il-contenitore-blendtec-wildside-capacita-26l\/","url":"https:\/\/blendtec.si\/it\/articolo\/il-contenitore-blendtec-wildside-capacita-26l\/","name":"Il contenitore Blendtec Wildside + capacit\u00e0 2,6L - Blendtec","isPartOf":{"@id":"https:\/\/blendtec.si\/#website"},"primaryImageOfPage":{"@id":"https:\/\/blendtec.si\/it\/articolo\/il-contenitore-blendtec-wildside-capacita-26l\/#primaryimage"},"image":{"@id":"https:\/\/blendtec.si\/it\/articolo\/il-contenitore-blendtec-wildside-capacita-26l\/#primaryimage"},"thumbnailUrl":"https:\/\/blendtec.si\/wp-content\/uploads\/2022\/11\/00151a.jpg","datePublished":"2022-11-15T23:00:36+00:00","dateModified":"2023-05-30T11:05:07+00:00","breadcrumb":{"@id":"https:\/\/blendtec.si\/it\/articolo\/il-contenitore-blendtec-wildside-capacita-26l\/#breadcrumb"},"inLanguage":"it-IT","potentialAction":[{"@type":"ReadAction","target":["https:\/\/blendtec.si\/it\/articolo\/il-contenitore-blendtec-wildside-capacita-26l\/"]}]},{"@type":"ImageObject","inLanguage":"it-IT","@id":"https:\/\/blendtec.si\/it\/articolo\/il-contenitore-blendtec-wildside-capacita-26l\/#primaryimage","url":"https:\/\/blendtec.si\/wp-content\/uploads\/2022\/11\/00151a.jpg","contentUrl":"https:\/\/blendtec.si\/wp-content\/uploads\/2022\/11\/00151a.jpg","width":1240,"height":1374},{"@type":"BreadcrumbList","@id":"https:\/\/blendtec.si\/it\/articolo\/il-contenitore-blendtec-wildside-capacita-26l\/#breadcrumb","itemListElement":[{"@type":"ListItem","position":1,"name":"Home","item":"https:\/\/blendtec.si\/it\/"},{"@type":"ListItem","position":2,"name":"Negozio","item":"https:\/\/blendtec.si\/it\/negozio-online\/"},{"@type":"ListItem","position":3,"name":"Il contenitore Blendtec Wildside + capacit\u00e0 2,6L"}]},{"@type":"WebSite","@id":"https:\/\/blendtec.si\/#website","url":"https:\/\/blendtec.si\/","name":"Blendtec","description":"Made in USA","potentialAction":[{"@type":"SearchAction","target":{"@type":"EntryPoint","urlTemplate":"https:\/\/blendtec.si\/?s={search_term_string}"},"query-input":{"@type":"PropertyValueSpecification","valueRequired":true,"valueName":"search_term_string"}}],"inLanguage":"it-IT"}]}},"_links":{"self":[{"href":"https:\/\/blendtec.si\/it\/wp-json\/wp\/v2\/product\/4444","targetHints":{"allow":["GET"]}}],"collection":[{"href":"https:\/\/blendtec.si\/it\/wp-json\/wp\/v2\/product"}],"about":[{"href":"https:\/\/blendtec.si\/it\/wp-json\/wp\/v2\/types\/product"}],"wp:featuredmedia":[{"embeddable":true,"href":"https:\/\/blendtec.si\/it\/wp-json\/wp\/v2\/media\/3982"}],"wp:attachment":[{"href":"https:\/\/blendtec.si\/it\/wp-json\/wp\/v2\/media?parent=4444"}],"wp:term":[{"taxonomy":"product_brand","embeddable":true,"href":"https:\/\/blendtec.si\/it\/wp-json\/wp\/v2\/product_brand?post=4444"},{"taxonomy":"product_cat","embeddable":true,"href":"https:\/\/blendtec.si\/it\/wp-json\/wp\/v2\/product_cat?post=4444"},{"taxonomy":"product_tag","embeddable":true,"href":"https:\/\/blendtec.si\/it\/wp-json\/wp\/v2\/product_tag?post=4444"}],"curies":[{"name":"wp","href":"https:\/\/api.w.org\/{rel}","templated":true}]}}