{"id":4443,"date":"2022-11-16T00:02:51","date_gmt":"2022-11-15T23:02:51","guid":{"rendered":"https:\/\/blendtec.si\/izdelek\/blendtec-twister-0-9l-posoda\/"},"modified":"2023-05-30T13:05:12","modified_gmt":"2023-05-30T11:05:12","slug":"il-contenitore-blendtec-twister","status":"publish","type":"product","link":"https:\/\/blendtec.si\/it\/articolo\/il-contenitore-blendtec-twister\/","title":{"rendered":"Il contenitore Blendtec Twister"},"content":{"rendered":"<div class=\"fusion-fullwidth fullwidth-box fusion-builder-row-1 fusion-flex-container nonhundred-percent-fullwidth non-hundred-percent-height-scrolling\" style=\"--awb-border-radius-top-left:0px;--awb-border-radius-top-right:0px;--awb-border-radius-bottom-right:0px;--awb-border-radius-bottom-left:0px;--awb-padding-bottom:0%;--awb-margin-bottom:0px;--awb-flex-wrap:wrap;\" ><div class=\"fusion-builder-row fusion-row fusion-flex-align-items-flex-start fusion-flex-content-wrap\" style=\"max-width:1305.6px;margin-left: calc(-2% \/ 2 );margin-right: calc(-2% \/ 2 );\"><div class=\"fusion-layout-column fusion_builder_column fusion-builder-column-0 fusion_builder_column_1_1 1_1 fusion-flex-column\" style=\"--awb-bg-blend:overlay;--awb-bg-size:cover;--awb-width-large:100%;--awb-margin-top-large:20px;--awb-spacing-right-large:0.98%;--awb-margin-bottom-large:0%;--awb-spacing-left-large:0.98%;--awb-width-medium:100%;--awb-spacing-right-medium:0.98%;--awb-spacing-left-medium:0.98%;--awb-width-small:100%;--awb-spacing-right-small:0.98%;--awb-spacing-left-small:0.98%;\"><div class=\"fusion-column-wrapper fusion-column-has-shadow fusion-flex-justify-content-flex-start fusion-content-layout-column\"><div class=\"fusion-text fusion-text-1\"><p>La caraffa Twister \u00e8 stata progettata per preparare ricette in quantit\u00e0 pi\u00f9 piccole e pi\u00f9 dense, nonch\u00e9 per quelle in cui non si desidera aggiungere liquidi. La vaschetta Twister \u00e8 ideale per preparare hummus, burro di noci, cibi per bambini, salse e condimenti vari, gelati con frutta surgelata, frullati densi e molto altro ancora!<\/p>\n<p>Per l&#8217;uso, basta aggiungere gli ingredienti nel contenitore Twister e, utilizzando il coperchio che si gira durante la miscelazione, aiutare tutti gli ingredienti nella vaschetta a cadere sulle lame e mescolarsi uniformemente. Oltre alla vaschetta, riceverete anche una spatola unica, chiamata SPECTACULA, appositamente progettata per le caraffa Blendtec. Diventer\u00e0 una parte indispensabile della vostra esperienza con l&#8217;apparecchio Blendtec, poich\u00e9 ha le dimensioni perfette per raccogliere completamente tutti gli ingredienti dalla caraffa. Grazie alla forma rotonda della vaschetta, la pulizia delle ricette dense \u00e8 estremamente facile e potrete sempre raccogliere tutti gli ingredienti con la spatola.<\/p>\n<\/div><div class=\"fusion-title title fusion-title-1 fusion-sep-none fusion-title-text fusion-title-size-four\" style=\"--awb-text-color:var(--awb-custom_color_2);--awb-margin-top:0px;--awb-margin-bottom:0px;\"><h4 class=\"fusion-title-heading title-heading-left fusion-responsive-typography-calculated\" style=\"margin:0;text-transform:none;--fontSize:20;--minFontSize:20;line-height:1.5;\">Il pacchetto include:<\/h4><\/div><div class=\"fusion-text fusion-text-2\"><ul>\n<li>La caraffaTwister con indicazione delle unit\u00e0 di misura<\/li>\n<li>Coperchio brevettato per la vaschetta Twister, per facilitare la miscelazione (per preparare ricette pi\u00f9 dense come hummus, burro di noci, ecc.)<\/li>\n<li>Coperchio classico brevettato per la vaschetta Twister, per una migliore tenuta (per preparare ricette pi\u00f9 liquide come frullati, dressing, ecc.)<\/li>\n<li>Spatola-lopatica Blendtec (lunghezza: 32,38 cm)<\/li>\n<li>Lama in acciaio inossidabile brevettata<\/li>\n<\/ul>\n<\/div><div class=\"fusion-title title fusion-title-2 fusion-sep-none fusion-title-text fusion-title-size-four\" style=\"--awb-text-color:var(--awb-custom_color_2);--awb-margin-top:0px;--awb-margin-bottom:0px;\"><h4 class=\"fusion-title-heading title-heading-left fusion-responsive-typography-calculated\" style=\"margin:0;text-transform:none;--fontSize:20;--minFontSize:20;line-height:1.5;\">Caratteristiche:<\/h4><\/div><div class=\"fusion-text fusion-text-3\"><ul>\n<li>La caraffa Twister \u00e8 compatibile con tutti gli apparecchi Blendtec per uso domestico, inclusa l&#8217;unit\u00e0 Space Saver per uso commerciale<\/li>\n<li>Volume netto della caraffa: 0,9 litri<\/li>\n<li>Dimensioni del pacchetto: 13,9 cm x 13,9 cm x 30,48 cm<\/li>\n<li>Peso della caraffa: 0,68 kg<\/li>\n<li>Peso del pacchetto: 0,9 kg<\/li>\n<li><strong>Garanzia: 3 ann<\/strong><\/li>\n<\/ul>\n<\/div><\/div><\/div><\/div><\/div>\n","protected":false},"excerpt":{"rendered":"<p>Il contenitore Twister \u00e8 stato progettato per preparare ricette in quantit\u00e0 pi\u00f9 piccole e pi\u00f9 dense, nonch\u00e9 per quelle in cui non si desidera aggiungere liquidi. Il contenitore Twister \u00e8 ideale per preparare hummus, burro di noci, cibi per bambini, salse e condimenti vari, gelati con frutta surgelata, frullati densi e molto altro ancora!<\/p>\n","protected":false},"featured_media":3971,"template":"","meta":[],"product_brand":[],"product_cat":[99],"product_tag":[],"class_list":{"0":"post-4443","1":"product","2":"type-product","3":"status-publish","4":"has-post-thumbnail","6":"product_cat-barattoli","8":"first","9":"instock","10":"sale","11":"featured","12":"taxable","13":"shipping-taxable","14":"purchasable","15":"product-type-simple"},"yoast_head":"<!-- This site is optimized with the Yoast SEO plugin v26.7 - https:\/\/yoast.com\/wordpress\/plugins\/seo\/ -->\n<title>Il contenitore Blendtec Twister - Blendtec<\/title>\n<meta name=\"robots\" content=\"index, follow, max-snippet:-1, max-image-preview:large, max-video-preview:-1\" \/>\n<link rel=\"canonical\" href=\"https:\/\/blendtec.si\/articolo\/blendtec-twister-0-9l-posoda\/\" \/>\n<meta property=\"og:locale\" content=\"it_IT\" \/>\n<meta property=\"og:type\" content=\"article\" \/>\n<meta property=\"og:title\" content=\"Il contenitore Blendtec Twister - Blendtec\" \/>\n<meta property=\"og:description\" content=\"Il contenitore Twister \u00e8 stato progettato per preparare ricette in quantit\u00e0 pi\u00f9 piccole e pi\u00f9 dense, nonch\u00e9 per quelle in cui non si desidera aggiungere liquidi. Il contenitore Twister \u00e8 ideale per preparare hummus, burro di noci, cibi per bambini, salse e condimenti vari, gelati con frutta surgelata, frullati densi e molto altro ancora!\" \/>\n<meta property=\"og:url\" content=\"https:\/\/blendtec.si\/articolo\/blendtec-twister-0-9l-posoda\/\" \/>\n<meta property=\"og:site_name\" content=\"Blendtec\" \/>\n<meta property=\"article:modified_time\" content=\"2023-05-30T11:05:12+00:00\" \/>\n<meta property=\"og:image\" content=\"https:\/\/blendtec.si\/wp-content\/uploads\/2022\/11\/00152a.jpg\" \/>\n\t<meta property=\"og:image:width\" content=\"1240\" \/>\n\t<meta property=\"og:image:height\" content=\"1374\" \/>\n\t<meta property=\"og:image:type\" content=\"image\/jpeg\" \/>\n<meta name=\"twitter:card\" content=\"summary_large_image\" \/>\n<meta name=\"twitter:label1\" content=\"Tempo di lettura stimato\" \/>\n\t<meta name=\"twitter:data1\" content=\"5 minuti\" \/>\n<script type=\"application\/ld+json\" class=\"yoast-schema-graph\">{\"@context\":\"https:\/\/schema.org\",\"@graph\":[{\"@type\":\"WebPage\",\"@id\":\"https:\/\/blendtec.si\/articolo\/blendtec-twister-0-9l-posoda\/\",\"url\":\"https:\/\/blendtec.si\/articolo\/blendtec-twister-0-9l-posoda\/\",\"name\":\"Il contenitore Blendtec Twister - Blendtec\",\"isPartOf\":{\"@id\":\"https:\/\/blendtec.si\/#website\"},\"primaryImageOfPage\":{\"@id\":\"https:\/\/blendtec.si\/articolo\/blendtec-twister-0-9l-posoda\/#primaryimage\"},\"image\":{\"@id\":\"https:\/\/blendtec.si\/articolo\/blendtec-twister-0-9l-posoda\/#primaryimage\"},\"thumbnailUrl\":\"https:\/\/blendtec.si\/wp-content\/uploads\/2022\/11\/00152a.jpg\",\"datePublished\":\"2022-11-15T23:02:51+00:00\",\"dateModified\":\"2023-05-30T11:05:12+00:00\",\"breadcrumb\":{\"@id\":\"https:\/\/blendtec.si\/articolo\/blendtec-twister-0-9l-posoda\/#breadcrumb\"},\"inLanguage\":\"it-IT\",\"potentialAction\":[{\"@type\":\"ReadAction\",\"target\":[\"https:\/\/blendtec.si\/articolo\/blendtec-twister-0-9l-posoda\/\"]}]},{\"@type\":\"ImageObject\",\"inLanguage\":\"it-IT\",\"@id\":\"https:\/\/blendtec.si\/articolo\/blendtec-twister-0-9l-posoda\/#primaryimage\",\"url\":\"https:\/\/blendtec.si\/wp-content\/uploads\/2022\/11\/00152a.jpg\",\"contentUrl\":\"https:\/\/blendtec.si\/wp-content\/uploads\/2022\/11\/00152a.jpg\",\"width\":1240,\"height\":1374},{\"@type\":\"BreadcrumbList\",\"@id\":\"https:\/\/blendtec.si\/articolo\/blendtec-twister-0-9l-posoda\/#breadcrumb\",\"itemListElement\":[{\"@type\":\"ListItem\",\"position\":1,\"name\":\"Home\",\"item\":\"https:\/\/blendtec.si\/it\/\"},{\"@type\":\"ListItem\",\"position\":2,\"name\":\"Negozio\",\"item\":\"https:\/\/blendtec.si\/it\/negozio-online\/\"},{\"@type\":\"ListItem\",\"position\":3,\"name\":\"Il contenitore Blendtec Twister\"}]},{\"@type\":\"WebSite\",\"@id\":\"https:\/\/blendtec.si\/#website\",\"url\":\"https:\/\/blendtec.si\/\",\"name\":\"Blendtec\",\"description\":\"Made in USA\",\"potentialAction\":[{\"@type\":\"SearchAction\",\"target\":{\"@type\":\"EntryPoint\",\"urlTemplate\":\"https:\/\/blendtec.si\/?s={search_term_string}\"},\"query-input\":{\"@type\":\"PropertyValueSpecification\",\"valueRequired\":true,\"valueName\":\"search_term_string\"}}],\"inLanguage\":\"it-IT\"}]}<\/script>\n<!-- \/ Yoast SEO plugin. -->","yoast_head_json":{"title":"Il contenitore Blendtec Twister - Blendtec","robots":{"index":"index","follow":"follow","max-snippet":"max-snippet:-1","max-image-preview":"max-image-preview:large","max-video-preview":"max-video-preview:-1"},"canonical":"https:\/\/blendtec.si\/articolo\/blendtec-twister-0-9l-posoda\/","og_locale":"it_IT","og_type":"article","og_title":"Il contenitore Blendtec Twister - Blendtec","og_description":"Il contenitore Twister \u00e8 stato progettato per preparare ricette in quantit\u00e0 pi\u00f9 piccole e pi\u00f9 dense, nonch\u00e9 per quelle in cui non si desidera aggiungere liquidi. Il contenitore Twister \u00e8 ideale per preparare hummus, burro di noci, cibi per bambini, salse e condimenti vari, gelati con frutta surgelata, frullati densi e molto altro ancora!","og_url":"https:\/\/blendtec.si\/articolo\/blendtec-twister-0-9l-posoda\/","og_site_name":"Blendtec","article_modified_time":"2023-05-30T11:05:12+00:00","og_image":[{"width":1240,"height":1374,"url":"https:\/\/blendtec.si\/wp-content\/uploads\/2022\/11\/00152a.jpg","type":"image\/jpeg"}],"twitter_card":"summary_large_image","twitter_misc":{"Tempo di lettura stimato":"5 minuti"},"schema":{"@context":"https:\/\/schema.org","@graph":[{"@type":"WebPage","@id":"https:\/\/blendtec.si\/articolo\/blendtec-twister-0-9l-posoda\/","url":"https:\/\/blendtec.si\/articolo\/blendtec-twister-0-9l-posoda\/","name":"Il contenitore Blendtec Twister - Blendtec","isPartOf":{"@id":"https:\/\/blendtec.si\/#website"},"primaryImageOfPage":{"@id":"https:\/\/blendtec.si\/articolo\/blendtec-twister-0-9l-posoda\/#primaryimage"},"image":{"@id":"https:\/\/blendtec.si\/articolo\/blendtec-twister-0-9l-posoda\/#primaryimage"},"thumbnailUrl":"https:\/\/blendtec.si\/wp-content\/uploads\/2022\/11\/00152a.jpg","datePublished":"2022-11-15T23:02:51+00:00","dateModified":"2023-05-30T11:05:12+00:00","breadcrumb":{"@id":"https:\/\/blendtec.si\/articolo\/blendtec-twister-0-9l-posoda\/#breadcrumb"},"inLanguage":"it-IT","potentialAction":[{"@type":"ReadAction","target":["https:\/\/blendtec.si\/articolo\/blendtec-twister-0-9l-posoda\/"]}]},{"@type":"ImageObject","inLanguage":"it-IT","@id":"https:\/\/blendtec.si\/articolo\/blendtec-twister-0-9l-posoda\/#primaryimage","url":"https:\/\/blendtec.si\/wp-content\/uploads\/2022\/11\/00152a.jpg","contentUrl":"https:\/\/blendtec.si\/wp-content\/uploads\/2022\/11\/00152a.jpg","width":1240,"height":1374},{"@type":"BreadcrumbList","@id":"https:\/\/blendtec.si\/articolo\/blendtec-twister-0-9l-posoda\/#breadcrumb","itemListElement":[{"@type":"ListItem","position":1,"name":"Home","item":"https:\/\/blendtec.si\/it\/"},{"@type":"ListItem","position":2,"name":"Negozio","item":"https:\/\/blendtec.si\/it\/negozio-online\/"},{"@type":"ListItem","position":3,"name":"Il contenitore Blendtec Twister"}]},{"@type":"WebSite","@id":"https:\/\/blendtec.si\/#website","url":"https:\/\/blendtec.si\/","name":"Blendtec","description":"Made in USA","potentialAction":[{"@type":"SearchAction","target":{"@type":"EntryPoint","urlTemplate":"https:\/\/blendtec.si\/?s={search_term_string}"},"query-input":{"@type":"PropertyValueSpecification","valueRequired":true,"valueName":"search_term_string"}}],"inLanguage":"it-IT"}]}},"_links":{"self":[{"href":"https:\/\/blendtec.si\/it\/wp-json\/wp\/v2\/product\/4443","targetHints":{"allow":["GET"]}}],"collection":[{"href":"https:\/\/blendtec.si\/it\/wp-json\/wp\/v2\/product"}],"about":[{"href":"https:\/\/blendtec.si\/it\/wp-json\/wp\/v2\/types\/product"}],"wp:featuredmedia":[{"embeddable":true,"href":"https:\/\/blendtec.si\/it\/wp-json\/wp\/v2\/media\/3971"}],"wp:attachment":[{"href":"https:\/\/blendtec.si\/it\/wp-json\/wp\/v2\/media?parent=4443"}],"wp:term":[{"taxonomy":"product_brand","embeddable":true,"href":"https:\/\/blendtec.si\/it\/wp-json\/wp\/v2\/product_brand?post=4443"},{"taxonomy":"product_cat","embeddable":true,"href":"https:\/\/blendtec.si\/it\/wp-json\/wp\/v2\/product_cat?post=4443"},{"taxonomy":"product_tag","embeddable":true,"href":"https:\/\/blendtec.si\/it\/wp-json\/wp\/v2\/product_tag?post=4443"}],"curies":[{"name":"wp","href":"https:\/\/api.w.org\/{rel}","templated":true}]}}