{"id":4442,"date":"2022-11-16T00:05:30","date_gmt":"2022-11-15T23:05:30","guid":{"rendered":"https:\/\/blendtec.si\/izdelek\/posoda-blendtec-mini-wildside\/"},"modified":"2023-05-17T21:47:12","modified_gmt":"2023-05-17T19:47:12","slug":"contenitore-blendtec-mini-wildside","status":"publish","type":"product","link":"https:\/\/blendtec.si\/it\/articolo\/contenitore-blendtec-mini-wildside\/","title":{"rendered":"Contenitore Blendtec Mini Wildside"},"content":{"rendered":"<div class=\"fusion-fullwidth fullwidth-box fusion-builder-row-1 fusion-flex-container nonhundred-percent-fullwidth non-hundred-percent-height-scrolling\" style=\"--awb-border-radius-top-left:0px;--awb-border-radius-top-right:0px;--awb-border-radius-bottom-right:0px;--awb-border-radius-bottom-left:0px;--awb-padding-bottom:0%;--awb-margin-bottom:0px;--awb-flex-wrap:wrap;\" ><div class=\"fusion-builder-row fusion-row fusion-flex-align-items-flex-start fusion-flex-content-wrap\" style=\"max-width:1305.6px;margin-left: calc(-2% \/ 2 );margin-right: calc(-2% \/ 2 );\"><div class=\"fusion-layout-column fusion_builder_column fusion-builder-column-0 fusion_builder_column_1_1 1_1 fusion-flex-column\" style=\"--awb-bg-blend:overlay;--awb-bg-size:cover;--awb-width-large:100%;--awb-margin-top-large:20px;--awb-spacing-right-large:0.98%;--awb-margin-bottom-large:0%;--awb-spacing-left-large:0.98%;--awb-width-medium:100%;--awb-spacing-right-medium:0.98%;--awb-spacing-left-medium:0.98%;--awb-width-small:100%;--awb-spacing-right-small:0.98%;--awb-spacing-left-small:0.98%;\"><div class=\"fusion-column-wrapper fusion-column-has-shadow fusion-flex-justify-content-flex-start fusion-content-layout-column\"><div class=\"fusion-text fusion-text-1\"><p>La ultima novit\u00e0 di Blendtec, contenitore Mini WIldside, \u00e8 stato creato per preparare porzioni pi\u00f9 piccole delle tue ricette. \u00c8 ideale per preparare bevande singoli o piatti individuali.<\/p>\n<\/div><div class=\"fusion-text fusion-text-2\"><ul>\n<li>Il coperchio in gomma ha speciali linguette che lo fissano saldamente al bordo del contenitore<\/li>\n<li>La lama brevettata \u00e8 80 % pi\u00f9 spessa e 10 volte pi\u00f9 resistente rispetto alle lame degli altri marchi concorrenti.<\/li>\n<li>Grazie alla tecnologia SafeBlade di pu\u00f2 lavare i contenitori e le sue lame in maniera sicura e facile<\/li>\n<li>Segni sul contenitore sono facile da leggere<\/li>\n<li>Fatto di materiale durevole, privo di BPA<\/li>\n<li>Compatibile con tutti i modeli dei frullatori Blendtec<\/li>\n<\/ul>\n<\/div><div class=\"fusion-text fusion-text-3\"><p>La caraffa MINI Wildiside \u00e8 una versione pi\u00f9 piccola della caraffa WIldside+ ed \u00e8 destinata a preparare porzioni piccole.<\/p>\n<\/div><div class=\"fusion-title title fusion-title-1 fusion-sep-none fusion-title-text fusion-title-size-four\" style=\"--awb-text-color:var(--awb-custom_color_2);--awb-margin-top:0px;--awb-margin-bottom:0px;\"><h4 class=\"fusion-title-heading title-heading-left fusion-responsive-typography-calculated\" style=\"margin:0;text-transform:none;--fontSize:20;--minFontSize:20;line-height:1.5;\">Il pacchetto include:<\/h4><\/div><div class=\"fusion-text fusion-text-4\"><ul>\n<li>La caraffa Mini Wildside con la misura fino a 700 ml<\/li>\n<li>Il coperchio brevettato per la caraffa MIni WIldiside, che permette una miscelazione pi\u00f9 facile<\/li>\n<li>La lama brevettata di acciaio inossidabile<\/li>\n<\/ul>\n<\/div><div class=\"fusion-title title fusion-title-2 fusion-sep-none fusion-title-text fusion-title-size-four\" style=\"--awb-text-color:var(--awb-custom_color_2);--awb-margin-top:0px;--awb-margin-bottom:0px;\"><h4 class=\"fusion-title-heading title-heading-left fusion-responsive-typography-calculated\" style=\"margin:0;text-transform:none;--fontSize:20;--minFontSize:20;line-height:1.5;\">Caratteristiche:<\/h4><\/div><div class=\"fusion-text fusion-text-5\"><ul>\n<li>La caraffa Mini Wildside \u00e8 compatibile con tutti gli apparecchi Blendtec per l&#8217;uso domestico, inclusi anche gli apparecchi per ristoranti<\/li>\n<li>Volume netto della caraffa: 1360 ml<\/li>\n<li>Le dimensioni del pacchetto: 14cm x 14 cm x 20cm<\/li>\n<li>Le dimensioni della caraffa: 12 cm ( larghezza) x 18cm (altezza) x 12cm (profondit\u00e0)<\/li>\n<li>Il peso della caraffa: 0,46kg<\/li>\n<li>Il peso del pacco: 0,5kg<\/li>\n<li><strong>Garanzia: 3 anni<\/strong><\/li>\n<\/ul>\n<\/div><\/div><\/div><\/div><\/div>\n","protected":false},"excerpt":{"rendered":"<p>La ultima novit\u00e0 di Blendtec, il contenitore Mini WIldside, \u00e8 stato creato per preparare porzioni pi\u00f9 piccoli in pochi secondi.<\/p>\n","protected":false},"featured_media":3975,"template":"","meta":[],"product_brand":[],"product_cat":[99],"product_tag":[],"class_list":{"0":"post-4442","1":"product","2":"type-product","3":"status-publish","4":"has-post-thumbnail","6":"product_cat-barattoli","8":"first","9":"onbackorder","10":"sale","11":"featured","12":"taxable","13":"shipping-taxable","14":"purchasable","15":"product-type-simple"},"yoast_head":"<!-- This site is optimized with the Yoast SEO plugin v26.7 - https:\/\/yoast.com\/wordpress\/plugins\/seo\/ -->\n<title>Contenitore Blendtec Mini Wildside - Blendtec<\/title>\n<meta name=\"robots\" content=\"index, follow, max-snippet:-1, max-image-preview:large, max-video-preview:-1\" \/>\n<link rel=\"canonical\" href=\"https:\/\/blendtec.si\/it\/articolo\/contenitore-blendtec-mini-wildside\/\" \/>\n<meta property=\"og:locale\" content=\"it_IT\" \/>\n<meta property=\"og:type\" content=\"article\" \/>\n<meta property=\"og:title\" content=\"Contenitore Blendtec Mini Wildside - Blendtec\" \/>\n<meta property=\"og:description\" content=\"La ultima novit\u00e0 di Blendtec, il contenitore Mini WIldside, \u00e8 stato creato per preparare porzioni pi\u00f9 piccoli in pochi secondi.\" \/>\n<meta property=\"og:url\" content=\"https:\/\/blendtec.si\/it\/articolo\/contenitore-blendtec-mini-wildside\/\" \/>\n<meta property=\"og:site_name\" content=\"Blendtec\" \/>\n<meta property=\"article:modified_time\" content=\"2023-05-17T19:47:12+00:00\" \/>\n<meta property=\"og:image\" content=\"https:\/\/blendtec.si\/wp-content\/uploads\/2022\/11\/00153a.jpg\" \/>\n\t<meta property=\"og:image:width\" content=\"1240\" \/>\n\t<meta property=\"og:image:height\" content=\"1374\" \/>\n\t<meta property=\"og:image:type\" content=\"image\/jpeg\" \/>\n<meta name=\"twitter:card\" content=\"summary_large_image\" \/>\n<meta name=\"twitter:label1\" content=\"Tempo di lettura stimato\" \/>\n\t<meta name=\"twitter:data1\" content=\"6 minuti\" \/>\n<script type=\"application\/ld+json\" class=\"yoast-schema-graph\">{\"@context\":\"https:\/\/schema.org\",\"@graph\":[{\"@type\":\"WebPage\",\"@id\":\"https:\/\/blendtec.si\/it\/articolo\/contenitore-blendtec-mini-wildside\/\",\"url\":\"https:\/\/blendtec.si\/it\/articolo\/contenitore-blendtec-mini-wildside\/\",\"name\":\"Contenitore Blendtec Mini Wildside - Blendtec\",\"isPartOf\":{\"@id\":\"https:\/\/blendtec.si\/#website\"},\"primaryImageOfPage\":{\"@id\":\"https:\/\/blendtec.si\/it\/articolo\/contenitore-blendtec-mini-wildside\/#primaryimage\"},\"image\":{\"@id\":\"https:\/\/blendtec.si\/it\/articolo\/contenitore-blendtec-mini-wildside\/#primaryimage\"},\"thumbnailUrl\":\"https:\/\/blendtec.si\/wp-content\/uploads\/2022\/11\/00153a.jpg\",\"datePublished\":\"2022-11-15T23:05:30+00:00\",\"dateModified\":\"2023-05-17T19:47:12+00:00\",\"breadcrumb\":{\"@id\":\"https:\/\/blendtec.si\/it\/articolo\/contenitore-blendtec-mini-wildside\/#breadcrumb\"},\"inLanguage\":\"it-IT\",\"potentialAction\":[{\"@type\":\"ReadAction\",\"target\":[\"https:\/\/blendtec.si\/it\/articolo\/contenitore-blendtec-mini-wildside\/\"]}]},{\"@type\":\"ImageObject\",\"inLanguage\":\"it-IT\",\"@id\":\"https:\/\/blendtec.si\/it\/articolo\/contenitore-blendtec-mini-wildside\/#primaryimage\",\"url\":\"https:\/\/blendtec.si\/wp-content\/uploads\/2022\/11\/00153a.jpg\",\"contentUrl\":\"https:\/\/blendtec.si\/wp-content\/uploads\/2022\/11\/00153a.jpg\",\"width\":1240,\"height\":1374},{\"@type\":\"BreadcrumbList\",\"@id\":\"https:\/\/blendtec.si\/it\/articolo\/contenitore-blendtec-mini-wildside\/#breadcrumb\",\"itemListElement\":[{\"@type\":\"ListItem\",\"position\":1,\"name\":\"Home\",\"item\":\"https:\/\/blendtec.si\/it\/\"},{\"@type\":\"ListItem\",\"position\":2,\"name\":\"Negozio\",\"item\":\"https:\/\/blendtec.si\/it\/negozio-online\/\"},{\"@type\":\"ListItem\",\"position\":3,\"name\":\"Contenitore Blendtec Mini Wildside\"}]},{\"@type\":\"WebSite\",\"@id\":\"https:\/\/blendtec.si\/#website\",\"url\":\"https:\/\/blendtec.si\/\",\"name\":\"Blendtec\",\"description\":\"Made in USA\",\"potentialAction\":[{\"@type\":\"SearchAction\",\"target\":{\"@type\":\"EntryPoint\",\"urlTemplate\":\"https:\/\/blendtec.si\/?s={search_term_string}\"},\"query-input\":{\"@type\":\"PropertyValueSpecification\",\"valueRequired\":true,\"valueName\":\"search_term_string\"}}],\"inLanguage\":\"it-IT\"}]}<\/script>\n<!-- \/ Yoast SEO plugin. -->","yoast_head_json":{"title":"Contenitore Blendtec Mini Wildside - Blendtec","robots":{"index":"index","follow":"follow","max-snippet":"max-snippet:-1","max-image-preview":"max-image-preview:large","max-video-preview":"max-video-preview:-1"},"canonical":"https:\/\/blendtec.si\/it\/articolo\/contenitore-blendtec-mini-wildside\/","og_locale":"it_IT","og_type":"article","og_title":"Contenitore Blendtec Mini Wildside - Blendtec","og_description":"La ultima novit\u00e0 di Blendtec, il contenitore Mini WIldside, \u00e8 stato creato per preparare porzioni pi\u00f9 piccoli in pochi secondi.","og_url":"https:\/\/blendtec.si\/it\/articolo\/contenitore-blendtec-mini-wildside\/","og_site_name":"Blendtec","article_modified_time":"2023-05-17T19:47:12+00:00","og_image":[{"width":1240,"height":1374,"url":"https:\/\/blendtec.si\/wp-content\/uploads\/2022\/11\/00153a.jpg","type":"image\/jpeg"}],"twitter_card":"summary_large_image","twitter_misc":{"Tempo di lettura stimato":"6 minuti"},"schema":{"@context":"https:\/\/schema.org","@graph":[{"@type":"WebPage","@id":"https:\/\/blendtec.si\/it\/articolo\/contenitore-blendtec-mini-wildside\/","url":"https:\/\/blendtec.si\/it\/articolo\/contenitore-blendtec-mini-wildside\/","name":"Contenitore Blendtec Mini Wildside - Blendtec","isPartOf":{"@id":"https:\/\/blendtec.si\/#website"},"primaryImageOfPage":{"@id":"https:\/\/blendtec.si\/it\/articolo\/contenitore-blendtec-mini-wildside\/#primaryimage"},"image":{"@id":"https:\/\/blendtec.si\/it\/articolo\/contenitore-blendtec-mini-wildside\/#primaryimage"},"thumbnailUrl":"https:\/\/blendtec.si\/wp-content\/uploads\/2022\/11\/00153a.jpg","datePublished":"2022-11-15T23:05:30+00:00","dateModified":"2023-05-17T19:47:12+00:00","breadcrumb":{"@id":"https:\/\/blendtec.si\/it\/articolo\/contenitore-blendtec-mini-wildside\/#breadcrumb"},"inLanguage":"it-IT","potentialAction":[{"@type":"ReadAction","target":["https:\/\/blendtec.si\/it\/articolo\/contenitore-blendtec-mini-wildside\/"]}]},{"@type":"ImageObject","inLanguage":"it-IT","@id":"https:\/\/blendtec.si\/it\/articolo\/contenitore-blendtec-mini-wildside\/#primaryimage","url":"https:\/\/blendtec.si\/wp-content\/uploads\/2022\/11\/00153a.jpg","contentUrl":"https:\/\/blendtec.si\/wp-content\/uploads\/2022\/11\/00153a.jpg","width":1240,"height":1374},{"@type":"BreadcrumbList","@id":"https:\/\/blendtec.si\/it\/articolo\/contenitore-blendtec-mini-wildside\/#breadcrumb","itemListElement":[{"@type":"ListItem","position":1,"name":"Home","item":"https:\/\/blendtec.si\/it\/"},{"@type":"ListItem","position":2,"name":"Negozio","item":"https:\/\/blendtec.si\/it\/negozio-online\/"},{"@type":"ListItem","position":3,"name":"Contenitore Blendtec Mini Wildside"}]},{"@type":"WebSite","@id":"https:\/\/blendtec.si\/#website","url":"https:\/\/blendtec.si\/","name":"Blendtec","description":"Made in USA","potentialAction":[{"@type":"SearchAction","target":{"@type":"EntryPoint","urlTemplate":"https:\/\/blendtec.si\/?s={search_term_string}"},"query-input":{"@type":"PropertyValueSpecification","valueRequired":true,"valueName":"search_term_string"}}],"inLanguage":"it-IT"}]}},"_links":{"self":[{"href":"https:\/\/blendtec.si\/it\/wp-json\/wp\/v2\/product\/4442","targetHints":{"allow":["GET"]}}],"collection":[{"href":"https:\/\/blendtec.si\/it\/wp-json\/wp\/v2\/product"}],"about":[{"href":"https:\/\/blendtec.si\/it\/wp-json\/wp\/v2\/types\/product"}],"wp:featuredmedia":[{"embeddable":true,"href":"https:\/\/blendtec.si\/it\/wp-json\/wp\/v2\/media\/3975"}],"wp:attachment":[{"href":"https:\/\/blendtec.si\/it\/wp-json\/wp\/v2\/media?parent=4442"}],"wp:term":[{"taxonomy":"product_brand","embeddable":true,"href":"https:\/\/blendtec.si\/it\/wp-json\/wp\/v2\/product_brand?post=4442"},{"taxonomy":"product_cat","embeddable":true,"href":"https:\/\/blendtec.si\/it\/wp-json\/wp\/v2\/product_cat?post=4442"},{"taxonomy":"product_tag","embeddable":true,"href":"https:\/\/blendtec.si\/it\/wp-json\/wp\/v2\/product_tag?post=4442"}],"curies":[{"name":"wp","href":"https:\/\/api.w.org\/{rel}","templated":true}]}}