{"id":4083,"date":"2022-11-06T22:00:36","date_gmt":"2022-11-06T21:00:36","guid":{"rendered":"https:\/\/blendtec.si\/informazioni-sulla-privacy\/"},"modified":"2023-06-12T21:46:20","modified_gmt":"2023-06-12T19:46:20","slug":"informazioni-sulla-privacy","status":"publish","type":"page","link":"https:\/\/blendtec.si\/it\/informazioni-sulla-privacy\/","title":{"rendered":"Dati sul privacy"},"content":{"rendered":"<div class=\"fusion-fullwidth fullwidth-box fusion-builder-row-1 fusion-flex-container nonhundred-percent-fullwidth non-hundred-percent-height-scrolling\" style=\"--awb-border-radius-top-left:0px;--awb-border-radius-top-right:0px;--awb-border-radius-bottom-right:0px;--awb-border-radius-bottom-left:0px;--awb-flex-wrap:wrap;\" ><div class=\"fusion-builder-row fusion-row fusion-flex-align-items-flex-start fusion-flex-content-wrap\" style=\"max-width:1331.2px;margin-left: calc(-4% \/ 2 );margin-right: calc(-4% \/ 2 );\"><div class=\"fusion-layout-column fusion_builder_column fusion-builder-column-0 fusion_builder_column_1_1 1_1 fusion-flex-column\" style=\"--awb-bg-size:cover;--awb-width-large:100%;--awb-margin-top-large:0px;--awb-spacing-right-large:1.92%;--awb-margin-bottom-large:0px;--awb-spacing-left-large:1.92%;--awb-width-medium:100%;--awb-spacing-right-medium:1.92%;--awb-spacing-left-medium:1.92%;--awb-width-small:100%;--awb-spacing-right-small:1.92%;--awb-spacing-left-small:1.92%;\"><div class=\"fusion-column-wrapper fusion-flex-justify-content-flex-start fusion-content-layout-column\"><div class=\"fusion-text fusion-text-1\"><h3>In generale<\/h3>\n<p>Il negozio online www.blendtec.si, di seguito denominato fornitore, si impegna a proteggere la riservatezza dei dati personali e la privacy degli utenti del negozio online. Il fornitore utilizzer\u00e0 i dati personali raccolti esclusivamente per fornire i servizi offerti. Il fornitore rispetta la riservatezza dei dati personali e la privacy degli utenti del negozio online, pertanto far\u00e0 tutto il necessario per proteggerli da qualsiasi violazione o abuso. I dati personali degli utenti sono una delle aree a cui il fornitore presta particolare attenzione, essendo consapevole della natura sensibile di tale campo. Il fornitore si impegna a proteggere in modo permanente tutti i dati personali. Questi non verranno utilizzati per scopi diversi, come l&#8217;invio di materiale informativo, offerte, fatture e altre comunicazioni necessarie, previa previa autorizzazione da parte dei clienti.<\/p>\n<h3>L&#8217;uso dei dati personali<\/h3>\n<p>Il fornitore raccoglie, gestisce, elabora e archivia i seguenti dati dell&#8217;utente per fornire i servizi offerti:<\/p>\n<ul>\n<li>nome e cognome<\/li>\n<li>l&#8217;indirizzo della consegna<\/li>\n<li>l&#8217;impresa o titolo del soggetto di diritto (se l&#8217;utente \u00e8 soggetto di diritto)<\/li>\n<li>partita IVA (se l&#8217;utente \u00e8 soggetto di diritto)<\/li>\n<li>l&#8217;indirizzo email (nome utente)<\/li>\n<li>password in forma cifrata<\/li>\n<li>telefono di contatto<\/li>\n<li>il paese di residenza<\/li>\n<li>Altri dati che l&#8217;utente inserisce volontariamente nei moduli del negozio online.<\/li>\n<li>Altri dati che l&#8217;utente inserisce volontariamente successivamente nel proprio profilo.<\/li>\n<\/ul>\n<p>Il fornitore non \u00e8 responsabile della correttezza, completezza e tempestivit\u00e0 dei dati inseriti dagli utenti.<\/p>\n<h3>I cookie e indirizzo IP<\/h3>\n<p>Il commerciante assegna a ogni utente un cookie all&#8217;inizio di ogni sessione di utilizzo del negozio online per l&#8217;identificazione, il monitoraggio del carrello degli acquisti e per garantire la tracciabilit\u00e0 (chiamato &#8220;&#8221;cookie&#8221;&#8221;). Questo cookie viene memorizzato nella memoria del server solo per la durata della visita al negozio online e viene eliminato dopo un&#8217;ora di inattivit\u00e0. Il commerciante pu\u00f2 anche salvare alcuni cookie permanenti sul computer dell&#8217;utente, come ad esempio un numero di identificazione dell&#8217;utente in forma crittografata per riconoscerlo durante la successiva visita al negozio online, o valutazioni dei prodotti per consentire all&#8217;utente di sapere quali articoli ha gi\u00e0 valutato, e indirettamente anche cookie di servizi esterni come Google Analytics, che servono per l&#8217;analisi delle visite al sito web. Il commerciante pu\u00f2 utilizzare questi dati in forma anonimizzata e aggregata per scopi di analisi statistica. Per garantire la sicurezza online, il fornitore raccoglie anche gli indirizzi IP da cui gli utenti accedono al negozio online.<\/p>\n<h3>Dichiarazione sulla protezione della riservatezza dei dati personali e della privacy degli utenti<\/h3>\n<p>Il negozio online www.blendtec.si, di seguito denominato fornitore, si impegna a proteggere i dati personali forniti in conformit\u00e0 alla legge sulla protezione dei dati personali. Il fornitore si impegna a non divulgare, prestare o vendere i dati personali a terze parti senza previa notifica e ottenimento del consenso scritto dell&#8217;individuo, e a proteggere qualsiasi dato ottenuto tramite il sito web in conformit\u00e0 alla legge sulla protezione dei dati personali (Legge n. 86\/2004 del Registro ufficiale della Repubblica di Slovenia). Il fornitore si riserva il diritto di trattare i dati personali per scopi di campionamento, sondaggi, giochi a premi, elaborazione statistica dei dati, invio di materiale pubblicitario e per informare sugli ultimi annunci, ma in nessun caso per condividere informazioni con terze parti senza il consenso dell&#8217;individuo. L&#8217;utente registrato pu\u00f2 richiedere in qualsiasi momento al fornitore di cessare l&#8217;invio di materiale pubblicitario, inviando una richiesta scritta all&#8217;indirizzo fisico o elettronico del fornitore. Il fornitore non divulgher\u00e0 in nessun caso, senza il consenso esplicito dell&#8217;utente, i dati personali o altri dati dell&#8217;utente a terze parti o consentir\u00e0 a terze parti di accedere ai dati personali o altri dati dell&#8217;utente, a meno che ci\u00f2 sia richiesto dalle autorit\u00e0 governative nel rispetto delle leggi o in buona fede, qualora ci\u00f2 sia necessario per i procedimenti giudiziari o per altri organi governativi, nonch\u00e9 per proteggere e promuovere gli interessi legittimi del fornitore.<\/p>\n<p>Tutti i dati personali e altre informazioni fornite dall&#8217;utente durante la registrazione nel negozio online e durante l&#8217;ordine di acquisto dei prodotti, compreso il contenuto degli ordini, saranno protetti in conformit\u00e0 alle normative sulla protezione dei dati personali. Il fornitore non utilizzer\u00e0 tali dati per scopi che potrebbero arrecare danni all&#8217;utente o a terze parti coinvolte. Il fornitore non utilizzer\u00e0 i dati degli utenti per l&#8217;invio di e-mail promozionali o di altro materiale promozionale indesiderato, se non per l&#8217;invio di quelle comunicazioni promozionali a cui l&#8217;utente si \u00e8 iscritto o alle quali ha dato il suo consenso. La riservatezza dei dati personali e di altre informazioni degli utenti non sar\u00e0 violata in nessuna forma.<\/p>\n<p>Nel processo di gestione del sito web, ci sforziamo di garantire l&#8217;accuratezza e l&#8217;aggiornamento delle informazioni. Tuttavia, decliniamo ogni responsabilit\u00e0 penale e civile per eventuali errori materiali o giuridici nelle informazioni fornite e non ci assumiamo alcuna responsabilit\u00e0 per eventuali danni diretti o indiretti o disagi che possono derivare dall&#8217;uso di informazioni errate o inesatte presenti su questo sito web.<\/p>\n<p>Ci riserviamo il diritto di modificare tutte le informazioni incluse o accessibili su questo sito web in qualsiasi momento, senza preavviso. I contenuti pubblicati su questo sito web non hanno carattere di documento ufficiale, a meno che non sia espressamente indicato. Inoltre, decliniamo ogni responsabilit\u00e0 verso gli utenti per eventuali danni che potrebbero derivare da problemi tecnici o dall&#8217;incapacit\u00e0 di accedere al sito web o di utilizzare le informazioni presenti o derivanti dal sito web. Su questo sito web sono presenti anche collegamenti ad altri siti web di enti giuridici e fisici, per i quali non accettiamo alcuna responsabilit\u00e0 per il contenuto, la forma e l&#8217;aggiornamento di tali siti web, n\u00e9 per la loro eventuale politica nei confronti dei visitatori del sito web. Tutti i testi, le immagini, le grafiche, le animazioni e gli altri documenti presenti sulle pagine web sono soggetti alla protezione legale del diritto d&#8217;autore o ad altre forme di protezione della propriet\u00e0 intellettuale consentite dalla legge. Non \u00e8 consentito copiare, distribuire, modificare o riprodurre in alcun modo i contenuti del sito web, se non previo nostro consenso scritto.<\/p>\n<p>Il fornitore fornir\u00e0 solo i dati necessari alla consegna dei prodotti acquistati nel negozio online (dati del destinatario e indirizzo di consegna) ai servizi di consegna Posta Slovenije e GLS. Il fornitore contatter\u00e0 l&#8217;utente via email solo se necessario per completare l&#8217;acquisto nel negozio online e utilizzer\u00e0 il numero di telefono di contatto solo in caso di problemi durante la registrazione o l&#8217;acquisto nel negozio online.<\/p>\n<h3>Sicurezza dei bambini<\/h3>\n<p>Ogni comunicazione rivolta ai bambini deve essere appropriata alla loro et\u00e0 e non deve sfruttare la fiducia dei bambini, la loro mancanza di esperienza o il senso di fedelt\u00e0. Il fornitore non pu\u00f2 accettare un ordine da parte di qualcuno che sa o sospetta essere un bambino, senza l&#8217;esplicita autorizzazione dei genitori o dei tutori legali. Il fornitore non pu\u00f2 raccogliere alcun dato personale che riguardi i bambini senza l&#8217;esplicito consenso dei loro genitori o tutori legali. Inoltre, il fornitore non pu\u00f2 divulgare i dati forniti dai bambini a terze parti, ad eccezione dei genitori o dei tutori legali. Il fornitore non deve offrire l&#8217;accesso gratuito a prodotti o servizi dannosi per i bambini.<\/p>\n<h3>Esecuzione della politica sulla privacy<\/h3>\n<p>Tutti i dipendenti regolari o a tempo parziale del fornitore che hanno accesso ai dati personali e ad altre informazioni degli utenti sono consapevoli dell&#8217;obbligo di proteggere i dati personali e sono tenuti a rispettare queste disposizioni sulla riservatezza dei dati personali e sulla privacy degli utenti del negozio online. L&#8217;obbligo di proteggere i dati personali e altre informazioni \u00e8 valido senza limiti di tempo, anche dopo la cessazione del rapporto con il fornitore.<\/p>\n<p>Gli utenti registrati possono interrompere l&#8217;uso del negozio online in qualsiasi momento e possono annullare la propria registrazione. Ci\u00f2 pu\u00f2 essere fatto comunicando al fornitore la revoca della registrazione tramite una dichiarazione scritta. Prima di presentare la dichiarazione di revoca della registrazione, l&#8217;utente deve saldare tutte le obbligazioni ancora pendenti nei confronti del fornitore relative agli acquisti effettuati nel negozio online. Anche in caso di revoca della registrazione, il fornitore garantir\u00e0 la riservatezza dei dati personali e la privacy degli utenti del negozio online nel quadro di questa politica sulla privacy.<\/p>\n<h3>Comunicazione con clienti<\/h3>\n<p>Il fornitore contatter\u00e0 l&#8217;utente tramite mezzi di comunicazione a distanza solo se l&#8217;utente non si oppone esplicitamente. I messaggi di posta elettronica pubblicitari includeranno:<\/p>\n<ul>\n<li>Il mittente sar\u00e0 chiaramente indicato<\/li>\n<li>saranno chiaramente e inequivocabilmente contrassegnati come messaggi pubblicitari,<\/li>\n<li>il metodo per discriversi dalla ricezione di mesaggi pubblicitari sar\u00e0 chiaramente indicato,<\/li>\n<li>il fornitore rispetter\u00e0 esplicitamente la volont\u00e0 dell&#8217;utente di non ricevere messaggi pubblicitari.<\/li>\n<\/ul>\n<h3>Sconti, codici promozionali<\/h3>\n<p>Gli sconti non sono cumulabili! Nel caso in cui i prodotti sul sito web siano gi\u00e0 in promozione o abbiano uno sconto predefinito, non si applicano ulteriori sconti su di essi. In tal caso, il sistema offrir\u00e0 al cliente lo sconto pi\u00f9 vantaggioso.<\/p>\n<h3>Ulteriori spegiazioni<\/h3>\n<p>Se hai domande, problemi o suggerimenti riguardo a questa politica sulla privacy, puoi contattarci all&#8217;indirizzo email: <a href=\"mailto:info@blendtec.si\">info@blendtec.si<\/a><\/p>\n<\/div><\/div><\/div><\/div><\/div>","protected":false},"excerpt":{"rendered":"","protected":false},"author":1,"featured_media":0,"parent":0,"menu_order":0,"comment_status":"closed","ping_status":"closed","template":"","meta":{"footnotes":""},"class_list":["post-4083","page","type-page","status-publish","hentry"],"yoast_head":"<!-- This site is optimized with the Yoast SEO plugin v26.7 - https:\/\/yoast.com\/wordpress\/plugins\/seo\/ -->\n<title>Dati sul privacy - Blendtec<\/title>\n<meta name=\"robots\" content=\"index, follow, max-snippet:-1, max-image-preview:large, max-video-preview:-1\" \/>\n<link rel=\"canonical\" href=\"https:\/\/blendtec.si\/podatki-o-zasebnosti\/\" \/>\n<meta property=\"og:locale\" content=\"it_IT\" \/>\n<meta property=\"og:type\" content=\"article\" \/>\n<meta property=\"og:title\" content=\"Dati sul privacy - Blendtec\" \/>\n<meta property=\"og:url\" content=\"https:\/\/blendtec.si\/podatki-o-zasebnosti\/\" \/>\n<meta property=\"og:site_name\" content=\"Blendtec\" \/>\n<meta property=\"article:modified_time\" content=\"2023-06-12T19:46:20+00:00\" \/>\n<meta name=\"twitter:card\" content=\"summary_large_image\" \/>\n<meta name=\"twitter:label1\" content=\"Tempo di lettura stimato\" \/>\n\t<meta name=\"twitter:data1\" content=\"9 minuti\" \/>\n<script type=\"application\/ld+json\" class=\"yoast-schema-graph\">{\"@context\":\"https:\/\/schema.org\",\"@graph\":[{\"@type\":\"WebPage\",\"@id\":\"https:\/\/blendtec.si\/podatki-o-zasebnosti\/\",\"url\":\"https:\/\/blendtec.si\/podatki-o-zasebnosti\/\",\"name\":\"Dati sul privacy - Blendtec\",\"isPartOf\":{\"@id\":\"https:\/\/blendtec.si\/#website\"},\"datePublished\":\"2022-11-06T21:00:36+00:00\",\"dateModified\":\"2023-06-12T19:46:20+00:00\",\"breadcrumb\":{\"@id\":\"https:\/\/blendtec.si\/podatki-o-zasebnosti\/#breadcrumb\"},\"inLanguage\":\"it-IT\",\"potentialAction\":[{\"@type\":\"ReadAction\",\"target\":[\"https:\/\/blendtec.si\/podatki-o-zasebnosti\/\"]}]},{\"@type\":\"BreadcrumbList\",\"@id\":\"https:\/\/blendtec.si\/podatki-o-zasebnosti\/#breadcrumb\",\"itemListElement\":[{\"@type\":\"ListItem\",\"position\":1,\"name\":\"Home\",\"item\":\"https:\/\/blendtec.si\/it\/\"},{\"@type\":\"ListItem\",\"position\":2,\"name\":\"Dati sul privacy\"}]},{\"@type\":\"WebSite\",\"@id\":\"https:\/\/blendtec.si\/#website\",\"url\":\"https:\/\/blendtec.si\/\",\"name\":\"Blendtec\",\"description\":\"Made in USA\",\"potentialAction\":[{\"@type\":\"SearchAction\",\"target\":{\"@type\":\"EntryPoint\",\"urlTemplate\":\"https:\/\/blendtec.si\/?s={search_term_string}\"},\"query-input\":{\"@type\":\"PropertyValueSpecification\",\"valueRequired\":true,\"valueName\":\"search_term_string\"}}],\"inLanguage\":\"it-IT\"}]}<\/script>\n<!-- \/ Yoast SEO plugin. -->","yoast_head_json":{"title":"Dati sul privacy - Blendtec","robots":{"index":"index","follow":"follow","max-snippet":"max-snippet:-1","max-image-preview":"max-image-preview:large","max-video-preview":"max-video-preview:-1"},"canonical":"https:\/\/blendtec.si\/podatki-o-zasebnosti\/","og_locale":"it_IT","og_type":"article","og_title":"Dati sul privacy - Blendtec","og_url":"https:\/\/blendtec.si\/podatki-o-zasebnosti\/","og_site_name":"Blendtec","article_modified_time":"2023-06-12T19:46:20+00:00","twitter_card":"summary_large_image","twitter_misc":{"Tempo di lettura stimato":"9 minuti"},"schema":{"@context":"https:\/\/schema.org","@graph":[{"@type":"WebPage","@id":"https:\/\/blendtec.si\/podatki-o-zasebnosti\/","url":"https:\/\/blendtec.si\/podatki-o-zasebnosti\/","name":"Dati sul privacy - Blendtec","isPartOf":{"@id":"https:\/\/blendtec.si\/#website"},"datePublished":"2022-11-06T21:00:36+00:00","dateModified":"2023-06-12T19:46:20+00:00","breadcrumb":{"@id":"https:\/\/blendtec.si\/podatki-o-zasebnosti\/#breadcrumb"},"inLanguage":"it-IT","potentialAction":[{"@type":"ReadAction","target":["https:\/\/blendtec.si\/podatki-o-zasebnosti\/"]}]},{"@type":"BreadcrumbList","@id":"https:\/\/blendtec.si\/podatki-o-zasebnosti\/#breadcrumb","itemListElement":[{"@type":"ListItem","position":1,"name":"Home","item":"https:\/\/blendtec.si\/it\/"},{"@type":"ListItem","position":2,"name":"Dati sul privacy"}]},{"@type":"WebSite","@id":"https:\/\/blendtec.si\/#website","url":"https:\/\/blendtec.si\/","name":"Blendtec","description":"Made in USA","potentialAction":[{"@type":"SearchAction","target":{"@type":"EntryPoint","urlTemplate":"https:\/\/blendtec.si\/?s={search_term_string}"},"query-input":{"@type":"PropertyValueSpecification","valueRequired":true,"valueName":"search_term_string"}}],"inLanguage":"it-IT"}]}},"_links":{"self":[{"href":"https:\/\/blendtec.si\/it\/wp-json\/wp\/v2\/pages\/4083","targetHints":{"allow":["GET"]}}],"collection":[{"href":"https:\/\/blendtec.si\/it\/wp-json\/wp\/v2\/pages"}],"about":[{"href":"https:\/\/blendtec.si\/it\/wp-json\/wp\/v2\/types\/page"}],"author":[{"embeddable":true,"href":"https:\/\/blendtec.si\/it\/wp-json\/wp\/v2\/users\/1"}],"replies":[{"embeddable":true,"href":"https:\/\/blendtec.si\/it\/wp-json\/wp\/v2\/comments?post=4083"}],"version-history":[{"count":3,"href":"https:\/\/blendtec.si\/it\/wp-json\/wp\/v2\/pages\/4083\/revisions"}],"predecessor-version":[{"id":4646,"href":"https:\/\/blendtec.si\/it\/wp-json\/wp\/v2\/pages\/4083\/revisions\/4646"}],"wp:attachment":[{"href":"https:\/\/blendtec.si\/it\/wp-json\/wp\/v2\/media?parent=4083"}],"curies":[{"name":"wp","href":"https:\/\/api.w.org\/{rel}","templated":true}]}}