{"id":4082,"date":"2022-11-06T23:17:04","date_gmt":"2022-11-06T22:17:04","guid":{"rendered":"https:\/\/blendtec.si\/informativa-sui-cookie\/"},"modified":"2023-06-12T21:51:42","modified_gmt":"2023-06-12T19:51:42","slug":"informativa-sui-cookie","status":"publish","type":"page","link":"https:\/\/blendtec.si\/it\/informativa-sui-cookie\/","title":{"rendered":"Politica dei cookie"},"content":{"rendered":"<div class=\"fusion-fullwidth fullwidth-box fusion-builder-row-1 fusion-flex-container nonhundred-percent-fullwidth non-hundred-percent-height-scrolling\" style=\"--awb-border-radius-top-left:0px;--awb-border-radius-top-right:0px;--awb-border-radius-bottom-right:0px;--awb-border-radius-bottom-left:0px;--awb-flex-wrap:wrap;\" ><div class=\"fusion-builder-row fusion-row fusion-flex-align-items-flex-start fusion-flex-content-wrap\" style=\"max-width:1331.2px;margin-left: calc(-4% \/ 2 );margin-right: calc(-4% \/ 2 );\"><div class=\"fusion-layout-column fusion_builder_column fusion-builder-column-0 fusion_builder_column_1_1 1_1 fusion-flex-column\" style=\"--awb-bg-blend:overlay;--awb-bg-size:cover;--awb-width-large:100%;--awb-margin-top-large:0px;--awb-spacing-right-large:1.92%;--awb-margin-bottom-large:0px;--awb-spacing-left-large:1.92%;--awb-width-medium:100%;--awb-spacing-right-medium:1.92%;--awb-spacing-left-medium:1.92%;--awb-width-small:100%;--awb-spacing-right-small:1.92%;--awb-spacing-left-small:1.92%;\"><div class=\"fusion-column-wrapper fusion-flex-justify-content-flex-start fusion-content-layout-column\"><div class=\"fusion-text fusion-text-1\"><\/p>\n<p>Il sito web www.blendtec.si, di SC PROJEKT, Simon Cerkvenik s.p. (di seguito Blendtec), utilizza i cookie al fine di fornire una migliore esperienza utente, ottimizzare la visualizzazione di contenuti personalizzati e monitorare le statistiche di visita.<\/p>\n<div class=\"fusion-text fusion-text-1\">\n<p>Le regole sull&#8217;uso dei cookie e delle tecnologie simili per memorizzare o accedere ai dati memorizzati sul tuo computer o dispositivo mobile sono regolamentate dalla Legge sulle comunicazioni elettroniche (ZEKom-1) e dal Regolamento generale sulla protezione dei dati (GDPR) dell&#8217;Unione Europea.<\/p>\n<\/div>\n<div class=\"fusion-title title fusion-title-2 fusion-sep-none fusion-title-text fusion-title-size-two\">\n<h3 class=\"\" data-fontsize=\"22\" data-lineheight=\"27.94px\">COSA SONO I COOKIE?<\/h3>\n<\/div>\n<div class=\"fusion-text fusion-text-2\">\n<p>I cookie sono piccoli file di testo che vengono trasferiti sul tuo computer o dispositivo mobile durante la visita a un sito web. Di solito, i cookie contengono il nome del server da cui sono stati inviati, la durata di vita del cookie e un valore che di solito \u00e8 un numero unico generato casualmente. I cookie non consentono di identificarti direttamente e non \u00e8 possibile determinare la tua identit\u00e0 solo attraverso di essi.<\/p>\n<\/div>\n<div class=\"fusion-title title fusion-title-3 fusion-sep-none fusion-title-text fusion-title-size-two\">\n<h3 class=\"\" data-fontsize=\"22\" data-lineheight=\"27.94px\">Perch\u00e9 si usano i cookie?<\/h3>\n<\/div>\n<div class=\"fusion-text fusion-text-3\">\n<p>I cookie consentono al sito web di riconoscere il dispositivo dell&#8217;utente e di memorizzare alcune informazioni sulle preferenze dell&#8217;utente o sulle azioni passate. I cookie aiutano il sito web a &#8220;&#8221;ricordare&#8221;&#8221; le impostazioni o le informazioni dell&#8217;utente (ad esempio, se sei gi\u00e0 loggato al sito web; i dati inseriti in precedenza nei moduli; gli elementi inseriti nel carrello della spesa, ecc.) in modo che non sia necessario reinserirli ogni volta che si visita il sito. Ci\u00f2 semplifica le diverse attivit\u00e0 per l&#8217;utente, rendendo l&#8217;utilizzo del sito web pi\u00f9 semplice, veloce ed efficiente.<\/p>\n<\/div>\n<div class=\"fusion-title title fusion-title-4 fusion-sep-none fusion-title-text fusion-title-size-two\">\n<h3 class=\"\" data-fontsize=\"22\" data-lineheight=\"27.94px\">NOTIFICAZIONE, ACCETTAZIONE E REGOLAZIONI DEI COOKIE<\/h3>\n<\/div>\n<div class=\"fusion-text fusion-text-4\">\n<p>Il gestore del sito web \u00e8 tenuto a informare gli utenti sull&#8217;uso dei cookie durante la prima visita al sito web, ad ottenere il consenso per la loro installazione e a consentire all&#8217;utente di modificare le impostazioni dei cookie in qualsiasi momento.<br \/>Cliccando sul pulsante &#8220;&#8221;Consenti tutto e chiudi&#8221;&#8221; o sul link &#8220;&#8221;Salva impostazioni e chiudi&#8221;&#8221; nell&#8217;avviso sui cookie, acconsenti all&#8217;utilizzo di tutti i tipi di cookie per le finalit\u00e0 indicate nell&#8217;avviso. Se continui a navigare sul sito senza prestare tale consenso, verranno installati solo i cookie strettamente necessari per il corretto funzionamento del sito web.<br \/><u><i>QUI<\/i> <\/u>. potete in qualunque momento cambiare le accettazioni per diversi tipi dei cookie<\/p>\n<\/div>\n<div class=\"fusion-title title fusion-title-5 fusion-sep-none fusion-title-text fusion-title-size-two\">\n<h3 class=\"\" data-fontsize=\"22\" data-lineheight=\"27.94px\">IL REGOLAMENTO DEI COOKIE SUL BROWSER<\/h3>\n<\/div>\n<div class=\"fusion-title title fusion-title-6 fusion-sep-none fusion-title-text fusion-title-size-two\">\n<h3 class=\"\" data-fontsize=\"22\" data-lineheight=\"27.94px\">I COOKIE NECESSARI<\/h3>\n<\/div>\n<div class=\"fusion-text fusion-text-5\">\n<p>Essi rimangono sempre abilitati poich\u00e9 sono necessari per il funzionamento di base (la &#8220;&#8221;funzionalit\u00e0&#8221;&#8221;) del sito web e il sito non funzionerebbe correttamente senza di essi. Possono essere disabilitati solo modificando le impostazioni del browser. Questi includono i cookie utilizzati per memorizzare il contenuto della pagina durante la navigazione o tra una visita e l&#8217;altra al sito web. Grazie a essi, funzionano correttamente funzioni come il &#8220;&#8221;carrello della spesa&#8221;&#8221; e la procedura di pagamento (&#8220;&#8221;check-out&#8221;&#8221;).<\/p>\n<\/div>\n<div class=\"fusion-title title fusion-title-7 fusion-sep-none fusion-title-text fusion-title-size-two\">\n<h3 class=\"\" data-fontsize=\"22\" data-lineheight=\"27.94px\">I COOKIE ANALITICI<\/h3>\n<\/div>\n<div class=\"fusion-text fusion-text-6\">\n<p>Questi cookie ci consentono di migliorare le funzionalit\u00e0 e l&#8217;esperienza utente del sito web monitorando le attivit\u00e0 degli utenti (ad esempio, migliorando la velocit\u00e0 di caricamento e il funzionamento del sito web). Questi cookie non raccolgono informazioni che potrebbero identificare gli utenti, ma le informazioni vengono raccolte in modo anonimo.<\/p>\n<\/div>\n<div class=\"fusion-title title fusion-title-8 fusion-sep-none fusion-title-text fusion-title-size-two\">\n<h3 class=\"\" data-fontsize=\"22\" data-lineheight=\"27.94px\">I COOKIE PROMOZIONALI<\/h3>\n<\/div>\n<div class=\"fusion-text fusion-text-7\">\n<p>I cookie dei social media e della pubblicit\u00e0 consentono di connettersi ai tuoi social media e condividere contenuti dal nostro sito web tramite i social media. I cookie pubblicitari (di terze parti) raccolgono informazioni che consentono di personalizzare la pubblicit\u00e0 in base ai tuoi interessi, sia sul nostro sito che su altri siti web. In alcuni casi, ci\u00f2 pu\u00f2 richiedere il trattamento dei tuoi dati personali. Maggiori informazioni sul trattamento dei tuoi dati personali sono disponibili nella nostra informativa sulla privacy. Disabilitando questi cookie, interromperai la condivisione con Facebook, Twitter o altri social media e la possibilit\u00e0 di scambiare contenuti sui social media.<\/p>\n<\/div>\n<div class=\"fusion-text fusion-text-8\">\n<p>Potete cambiare il regolamento dei cookie, facendo un click\u00a0<u><i>QUI<\/i> <\/u>.<\/p>\n<\/div>\n<div class=\"fusion-title title fusion-title-9 fusion-sep-none fusion-title-text fusion-title-size-two\">\n<h3 class=\"\" data-fontsize=\"22\" data-lineheight=\"27.94px\">REGOLAMENTO DEI COOKIE NEL TUO BROWSER<\/h3>\n<\/div>\n<div class=\"fusion-text fusion-text-9\">\n<p>\u00c8 possibile controllare l&#8217;installazione dei cookie sul proprio dispositivo anche attraverso le impostazioni del proprio browser. In caso di modifiche alle condizioni dei cookie, cancelleremo tutti i cookie precedenti sotto la nostra gestione e li installeremo in conformit\u00e0 con le nuove condizioni pubblicate. I cookie che sono stati installati sul nostro sito web e sono gestiti da terze parti (ad esempio, AddThis, Google, ecc.) non possono essere cancellati da noi, ma \u00e8 possibile farlo autonomamente attraverso le impostazioni del proprio browser.<\/p>\n<\/div>\n<p>&nbsp;<\/p><\/p>\n<\/div><\/div><\/div><\/div><\/div>","protected":false},"excerpt":{"rendered":"","protected":false},"author":1,"featured_media":0,"parent":0,"menu_order":0,"comment_status":"closed","ping_status":"closed","template":"","meta":{"footnotes":""},"class_list":["post-4082","page","type-page","status-publish","hentry"],"yoast_head":"<!-- This site is optimized with the Yoast SEO plugin v26.7 - https:\/\/yoast.com\/wordpress\/plugins\/seo\/ -->\n<title>Politica dei cookie - Blendtec<\/title>\n<meta name=\"robots\" content=\"index, follow, max-snippet:-1, max-image-preview:large, max-video-preview:-1\" \/>\n<link rel=\"canonical\" href=\"https:\/\/blendtec.si\/politika-piskotkov\/\" \/>\n<meta property=\"og:locale\" content=\"it_IT\" \/>\n<meta property=\"og:type\" content=\"article\" \/>\n<meta property=\"og:title\" content=\"Politica dei cookie - Blendtec\" \/>\n<meta property=\"og:url\" content=\"https:\/\/blendtec.si\/politika-piskotkov\/\" \/>\n<meta property=\"og:site_name\" content=\"Blendtec\" \/>\n<meta property=\"article:modified_time\" content=\"2023-06-12T19:51:42+00:00\" \/>\n<meta name=\"twitter:card\" content=\"summary_large_image\" \/>\n<meta name=\"twitter:label1\" content=\"Tempo di lettura stimato\" \/>\n\t<meta name=\"twitter:data1\" content=\"4 minuti\" \/>\n<script type=\"application\/ld+json\" class=\"yoast-schema-graph\">{\"@context\":\"https:\/\/schema.org\",\"@graph\":[{\"@type\":\"WebPage\",\"@id\":\"https:\/\/blendtec.si\/politika-piskotkov\/\",\"url\":\"https:\/\/blendtec.si\/politika-piskotkov\/\",\"name\":\"Politica dei cookie - Blendtec\",\"isPartOf\":{\"@id\":\"https:\/\/blendtec.si\/#website\"},\"datePublished\":\"2022-11-06T22:17:04+00:00\",\"dateModified\":\"2023-06-12T19:51:42+00:00\",\"breadcrumb\":{\"@id\":\"https:\/\/blendtec.si\/politika-piskotkov\/#breadcrumb\"},\"inLanguage\":\"it-IT\",\"potentialAction\":[{\"@type\":\"ReadAction\",\"target\":[\"https:\/\/blendtec.si\/politika-piskotkov\/\"]}]},{\"@type\":\"BreadcrumbList\",\"@id\":\"https:\/\/blendtec.si\/politika-piskotkov\/#breadcrumb\",\"itemListElement\":[{\"@type\":\"ListItem\",\"position\":1,\"name\":\"Home\",\"item\":\"https:\/\/blendtec.si\/it\/\"},{\"@type\":\"ListItem\",\"position\":2,\"name\":\"Politica dei cookie\"}]},{\"@type\":\"WebSite\",\"@id\":\"https:\/\/blendtec.si\/#website\",\"url\":\"https:\/\/blendtec.si\/\",\"name\":\"Blendtec\",\"description\":\"Made in USA\",\"potentialAction\":[{\"@type\":\"SearchAction\",\"target\":{\"@type\":\"EntryPoint\",\"urlTemplate\":\"https:\/\/blendtec.si\/?s={search_term_string}\"},\"query-input\":{\"@type\":\"PropertyValueSpecification\",\"valueRequired\":true,\"valueName\":\"search_term_string\"}}],\"inLanguage\":\"it-IT\"}]}<\/script>\n<!-- \/ Yoast SEO plugin. -->","yoast_head_json":{"title":"Politica dei cookie - Blendtec","robots":{"index":"index","follow":"follow","max-snippet":"max-snippet:-1","max-image-preview":"max-image-preview:large","max-video-preview":"max-video-preview:-1"},"canonical":"https:\/\/blendtec.si\/politika-piskotkov\/","og_locale":"it_IT","og_type":"article","og_title":"Politica dei cookie - Blendtec","og_url":"https:\/\/blendtec.si\/politika-piskotkov\/","og_site_name":"Blendtec","article_modified_time":"2023-06-12T19:51:42+00:00","twitter_card":"summary_large_image","twitter_misc":{"Tempo di lettura stimato":"4 minuti"},"schema":{"@context":"https:\/\/schema.org","@graph":[{"@type":"WebPage","@id":"https:\/\/blendtec.si\/politika-piskotkov\/","url":"https:\/\/blendtec.si\/politika-piskotkov\/","name":"Politica dei cookie - Blendtec","isPartOf":{"@id":"https:\/\/blendtec.si\/#website"},"datePublished":"2022-11-06T22:17:04+00:00","dateModified":"2023-06-12T19:51:42+00:00","breadcrumb":{"@id":"https:\/\/blendtec.si\/politika-piskotkov\/#breadcrumb"},"inLanguage":"it-IT","potentialAction":[{"@type":"ReadAction","target":["https:\/\/blendtec.si\/politika-piskotkov\/"]}]},{"@type":"BreadcrumbList","@id":"https:\/\/blendtec.si\/politika-piskotkov\/#breadcrumb","itemListElement":[{"@type":"ListItem","position":1,"name":"Home","item":"https:\/\/blendtec.si\/it\/"},{"@type":"ListItem","position":2,"name":"Politica dei cookie"}]},{"@type":"WebSite","@id":"https:\/\/blendtec.si\/#website","url":"https:\/\/blendtec.si\/","name":"Blendtec","description":"Made in USA","potentialAction":[{"@type":"SearchAction","target":{"@type":"EntryPoint","urlTemplate":"https:\/\/blendtec.si\/?s={search_term_string}"},"query-input":{"@type":"PropertyValueSpecification","valueRequired":true,"valueName":"search_term_string"}}],"inLanguage":"it-IT"}]}},"_links":{"self":[{"href":"https:\/\/blendtec.si\/it\/wp-json\/wp\/v2\/pages\/4082","targetHints":{"allow":["GET"]}}],"collection":[{"href":"https:\/\/blendtec.si\/it\/wp-json\/wp\/v2\/pages"}],"about":[{"href":"https:\/\/blendtec.si\/it\/wp-json\/wp\/v2\/types\/page"}],"author":[{"embeddable":true,"href":"https:\/\/blendtec.si\/it\/wp-json\/wp\/v2\/users\/1"}],"replies":[{"embeddable":true,"href":"https:\/\/blendtec.si\/it\/wp-json\/wp\/v2\/comments?post=4082"}],"version-history":[{"count":3,"href":"https:\/\/blendtec.si\/it\/wp-json\/wp\/v2\/pages\/4082\/revisions"}],"predecessor-version":[{"id":4648,"href":"https:\/\/blendtec.si\/it\/wp-json\/wp\/v2\/pages\/4082\/revisions\/4648"}],"wp:attachment":[{"href":"https:\/\/blendtec.si\/it\/wp-json\/wp\/v2\/media?parent=4082"}],"curies":[{"name":"wp","href":"https:\/\/api.w.org\/{rel}","templated":true}]}}