{"id":4073,"date":"2022-11-27T21:36:04","date_gmt":"2022-11-27T20:36:04","guid":{"rendered":"https:\/\/blendtec.si\/si-mescolera\/"},"modified":"2023-02-27T19:21:29","modified_gmt":"2023-02-27T18:21:29","slug":"will-it-blend","status":"publish","type":"page","link":"https:\/\/blendtec.si\/it\/will-it-blend\/","title":{"rendered":"Will it Blend?"},"content":{"rendered":"<div class=\"fusion-fullwidth fullwidth-box fusion-builder-row-1 fusion-flex-container has-pattern-background has-mask-background nonhundred-percent-fullwidth non-hundred-percent-height-scrolling\" style=\"--awb-border-radius-top-left:0px;--awb-border-radius-top-right:0px;--awb-border-radius-bottom-right:0px;--awb-border-radius-bottom-left:0px;--awb-padding-top:0%;--awb-flex-wrap:wrap;\" ><div class=\"fusion-builder-row fusion-row fusion-flex-align-items-flex-start fusion-flex-content-wrap\" style=\"max-width:1331.2px;margin-left: calc(-4% \/ 2 );margin-right: calc(-4% \/ 2 );\"><div class=\"fusion-layout-column fusion_builder_column fusion-builder-column-0 fusion_builder_column_1_1 1_1 fusion-flex-column\" style=\"--awb-bg-size:cover;--awb-width-large:100%;--awb-margin-top-large:0px;--awb-spacing-right-large:1.92%;--awb-margin-bottom-large:20px;--awb-spacing-left-large:1.92%;--awb-width-medium:50%;--awb-order-medium:0;--awb-spacing-right-medium:3.84%;--awb-spacing-left-medium:3.84%;--awb-width-small:100%;--awb-order-small:0;--awb-spacing-right-small:1.92%;--awb-spacing-left-small:1.92%;\"><div class=\"fusion-column-wrapper fusion-column-has-shadow fusion-flex-justify-content-flex-start fusion-content-layout-column\"><div class=\"fusion-text fusion-text-1\"><p>Molto prima che YouTube prendesse d&#8217;assalto &#8220;Will it Blend&#8221; nel 2006, l&#8217;inventore Tom Dickson trasformava il legno in segatura per testare la resistenza dei suoi frullatori Blendtec e migliorava costantemente i suoi progetti.<\/p>\n<p>Dopo tutti questi anni, Tom continua a mixare tutto ci\u00f2 che gli capita a tiro.<\/p>\n<\/div><div class=\"fusion-image-element md-text-align-center fusion-no-small-visibility fusion-no-large-visibility\" style=\"--awb-caption-title-font-family:var(--h2_typography-font-family);--awb-caption-title-font-weight:var(--h2_typography-font-weight);--awb-caption-title-font-style:var(--h2_typography-font-style);--awb-caption-title-size:var(--h2_typography-font-size);--awb-caption-title-transform:var(--h2_typography-text-transform);--awb-caption-title-line-height:var(--h2_typography-line-height);--awb-caption-title-letter-spacing:var(--h2_typography-letter-spacing);\"><span class=\" fusion-imageframe imageframe-none imageframe-1 hover-type-none\"><img decoding=\"async\" width=\"300\" height=\"225\" title=\"willitblend_black1\" src=\"https:\/\/blendtec.si\/wp-content\/uploads\/2022\/12\/willitblend_black1.jpg\" data-orig-src=\"https:\/\/blendtec.si\/wp-content\/uploads\/2022\/12\/willitblend_black1.jpg\" alt class=\"lazyload img-responsive wp-image-4041\" srcset=\"data:image\/svg+xml,%3Csvg%20xmlns%3D%27http%3A%2F%2Fwww.w3.org%2F2000%2Fsvg%27%20width%3D%27300%27%20height%3D%27225%27%20viewBox%3D%270%200%20300%20225%27%3E%3Crect%20width%3D%27300%27%20height%3D%27225%27%20fill-opacity%3D%220%22%2F%3E%3C%2Fsvg%3E\" data-srcset=\"https:\/\/blendtec.si\/wp-content\/uploads\/2022\/12\/willitblend_black1-200x150.jpg 200w, https:\/\/blendtec.si\/wp-content\/uploads\/2022\/12\/willitblend_black1.jpg 300w\" data-sizes=\"auto\" data-orig-sizes=\"(max-width: 1024px) 100vw, (max-width: 640px) 100vw, 300px\" \/><\/span><\/div><\/div><\/div><div class=\"fusion-layout-column fusion_builder_column fusion-builder-column-1 fusion_builder_column_2_5 2_5 fusion-flex-column\" style=\"--awb-bg-size:cover;--awb-width-large:40%;--awb-margin-top-large:20px;--awb-spacing-right-large:4.8%;--awb-margin-bottom-large:20px;--awb-spacing-left-large:4.8%;--awb-width-medium:50%;--awb-order-medium:0;--awb-margin-top-medium:0px;--awb-spacing-right-medium:3.84%;--awb-spacing-left-medium:3.84%;--awb-width-small:100%;--awb-order-small:0;--awb-spacing-right-small:1.92%;--awb-spacing-left-small:1.92%;\"><div class=\"fusion-column-wrapper fusion-column-has-shadow fusion-flex-justify-content-flex-start fusion-content-layout-column\"><div class=\"fusion-image-element sm-text-align-center\" style=\"--awb-caption-title-font-family:var(--h2_typography-font-family);--awb-caption-title-font-weight:var(--h2_typography-font-weight);--awb-caption-title-font-style:var(--h2_typography-font-style);--awb-caption-title-size:var(--h2_typography-font-size);--awb-caption-title-transform:var(--h2_typography-text-transform);--awb-caption-title-line-height:var(--h2_typography-line-height);--awb-caption-title-letter-spacing:var(--h2_typography-letter-spacing);\"><span class=\" fusion-imageframe imageframe-none imageframe-2 hover-type-none\"><img decoding=\"async\" width=\"442\" height=\"560\" title=\"willitblend\" src=\"https:\/\/blendtec.si\/wp-content\/uploads\/2022\/10\/willitblend.jpg\" data-orig-src=\"https:\/\/blendtec.si\/wp-content\/uploads\/2022\/10\/willitblend.jpg\" alt class=\"lazyload img-responsive wp-image-3816\" srcset=\"data:image\/svg+xml,%3Csvg%20xmlns%3D%27http%3A%2F%2Fwww.w3.org%2F2000%2Fsvg%27%20width%3D%27442%27%20height%3D%27560%27%20viewBox%3D%270%200%20442%20560%27%3E%3Crect%20width%3D%27442%27%20height%3D%27560%27%20fill-opacity%3D%220%22%2F%3E%3C%2Fsvg%3E\" data-srcset=\"https:\/\/blendtec.si\/wp-content\/uploads\/2022\/10\/willitblend-200x253.jpg 200w, https:\/\/blendtec.si\/wp-content\/uploads\/2022\/10\/willitblend-400x507.jpg 400w, https:\/\/blendtec.si\/wp-content\/uploads\/2022\/10\/willitblend.jpg 442w\" data-sizes=\"auto\" data-orig-sizes=\"(max-width: 1024px) 100vw, (max-width: 640px) 100vw, 442px\" \/><\/span><\/div><\/div><\/div><div class=\"fusion-layout-column fusion_builder_column fusion-builder-column-2 fusion_builder_column_3_5 3_5 fusion-flex-column\" style=\"--awb-bg-size:cover;--awb-width-large:60%;--awb-margin-top-large:20px;--awb-spacing-right-large:3.2%;--awb-margin-bottom-large:20px;--awb-spacing-left-large:3.2%;--awb-width-medium:100%;--awb-order-medium:0;--awb-spacing-right-medium:1.92%;--awb-spacing-left-medium:1.92%;--awb-width-small:100%;--awb-order-small:0;--awb-spacing-right-small:1.92%;--awb-spacing-left-small:1.92%;\"><div class=\"fusion-column-wrapper fusion-column-has-shadow fusion-flex-justify-content-flex-start fusion-content-layout-column\"><div class=\"fusion-text fusion-text-2\"><p><span style=\"background-color: rgba(255, 255, 255, 0); color: var(--body_typography-color); font-family: var(--body_typography-font-family); font-size: var(--body_typography-font-size); font-style: var(--body_typography-font-style,normal); font-weight: var(--body_typography-font-weight); letter-spacing: var(--body_typography-letter-spacing);\">Tutto \u00e8 iniziato con l&#8217;inventore Tom Dickson, che ha infilato blocchi di legno, scope e altri oggetti nei frullatori per testare e migliorare la qualit\u00e0 dei componenti. Il Marketing Manager appena nominato lo ha visto per caso ed \u00e8 rimasto cos\u00ec impressionato che ha voluto condividere i test con i suoi clienti su YouTube. Tom gli ha dato un budget di 50 dollari per mostrare cosa possono fare i frullatori Blendtec. La risposta ai primi video con una scopa di legno, mezzo pollo (ossa comprese), biglie e alcune palline da golf \u00e8 stata fenomenale. Blendtec \u00e8 diventato un fenomeno notturno su YouTube con oltre 6 milioni di visualizzazioni in soli 5 giorni. Ci sono state migliaia di richieste su cosa provare per vedere cos&#8217;altro i frullatori Blendtec possono triturare. Dopo decine di migliaia di richieste, Tom \u00e8 riuscito a mettere le mani sull&#8217;iPhone di Apple. Mescolare un apparecchio metallico in un frullatore domestico era impensabile per tutti. Milioni di utenti sono rimasti stupiti da come Blendtec ha trasformato l&#8217;iPhone in polvere. All&#8217;epoca, i fan di YouTube discutevano su quanto dovesse essere grande la ciotola di miscelazione dell&#8217;iPad; Tom propose una soluzione diversa e dimostr\u00f2 rapidamente l&#8217;estrema resistenza dell&#8217;alloggiamento del blocco motore; il video dell&#8217;iPad divenne rapidamente il video pi\u00f9 famoso di Blendtec.<\/span><\/p>\n<p>Guardate alcuni video qui sotto!<\/p>\n<p>Ecco il link al canale YouTube di Blendtec: <a href=\"https:\/\/www.youtube.com\/Blendtec\">https:\/\/www.youtube.com\/Blendtec<\/a><\/p>\n<\/div><\/div><\/div><\/div><\/div>\n","protected":false},"excerpt":{"rendered":"","protected":false},"author":1,"featured_media":0,"parent":0,"menu_order":0,"comment_status":"closed","ping_status":"closed","template":"100-width.php","meta":{"footnotes":""},"class_list":["post-4073","page","type-page","status-publish","hentry"],"yoast_head":"<!-- This site is optimized with the Yoast SEO plugin v26.7 - https:\/\/yoast.com\/wordpress\/plugins\/seo\/ -->\n<title>Will it Blend? - Blendtec<\/title>\n<meta name=\"robots\" content=\"index, follow, max-snippet:-1, max-image-preview:large, max-video-preview:-1\" \/>\n<link rel=\"canonical\" href=\"https:\/\/blendtec.si\/will-it-blend\/\" \/>\n<meta property=\"og:locale\" content=\"it_IT\" \/>\n<meta property=\"og:type\" content=\"article\" \/>\n<meta property=\"og:title\" content=\"Will it Blend? - Blendtec\" \/>\n<meta property=\"og:url\" content=\"https:\/\/blendtec.si\/will-it-blend\/\" \/>\n<meta property=\"og:site_name\" content=\"Blendtec\" \/>\n<meta property=\"article:modified_time\" content=\"2023-02-27T18:21:29+00:00\" \/>\n<meta name=\"twitter:card\" content=\"summary_large_image\" \/>\n<meta name=\"twitter:label1\" content=\"Tempo di lettura stimato\" \/>\n\t<meta name=\"twitter:data1\" content=\"9 minuti\" \/>\n<script type=\"application\/ld+json\" class=\"yoast-schema-graph\">{\"@context\":\"https:\/\/schema.org\",\"@graph\":[{\"@type\":\"WebPage\",\"@id\":\"https:\/\/blendtec.si\/will-it-blend\/\",\"url\":\"https:\/\/blendtec.si\/will-it-blend\/\",\"name\":\"Will it Blend? - Blendtec\",\"isPartOf\":{\"@id\":\"https:\/\/blendtec.si\/#website\"},\"datePublished\":\"2022-11-27T20:36:04+00:00\",\"dateModified\":\"2023-02-27T18:21:29+00:00\",\"breadcrumb\":{\"@id\":\"https:\/\/blendtec.si\/will-it-blend\/#breadcrumb\"},\"inLanguage\":\"it-IT\",\"potentialAction\":[{\"@type\":\"ReadAction\",\"target\":[\"https:\/\/blendtec.si\/will-it-blend\/\"]}]},{\"@type\":\"BreadcrumbList\",\"@id\":\"https:\/\/blendtec.si\/will-it-blend\/#breadcrumb\",\"itemListElement\":[{\"@type\":\"ListItem\",\"position\":1,\"name\":\"Home\",\"item\":\"https:\/\/blendtec.si\/it\/\"},{\"@type\":\"ListItem\",\"position\":2,\"name\":\"Will it Blend?\"}]},{\"@type\":\"WebSite\",\"@id\":\"https:\/\/blendtec.si\/#website\",\"url\":\"https:\/\/blendtec.si\/\",\"name\":\"Blendtec\",\"description\":\"Made in USA\",\"potentialAction\":[{\"@type\":\"SearchAction\",\"target\":{\"@type\":\"EntryPoint\",\"urlTemplate\":\"https:\/\/blendtec.si\/?s={search_term_string}\"},\"query-input\":{\"@type\":\"PropertyValueSpecification\",\"valueRequired\":true,\"valueName\":\"search_term_string\"}}],\"inLanguage\":\"it-IT\"}]}<\/script>\n<!-- \/ Yoast SEO plugin. -->","yoast_head_json":{"title":"Will it Blend? - Blendtec","robots":{"index":"index","follow":"follow","max-snippet":"max-snippet:-1","max-image-preview":"max-image-preview:large","max-video-preview":"max-video-preview:-1"},"canonical":"https:\/\/blendtec.si\/will-it-blend\/","og_locale":"it_IT","og_type":"article","og_title":"Will it Blend? - Blendtec","og_url":"https:\/\/blendtec.si\/will-it-blend\/","og_site_name":"Blendtec","article_modified_time":"2023-02-27T18:21:29+00:00","twitter_card":"summary_large_image","twitter_misc":{"Tempo di lettura stimato":"9 minuti"},"schema":{"@context":"https:\/\/schema.org","@graph":[{"@type":"WebPage","@id":"https:\/\/blendtec.si\/will-it-blend\/","url":"https:\/\/blendtec.si\/will-it-blend\/","name":"Will it Blend? - Blendtec","isPartOf":{"@id":"https:\/\/blendtec.si\/#website"},"datePublished":"2022-11-27T20:36:04+00:00","dateModified":"2023-02-27T18:21:29+00:00","breadcrumb":{"@id":"https:\/\/blendtec.si\/will-it-blend\/#breadcrumb"},"inLanguage":"it-IT","potentialAction":[{"@type":"ReadAction","target":["https:\/\/blendtec.si\/will-it-blend\/"]}]},{"@type":"BreadcrumbList","@id":"https:\/\/blendtec.si\/will-it-blend\/#breadcrumb","itemListElement":[{"@type":"ListItem","position":1,"name":"Home","item":"https:\/\/blendtec.si\/it\/"},{"@type":"ListItem","position":2,"name":"Will it Blend?"}]},{"@type":"WebSite","@id":"https:\/\/blendtec.si\/#website","url":"https:\/\/blendtec.si\/","name":"Blendtec","description":"Made in USA","potentialAction":[{"@type":"SearchAction","target":{"@type":"EntryPoint","urlTemplate":"https:\/\/blendtec.si\/?s={search_term_string}"},"query-input":{"@type":"PropertyValueSpecification","valueRequired":true,"valueName":"search_term_string"}}],"inLanguage":"it-IT"}]}},"_links":{"self":[{"href":"https:\/\/blendtec.si\/it\/wp-json\/wp\/v2\/pages\/4073","targetHints":{"allow":["GET"]}}],"collection":[{"href":"https:\/\/blendtec.si\/it\/wp-json\/wp\/v2\/pages"}],"about":[{"href":"https:\/\/blendtec.si\/it\/wp-json\/wp\/v2\/types\/page"}],"author":[{"embeddable":true,"href":"https:\/\/blendtec.si\/it\/wp-json\/wp\/v2\/users\/1"}],"replies":[{"embeddable":true,"href":"https:\/\/blendtec.si\/it\/wp-json\/wp\/v2\/comments?post=4073"}],"version-history":[{"count":4,"href":"https:\/\/blendtec.si\/it\/wp-json\/wp\/v2\/pages\/4073\/revisions"}],"predecessor-version":[{"id":4393,"href":"https:\/\/blendtec.si\/it\/wp-json\/wp\/v2\/pages\/4073\/revisions\/4393"}],"wp:attachment":[{"href":"https:\/\/blendtec.si\/it\/wp-json\/wp\/v2\/media?parent=4073"}],"curies":[{"name":"wp","href":"https:\/\/api.w.org\/{rel}","templated":true}]}}